{"id":80409,"date":"2024-09-09T11:28:31","date_gmt":"2024-09-09T18:28:31","guid":{"rendered":"https:\/\/tadin.com\/product\/chamomile-citrus\/"},"modified":"2025-10-07T11:24:52","modified_gmt":"2025-10-07T18:24:52","slug":"chamomile-citrus","status":"publish","type":"product","link":"https:\/\/tadin.com\/es\/producto\/chamomile-citrus\/","title":{"rendered":"T\u00e9 de Manzanilla con Naranja y Lim\u00f3n"},"content":{"rendered":"","protected":false},"excerpt":{"rendered":"<p>La manzanilla, una hierba muy querida que se ha transmitido de generaci\u00f3n en generaci\u00f3n, combinada con sutiles toques arom\u00e1ticos de t\u00e9 lim\u00f3n y cortezas de lim\u00f3n y naranja, te transportar\u00e1n a un momento de paz y calidez. Sum\u00e9rgete en T\u00e9 de Manzanilla con Naranja y Lim\u00f3n Tadin\u00ae , un t\u00e9 que rejuvenecer\u00e1 tu esp\u00edritu y alma.<\/p>\n","protected":false},"featured_media":80404,"comment_status":"open","ping_status":"closed","template":"","meta":{"_acf_changed":false,"inline_featured_image":false},"product_brand":[],"product_cat":[312,317],"product_tag":[],"class_list":{"0":"post-80409","1":"product","2":"type-product","3":"status-publish","4":"has-post-thumbnail","6":"product_cat-te","7":"product_cat-te-tradicional","8":"pa_caffeine-content-sin-cafeina","9":"pa_tea-type-te-de-hierbas","10":"pa_tea-type-preparalo-caliente-disfrutalo-frio","11":"description-off","13":"first","14":"instock","15":"taxable","16":"shipping-taxable","17":"purchasable","18":"product-type-simple"},"acf":[],"yoast_head":"<!-- This site is optimized with the Yoast SEO plugin v27.4 - https:\/\/yoast.com\/product\/yoast-seo-wordpress\/ -->\n<title>T\u00e9 de Manzanilla con Naranja y Lim\u00f3n &#8211; Tadin Herb &amp; Tea Co.<\/title>\n<meta name=\"robots\" content=\"index, follow, max-snippet:-1, max-image-preview:large, max-video-preview:-1\" \/>\n<link rel=\"canonical\" href=\"https:\/\/tadin.com\/es\/producto\/chamomile-citrus\/\" \/>\n<meta property=\"og:locale\" content=\"es_ES\" \/>\n<meta property=\"og:type\" content=\"article\" \/>\n<meta property=\"og:title\" content=\"T\u00e9 de Manzanilla con Naranja y Lim\u00f3n &#8211; Tadin Herb &amp; Tea Co.\" \/>\n<meta property=\"og:description\" content=\"La manzanilla, una hierba muy querida que se ha transmitido de generaci\u00f3n en generaci\u00f3n, combinada con sutiles toques arom\u00e1ticos de t\u00e9 lim\u00f3n y cortezas de lim\u00f3n y naranja, te transportar\u00e1n a un momento de paz y calidez. Sum\u00e9rgete en T\u00e9 de Manzanilla con Naranja y Lim\u00f3n Tadin\u00ae , un t\u00e9 que rejuvenecer\u00e1 tu esp\u00edritu y alma.\" \/>\n<meta property=\"og:url\" content=\"https:\/\/tadin.com\/es\/producto\/chamomile-citrus\/\" \/>\n<meta property=\"og:site_name\" content=\"Tadin Herb &amp; Tea Co.\" \/>\n<meta property=\"article:modified_time\" content=\"2025-10-07T18:24:52+00:00\" \/>\n<meta property=\"og:image\" content=\"https:\/\/tadin.com\/wp-content\/uploads\/2024\/09\/TB176-CHAMOMILE-CITRUS-3D-BOX.jpg\" \/>\n\t<meta property=\"og:image:width\" content=\"2550\" \/>\n\t<meta property=\"og:image:height\" content=\"1725\" \/>\n\t<meta property=\"og:image:type\" content=\"image\/jpeg\" \/>\n<meta name=\"twitter:card\" content=\"summary_large_image\" \/>\n<meta name=\"twitter:label1\" content=\"Tiempo de lectura\" \/>\n\t<meta name=\"twitter:data1\" content=\"1 minuto\" \/>\n<script type=\"application\/ld+json\" class=\"yoast-schema-graph\">{\"@context\":\"https:\\\/\\\/schema.org\",\"@graph\":[{\"@type\":\"WebPage\",\"@id\":\"https:\\\/\\\/tadin.com\\\/es\\\/producto\\\/chamomile-citrus\\\/\",\"url\":\"https:\\\/\\\/tadin.com\\\/es\\\/producto\\\/chamomile-citrus\\\/\",\"name\":\"T\u00e9 de Manzanilla con Naranja y Lim\u00f3n &#8211; Tadin Herb &amp; Tea Co.\",\"isPartOf\":{\"@id\":\"https:\\\/\\\/tadin.com\\\/es\\\/#website\"},\"primaryImageOfPage\":{\"@id\":\"https:\\\/\\\/tadin.com\\\/es\\\/producto\\\/chamomile-citrus\\\/#primaryimage\"},\"image\":{\"@id\":\"https:\\\/\\\/tadin.com\\\/es\\\/producto\\\/chamomile-citrus\\\/#primaryimage\"},\"thumbnailUrl\":\"https:\\\/\\\/tadin.com\\\/wp-content\\\/uploads\\\/2024\\\/09\\\/TB176-CHAMOMILE-CITRUS-3D-BOX.jpg\",\"datePublished\":\"2024-09-09T18:28:31+00:00\",\"dateModified\":\"2025-10-07T18:24:52+00:00\",\"breadcrumb\":{\"@id\":\"https:\\\/\\\/tadin.com\\\/es\\\/producto\\\/chamomile-citrus\\\/#breadcrumb\"},\"inLanguage\":\"es\",\"potentialAction\":[{\"@type\":\"ReadAction\",\"target\":[\"https:\\\/\\\/tadin.com\\\/es\\\/producto\\\/chamomile-citrus\\\/\"]}]},{\"@type\":\"ImageObject\",\"inLanguage\":\"es\",\"@id\":\"https:\\\/\\\/tadin.com\\\/es\\\/producto\\\/chamomile-citrus\\\/#primaryimage\",\"url\":\"https:\\\/\\\/tadin.com\\\/wp-content\\\/uploads\\\/2024\\\/09\\\/TB176-CHAMOMILE-CITRUS-3D-BOX.jpg\",\"contentUrl\":\"https:\\\/\\\/tadin.com\\\/wp-content\\\/uploads\\\/2024\\\/09\\\/TB176-CHAMOMILE-CITRUS-3D-BOX.jpg\",\"width\":2550,\"height\":1725},{\"@type\":\"BreadcrumbList\",\"@id\":\"https:\\\/\\\/tadin.com\\\/es\\\/producto\\\/chamomile-citrus\\\/#breadcrumb\",\"itemListElement\":[{\"@type\":\"ListItem\",\"position\":1,\"name\":\"Home\",\"item\":\"https:\\\/\\\/tadin.com\\\/es\\\/\"},{\"@type\":\"ListItem\",\"position\":2,\"name\":\"Shop\",\"item\":\"https:\\\/\\\/tadin.com\\\/es\\\/shop\\\/\"},{\"@type\":\"ListItem\",\"position\":3,\"name\":\"T\u00e9 de Manzanilla con Naranja y Lim\u00f3n\"}]},{\"@type\":\"WebSite\",\"@id\":\"https:\\\/\\\/tadin.com\\\/es\\\/#website\",\"url\":\"https:\\\/\\\/tadin.com\\\/es\\\/\",\"name\":\"Tadin Herb &amp; Tea Co.\",\"description\":\"\",\"publisher\":{\"@id\":\"https:\\\/\\\/tadin.com\\\/es\\\/#organization\"},\"potentialAction\":[{\"@type\":\"SearchAction\",\"target\":{\"@type\":\"EntryPoint\",\"urlTemplate\":\"https:\\\/\\\/tadin.com\\\/es\\\/?s={search_term_string}\"},\"query-input\":{\"@type\":\"PropertyValueSpecification\",\"valueRequired\":true,\"valueName\":\"search_term_string\"}}],\"inLanguage\":\"es\"},{\"@type\":\"Organization\",\"@id\":\"https:\\\/\\\/tadin.com\\\/es\\\/#organization\",\"name\":\"Tadin Herb & Tea Co.\",\"url\":\"https:\\\/\\\/tadin.com\\\/es\\\/\",\"logo\":{\"@type\":\"ImageObject\",\"inLanguage\":\"es\",\"@id\":\"https:\\\/\\\/tadin.com\\\/es\\\/#\\\/schema\\\/logo\\\/image\\\/\",\"url\":\"https:\\\/\\\/tadin.com\\\/wp-content\\\/uploads\\\/2021\\\/04\\\/Website-logo2-Retina.png\",\"contentUrl\":\"https:\\\/\\\/tadin.com\\\/wp-content\\\/uploads\\\/2021\\\/04\\\/Website-logo2-Retina.png\",\"width\":270,\"height\":120,\"caption\":\"Tadin Herb & Tea Co.\"},\"image\":{\"@id\":\"https:\\\/\\\/tadin.com\\\/es\\\/#\\\/schema\\\/logo\\\/image\\\/\"}}]}<\/script>\n<!-- \/ Yoast SEO plugin. -->","yoast_head_json":{"title":"T\u00e9 de Manzanilla con Naranja y Lim\u00f3n &#8211; Tadin Herb &amp; Tea Co.","robots":{"index":"index","follow":"follow","max-snippet":"max-snippet:-1","max-image-preview":"max-image-preview:large","max-video-preview":"max-video-preview:-1"},"canonical":"https:\/\/tadin.com\/es\/producto\/chamomile-citrus\/","og_locale":"es_ES","og_type":"article","og_title":"T\u00e9 de Manzanilla con Naranja y Lim\u00f3n &#8211; Tadin Herb &amp; Tea Co.","og_description":"La manzanilla, una hierba muy querida que se ha transmitido de generaci\u00f3n en generaci\u00f3n, combinada con sutiles toques arom\u00e1ticos de t\u00e9 lim\u00f3n y cortezas de lim\u00f3n y naranja, te transportar\u00e1n a un momento de paz y calidez. Sum\u00e9rgete en T\u00e9 de Manzanilla con Naranja y Lim\u00f3n Tadin\u00ae , un t\u00e9 que rejuvenecer\u00e1 tu esp\u00edritu y alma.","og_url":"https:\/\/tadin.com\/es\/producto\/chamomile-citrus\/","og_site_name":"Tadin Herb &amp; Tea Co.","article_modified_time":"2025-10-07T18:24:52+00:00","og_image":[{"width":2550,"height":1725,"url":"https:\/\/tadin.com\/wp-content\/uploads\/2024\/09\/TB176-CHAMOMILE-CITRUS-3D-BOX.jpg","type":"image\/jpeg"}],"twitter_card":"summary_large_image","twitter_misc":{"Tiempo de lectura":"1 minuto"},"schema":{"@context":"https:\/\/schema.org","@graph":[{"@type":"WebPage","@id":"https:\/\/tadin.com\/es\/producto\/chamomile-citrus\/","url":"https:\/\/tadin.com\/es\/producto\/chamomile-citrus\/","name":"T\u00e9 de Manzanilla con Naranja y Lim\u00f3n &#8211; Tadin Herb &amp; Tea Co.","isPartOf":{"@id":"https:\/\/tadin.com\/es\/#website"},"primaryImageOfPage":{"@id":"https:\/\/tadin.com\/es\/producto\/chamomile-citrus\/#primaryimage"},"image":{"@id":"https:\/\/tadin.com\/es\/producto\/chamomile-citrus\/#primaryimage"},"thumbnailUrl":"https:\/\/tadin.com\/wp-content\/uploads\/2024\/09\/TB176-CHAMOMILE-CITRUS-3D-BOX.jpg","datePublished":"2024-09-09T18:28:31+00:00","dateModified":"2025-10-07T18:24:52+00:00","breadcrumb":{"@id":"https:\/\/tadin.com\/es\/producto\/chamomile-citrus\/#breadcrumb"},"inLanguage":"es","potentialAction":[{"@type":"ReadAction","target":["https:\/\/tadin.com\/es\/producto\/chamomile-citrus\/"]}]},{"@type":"ImageObject","inLanguage":"es","@id":"https:\/\/tadin.com\/es\/producto\/chamomile-citrus\/#primaryimage","url":"https:\/\/tadin.com\/wp-content\/uploads\/2024\/09\/TB176-CHAMOMILE-CITRUS-3D-BOX.jpg","contentUrl":"https:\/\/tadin.com\/wp-content\/uploads\/2024\/09\/TB176-CHAMOMILE-CITRUS-3D-BOX.jpg","width":2550,"height":1725},{"@type":"BreadcrumbList","@id":"https:\/\/tadin.com\/es\/producto\/chamomile-citrus\/#breadcrumb","itemListElement":[{"@type":"ListItem","position":1,"name":"Home","item":"https:\/\/tadin.com\/es\/"},{"@type":"ListItem","position":2,"name":"Shop","item":"https:\/\/tadin.com\/es\/shop\/"},{"@type":"ListItem","position":3,"name":"T\u00e9 de Manzanilla con Naranja y Lim\u00f3n"}]},{"@type":"WebSite","@id":"https:\/\/tadin.com\/es\/#website","url":"https:\/\/tadin.com\/es\/","name":"Tadin Herb &amp; Tea Co.","description":"","publisher":{"@id":"https:\/\/tadin.com\/es\/#organization"},"potentialAction":[{"@type":"SearchAction","target":{"@type":"EntryPoint","urlTemplate":"https:\/\/tadin.com\/es\/?s={search_term_string}"},"query-input":{"@type":"PropertyValueSpecification","valueRequired":true,"valueName":"search_term_string"}}],"inLanguage":"es"},{"@type":"Organization","@id":"https:\/\/tadin.com\/es\/#organization","name":"Tadin Herb & Tea Co.","url":"https:\/\/tadin.com\/es\/","logo":{"@type":"ImageObject","inLanguage":"es","@id":"https:\/\/tadin.com\/es\/#\/schema\/logo\/image\/","url":"https:\/\/tadin.com\/wp-content\/uploads\/2021\/04\/Website-logo2-Retina.png","contentUrl":"https:\/\/tadin.com\/wp-content\/uploads\/2021\/04\/Website-logo2-Retina.png","width":270,"height":120,"caption":"Tadin Herb & Tea Co."},"image":{"@id":"https:\/\/tadin.com\/es\/#\/schema\/logo\/image\/"}}]}},"_links":{"self":[{"href":"https:\/\/tadin.com\/es\/wp-json\/wp\/v2\/product\/80409","targetHints":{"allow":["GET"]}}],"collection":[{"href":"https:\/\/tadin.com\/es\/wp-json\/wp\/v2\/product"}],"about":[{"href":"https:\/\/tadin.com\/es\/wp-json\/wp\/v2\/types\/product"}],"replies":[{"embeddable":true,"href":"https:\/\/tadin.com\/es\/wp-json\/wp\/v2\/comments?post=80409"}],"wp:featuredmedia":[{"embeddable":true,"href":"https:\/\/tadin.com\/es\/wp-json\/wp\/v2\/media\/80404"}],"wp:attachment":[{"href":"https:\/\/tadin.com\/es\/wp-json\/wp\/v2\/media?parent=80409"}],"wp:term":[{"taxonomy":"product_brand","embeddable":true,"href":"https:\/\/tadin.com\/es\/wp-json\/wp\/v2\/product_brand?post=80409"},{"taxonomy":"product_cat","embeddable":true,"href":"https:\/\/tadin.com\/es\/wp-json\/wp\/v2\/product_cat?post=80409"},{"taxonomy":"product_tag","embeddable":true,"href":"https:\/\/tadin.com\/es\/wp-json\/wp\/v2\/product_tag?post=80409"}],"curies":[{"name":"wp","href":"https:\/\/api.w.org\/{rel}","templated":true}]}}