{"id":80102,"date":"2024-06-03T14:36:51","date_gmt":"2024-06-03T21:36:51","guid":{"rendered":"https:\/\/tadin.com\/product\/organic-chamomile-lavender\/"},"modified":"2025-10-07T11:25:05","modified_gmt":"2025-10-07T18:25:05","slug":"organic-chamomile-lavender","status":"publish","type":"product","link":"https:\/\/tadin.com\/es\/producto\/organic-chamomile-lavender\/","title":{"rendered":"T\u00e9 Org\u00e1nico de Manzanilla y Lavanda"},"content":{"rendered":"<p>El T\u00e9 Org\u00e1nico de Manzanilla y Lavanda de Tadin\u00ae es tu aliado calmante despu\u00e9s de un d\u00eda estresante. Da un paso atr\u00e1s y disfruta de una taza de esta mezcla arom\u00e1tica pero deliciosa. La manzanilla, una hierba muy querida que se ha utilizado durante siglos para promover la relajaci\u00f3n, combinada con los delicados aromas de lavanda y t\u00e9 lim\u00f3n, le permitir\u00e1n disfrutar de un momento de paz y serenidad.*<\/p>\n","protected":false},"excerpt":{"rendered":"<p>El T\u00e9 Org\u00e1nico de Manzanilla y Lavanda de Tadin\u00ae es tu aliado calmante despu\u00e9s de un d\u00eda estresante. Da un paso atr\u00e1s y disfruta de una taza de esta mezcla arom\u00e1tica pero deliciosa. La manzanilla, una hierba muy querida que se ha utilizado durante siglos para promover la relajaci\u00f3n, combinada con los delicados aromas de lavanda y t\u00e9 lim\u00f3n, le permitir\u00e1n disfrutar de un momento de paz y serenidad.*<\/p>\n","protected":false},"featured_media":80088,"comment_status":"open","ping_status":"closed","template":"","meta":{"_acf_changed":false,"inline_featured_image":false},"product_brand":[],"product_cat":[312,327],"product_tag":[],"class_list":{"0":"post-80102","1":"product","2":"type-product","3":"status-publish","4":"has-post-thumbnail","6":"product_cat-te","7":"product_cat-te-organico","8":"pa_caffeine-content-sin-cafeina","9":"pa_tea-type-te-de-hierbas","10":"pa_tea-type-preparalo-caliente-disfrutalo-frio","11":"description-off","13":"first","14":"instock","15":"taxable","16":"shipping-taxable","17":"purchasable","18":"product-type-simple"},"acf":[],"yoast_head":"<!-- This site is optimized with the Yoast SEO plugin v27.0 - https:\/\/yoast.com\/product\/yoast-seo-wordpress\/ -->\n<title>T\u00e9 Org\u00e1nico de Manzanilla y Lavanda &#8211; Tadin Herb &amp; Tea Co.<\/title>\n<meta name=\"robots\" content=\"index, follow, max-snippet:-1, max-image-preview:large, max-video-preview:-1\" \/>\n<link rel=\"canonical\" href=\"https:\/\/tadin.com\/es\/producto\/organic-chamomile-lavender\/\" \/>\n<meta property=\"og:locale\" content=\"es_ES\" \/>\n<meta property=\"og:type\" content=\"article\" \/>\n<meta property=\"og:title\" content=\"T\u00e9 Org\u00e1nico de Manzanilla y Lavanda &#8211; Tadin Herb &amp; Tea Co.\" \/>\n<meta property=\"og:description\" content=\"El T\u00e9 Org\u00e1nico de Manzanilla y Lavanda de Tadin\u00ae es tu aliado calmante despu\u00e9s de un d\u00eda estresante. Da un paso atr\u00e1s y disfruta de una taza de esta mezcla arom\u00e1tica pero deliciosa. La manzanilla, una hierba muy querida que se ha utilizado durante siglos para promover la relajaci\u00f3n, combinada con los delicados aromas de lavanda y t\u00e9 lim\u00f3n, le permitir\u00e1n disfrutar de un momento de paz y serenidad.*\" \/>\n<meta property=\"og:url\" content=\"https:\/\/tadin.com\/es\/producto\/organic-chamomile-lavender\/\" \/>\n<meta property=\"og:site_name\" content=\"Tadin Herb &amp; Tea Co.\" \/>\n<meta property=\"article:modified_time\" content=\"2025-10-07T18:25:05+00:00\" \/>\n<meta property=\"og:image\" content=\"https:\/\/tadin.com\/wp-content\/uploads\/2024\/06\/3D-Organic-CHAMOMILE-LAVANDER-Box.jpg\" \/>\n\t<meta property=\"og:image:width\" content=\"2400\" \/>\n\t<meta property=\"og:image:height\" content=\"2400\" \/>\n\t<meta property=\"og:image:type\" content=\"image\/jpeg\" \/>\n<meta name=\"twitter:card\" content=\"summary_large_image\" \/>\n<meta name=\"twitter:label1\" content=\"Tiempo de lectura\" \/>\n\t<meta name=\"twitter:data1\" content=\"1 minuto\" \/>\n<script type=\"application\/ld+json\" class=\"yoast-schema-graph\">{\"@context\":\"https:\/\/schema.org\",\"@graph\":[{\"@type\":\"WebPage\",\"@id\":\"https:\/\/tadin.com\/es\/producto\/organic-chamomile-lavender\/\",\"url\":\"https:\/\/tadin.com\/es\/producto\/organic-chamomile-lavender\/\",\"name\":\"T\u00e9 Org\u00e1nico de Manzanilla y Lavanda &#8211; Tadin Herb &amp; Tea Co.\",\"isPartOf\":{\"@id\":\"https:\/\/tadin.com\/es\/#website\"},\"primaryImageOfPage\":{\"@id\":\"https:\/\/tadin.com\/es\/producto\/organic-chamomile-lavender\/#primaryimage\"},\"image\":{\"@id\":\"https:\/\/tadin.com\/es\/producto\/organic-chamomile-lavender\/#primaryimage\"},\"thumbnailUrl\":\"https:\/\/tadin.com\/wp-content\/uploads\/2024\/06\/3D-Organic-CHAMOMILE-LAVANDER-Box.jpg\",\"datePublished\":\"2024-06-03T21:36:51+00:00\",\"dateModified\":\"2025-10-07T18:25:05+00:00\",\"breadcrumb\":{\"@id\":\"https:\/\/tadin.com\/es\/producto\/organic-chamomile-lavender\/#breadcrumb\"},\"inLanguage\":\"es\",\"potentialAction\":[{\"@type\":\"ReadAction\",\"target\":[\"https:\/\/tadin.com\/es\/producto\/organic-chamomile-lavender\/\"]}]},{\"@type\":\"ImageObject\",\"inLanguage\":\"es\",\"@id\":\"https:\/\/tadin.com\/es\/producto\/organic-chamomile-lavender\/#primaryimage\",\"url\":\"https:\/\/tadin.com\/wp-content\/uploads\/2024\/06\/3D-Organic-CHAMOMILE-LAVANDER-Box.jpg\",\"contentUrl\":\"https:\/\/tadin.com\/wp-content\/uploads\/2024\/06\/3D-Organic-CHAMOMILE-LAVANDER-Box.jpg\",\"width\":2400,\"height\":2400},{\"@type\":\"BreadcrumbList\",\"@id\":\"https:\/\/tadin.com\/es\/producto\/organic-chamomile-lavender\/#breadcrumb\",\"itemListElement\":[{\"@type\":\"ListItem\",\"position\":1,\"name\":\"Home\",\"item\":\"https:\/\/tadin.com\/es\/\"},{\"@type\":\"ListItem\",\"position\":2,\"name\":\"Shop\",\"item\":\"https:\/\/tadin.com\/es\/shop\/\"},{\"@type\":\"ListItem\",\"position\":3,\"name\":\"T\u00e9 Org\u00e1nico de Manzanilla y Lavanda\"}]},{\"@type\":\"WebSite\",\"@id\":\"https:\/\/tadin.com\/es\/#website\",\"url\":\"https:\/\/tadin.com\/es\/\",\"name\":\"Tadin Herb &amp; Tea Co.\",\"description\":\"\",\"publisher\":{\"@id\":\"https:\/\/tadin.com\/es\/#organization\"},\"potentialAction\":[{\"@type\":\"SearchAction\",\"target\":{\"@type\":\"EntryPoint\",\"urlTemplate\":\"https:\/\/tadin.com\/es\/?s={search_term_string}\"},\"query-input\":{\"@type\":\"PropertyValueSpecification\",\"valueRequired\":true,\"valueName\":\"search_term_string\"}}],\"inLanguage\":\"es\"},{\"@type\":\"Organization\",\"@id\":\"https:\/\/tadin.com\/es\/#organization\",\"name\":\"Tadin Herb & Tea Co.\",\"url\":\"https:\/\/tadin.com\/es\/\",\"logo\":{\"@type\":\"ImageObject\",\"inLanguage\":\"es\",\"@id\":\"https:\/\/tadin.com\/es\/#\/schema\/logo\/image\/\",\"url\":\"https:\/\/tadin.com\/wp-content\/uploads\/2021\/04\/Website-logo2-Retina.png\",\"contentUrl\":\"https:\/\/tadin.com\/wp-content\/uploads\/2021\/04\/Website-logo2-Retina.png\",\"width\":270,\"height\":120,\"caption\":\"Tadin Herb & Tea Co.\"},\"image\":{\"@id\":\"https:\/\/tadin.com\/es\/#\/schema\/logo\/image\/\"}}]}<\/script>\n<!-- \/ Yoast SEO plugin. -->","yoast_head_json":{"title":"T\u00e9 Org\u00e1nico de Manzanilla y Lavanda &#8211; Tadin Herb &amp; Tea Co.","robots":{"index":"index","follow":"follow","max-snippet":"max-snippet:-1","max-image-preview":"max-image-preview:large","max-video-preview":"max-video-preview:-1"},"canonical":"https:\/\/tadin.com\/es\/producto\/organic-chamomile-lavender\/","og_locale":"es_ES","og_type":"article","og_title":"T\u00e9 Org\u00e1nico de Manzanilla y Lavanda &#8211; Tadin Herb &amp; Tea Co.","og_description":"El T\u00e9 Org\u00e1nico de Manzanilla y Lavanda de Tadin\u00ae es tu aliado calmante despu\u00e9s de un d\u00eda estresante. Da un paso atr\u00e1s y disfruta de una taza de esta mezcla arom\u00e1tica pero deliciosa. La manzanilla, una hierba muy querida que se ha utilizado durante siglos para promover la relajaci\u00f3n, combinada con los delicados aromas de lavanda y t\u00e9 lim\u00f3n, le permitir\u00e1n disfrutar de un momento de paz y serenidad.*","og_url":"https:\/\/tadin.com\/es\/producto\/organic-chamomile-lavender\/","og_site_name":"Tadin Herb &amp; Tea Co.","article_modified_time":"2025-10-07T18:25:05+00:00","og_image":[{"width":2400,"height":2400,"url":"https:\/\/tadin.com\/wp-content\/uploads\/2024\/06\/3D-Organic-CHAMOMILE-LAVANDER-Box.jpg","type":"image\/jpeg"}],"twitter_card":"summary_large_image","twitter_misc":{"Tiempo de lectura":"1 minuto"},"schema":{"@context":"https:\/\/schema.org","@graph":[{"@type":"WebPage","@id":"https:\/\/tadin.com\/es\/producto\/organic-chamomile-lavender\/","url":"https:\/\/tadin.com\/es\/producto\/organic-chamomile-lavender\/","name":"T\u00e9 Org\u00e1nico de Manzanilla y Lavanda &#8211; Tadin Herb &amp; Tea Co.","isPartOf":{"@id":"https:\/\/tadin.com\/es\/#website"},"primaryImageOfPage":{"@id":"https:\/\/tadin.com\/es\/producto\/organic-chamomile-lavender\/#primaryimage"},"image":{"@id":"https:\/\/tadin.com\/es\/producto\/organic-chamomile-lavender\/#primaryimage"},"thumbnailUrl":"https:\/\/tadin.com\/wp-content\/uploads\/2024\/06\/3D-Organic-CHAMOMILE-LAVANDER-Box.jpg","datePublished":"2024-06-03T21:36:51+00:00","dateModified":"2025-10-07T18:25:05+00:00","breadcrumb":{"@id":"https:\/\/tadin.com\/es\/producto\/organic-chamomile-lavender\/#breadcrumb"},"inLanguage":"es","potentialAction":[{"@type":"ReadAction","target":["https:\/\/tadin.com\/es\/producto\/organic-chamomile-lavender\/"]}]},{"@type":"ImageObject","inLanguage":"es","@id":"https:\/\/tadin.com\/es\/producto\/organic-chamomile-lavender\/#primaryimage","url":"https:\/\/tadin.com\/wp-content\/uploads\/2024\/06\/3D-Organic-CHAMOMILE-LAVANDER-Box.jpg","contentUrl":"https:\/\/tadin.com\/wp-content\/uploads\/2024\/06\/3D-Organic-CHAMOMILE-LAVANDER-Box.jpg","width":2400,"height":2400},{"@type":"BreadcrumbList","@id":"https:\/\/tadin.com\/es\/producto\/organic-chamomile-lavender\/#breadcrumb","itemListElement":[{"@type":"ListItem","position":1,"name":"Home","item":"https:\/\/tadin.com\/es\/"},{"@type":"ListItem","position":2,"name":"Shop","item":"https:\/\/tadin.com\/es\/shop\/"},{"@type":"ListItem","position":3,"name":"T\u00e9 Org\u00e1nico de Manzanilla y Lavanda"}]},{"@type":"WebSite","@id":"https:\/\/tadin.com\/es\/#website","url":"https:\/\/tadin.com\/es\/","name":"Tadin Herb &amp; Tea Co.","description":"","publisher":{"@id":"https:\/\/tadin.com\/es\/#organization"},"potentialAction":[{"@type":"SearchAction","target":{"@type":"EntryPoint","urlTemplate":"https:\/\/tadin.com\/es\/?s={search_term_string}"},"query-input":{"@type":"PropertyValueSpecification","valueRequired":true,"valueName":"search_term_string"}}],"inLanguage":"es"},{"@type":"Organization","@id":"https:\/\/tadin.com\/es\/#organization","name":"Tadin Herb & Tea Co.","url":"https:\/\/tadin.com\/es\/","logo":{"@type":"ImageObject","inLanguage":"es","@id":"https:\/\/tadin.com\/es\/#\/schema\/logo\/image\/","url":"https:\/\/tadin.com\/wp-content\/uploads\/2021\/04\/Website-logo2-Retina.png","contentUrl":"https:\/\/tadin.com\/wp-content\/uploads\/2021\/04\/Website-logo2-Retina.png","width":270,"height":120,"caption":"Tadin Herb & Tea Co."},"image":{"@id":"https:\/\/tadin.com\/es\/#\/schema\/logo\/image\/"}}]}},"_links":{"self":[{"href":"https:\/\/tadin.com\/es\/wp-json\/wp\/v2\/product\/80102","targetHints":{"allow":["GET"]}}],"collection":[{"href":"https:\/\/tadin.com\/es\/wp-json\/wp\/v2\/product"}],"about":[{"href":"https:\/\/tadin.com\/es\/wp-json\/wp\/v2\/types\/product"}],"replies":[{"embeddable":true,"href":"https:\/\/tadin.com\/es\/wp-json\/wp\/v2\/comments?post=80102"}],"wp:featuredmedia":[{"embeddable":true,"href":"https:\/\/tadin.com\/es\/wp-json\/wp\/v2\/media\/80088"}],"wp:attachment":[{"href":"https:\/\/tadin.com\/es\/wp-json\/wp\/v2\/media?parent=80102"}],"wp:term":[{"taxonomy":"product_brand","embeddable":true,"href":"https:\/\/tadin.com\/es\/wp-json\/wp\/v2\/product_brand?post=80102"},{"taxonomy":"product_cat","embeddable":true,"href":"https:\/\/tadin.com\/es\/wp-json\/wp\/v2\/product_cat?post=80102"},{"taxonomy":"product_tag","embeddable":true,"href":"https:\/\/tadin.com\/es\/wp-json\/wp\/v2\/product_tag?post=80102"}],"curies":[{"name":"wp","href":"https:\/\/api.w.org\/{rel}","templated":true}]}}