{"id":79919,"date":"2024-05-01T13:26:39","date_gmt":"2024-05-01T20:26:39","guid":{"rendered":"https:\/\/tadin.com\/?post_type=product&#038;p=79919"},"modified":"2025-08-25T14:45:33","modified_gmt":"2025-08-25T21:45:33","slug":"chile-cayenne","status":"publish","type":"product","link":"https:\/\/tadin.com\/es\/producto\/chile-cayenne\/","title":{"rendered":"Chile Cayenne"},"content":{"rendered":"<p>La imagen mostrada es \u00fanicamente ilustrativa. El tama\u00f1o, dise\u00f1o y empaque reales pueden variar.<\/p>\n","protected":false},"excerpt":{"rendered":"<p>La imagen mostrada es \u00fanicamente ilustrativa. El tama\u00f1o, dise\u00f1o y empaque reales pueden variar.<\/p>\n","protected":false},"featured_media":79918,"comment_status":"open","ping_status":"closed","template":"","meta":{"_acf_changed":false,"inline_featured_image":false},"product_brand":[],"product_cat":[313,314],"product_tag":[],"class_list":{"0":"post-79919","1":"product","2":"type-product","3":"status-publish","4":"has-post-thumbnail","6":"product_cat-hierbas-y-especias-tradicional","7":"product_cat-hierbas-especias","8":"description-off","10":"first","11":"instock","12":"taxable","13":"shipping-taxable","14":"purchasable","15":"product-type-simple"},"acf":[],"yoast_head":"<!-- This site is optimized with the Yoast SEO plugin v27.0 - https:\/\/yoast.com\/product\/yoast-seo-wordpress\/ -->\n<title>Chile Cayenne &#8211; Tadin Herb &amp; Tea Co.<\/title>\n<meta name=\"robots\" content=\"index, follow, max-snippet:-1, max-image-preview:large, max-video-preview:-1\" \/>\n<link rel=\"canonical\" href=\"https:\/\/tadin.com\/es\/producto\/chile-cayenne\/\" \/>\n<meta property=\"og:locale\" content=\"es_ES\" \/>\n<meta property=\"og:type\" content=\"article\" \/>\n<meta property=\"og:title\" content=\"Chile Cayenne &#8211; Tadin Herb &amp; Tea Co.\" \/>\n<meta property=\"og:description\" content=\"La imagen mostrada es \u00fanicamente ilustrativa. El tama\u00f1o, dise\u00f1o y empaque reales pueden variar.\" \/>\n<meta property=\"og:url\" content=\"https:\/\/tadin.com\/es\/producto\/chile-cayenne\/\" \/>\n<meta property=\"og:site_name\" content=\"Tadin Herb &amp; Tea Co.\" \/>\n<meta property=\"article:modified_time\" content=\"2025-08-25T21:45:33+00:00\" \/>\n<meta property=\"og:image\" content=\"https:\/\/tadin.com\/wp-content\/uploads\/2024\/05\/Cayenne.jpg\" \/>\n\t<meta property=\"og:image:width\" content=\"1022\" \/>\n\t<meta property=\"og:image:height\" content=\"1033\" \/>\n\t<meta property=\"og:image:type\" content=\"image\/jpeg\" \/>\n<meta name=\"twitter:card\" content=\"summary_large_image\" \/>\n<meta name=\"twitter:label1\" content=\"Tiempo de lectura\" \/>\n\t<meta name=\"twitter:data1\" content=\"1 minuto\" \/>\n<script type=\"application\/ld+json\" class=\"yoast-schema-graph\">{\"@context\":\"https:\/\/schema.org\",\"@graph\":[{\"@type\":\"WebPage\",\"@id\":\"https:\/\/tadin.com\/es\/producto\/chile-cayenne\/\",\"url\":\"https:\/\/tadin.com\/es\/producto\/chile-cayenne\/\",\"name\":\"Chile Cayenne &#8211; Tadin Herb &amp; Tea Co.\",\"isPartOf\":{\"@id\":\"https:\/\/tadin.com\/es\/#website\"},\"primaryImageOfPage\":{\"@id\":\"https:\/\/tadin.com\/es\/producto\/chile-cayenne\/#primaryimage\"},\"image\":{\"@id\":\"https:\/\/tadin.com\/es\/producto\/chile-cayenne\/#primaryimage\"},\"thumbnailUrl\":\"https:\/\/tadin.com\/wp-content\/uploads\/2024\/05\/Cayenne.jpg\",\"datePublished\":\"2024-05-01T20:26:39+00:00\",\"dateModified\":\"2025-08-25T21:45:33+00:00\",\"breadcrumb\":{\"@id\":\"https:\/\/tadin.com\/es\/producto\/chile-cayenne\/#breadcrumb\"},\"inLanguage\":\"es\",\"potentialAction\":[{\"@type\":\"ReadAction\",\"target\":[\"https:\/\/tadin.com\/es\/producto\/chile-cayenne\/\"]}]},{\"@type\":\"ImageObject\",\"inLanguage\":\"es\",\"@id\":\"https:\/\/tadin.com\/es\/producto\/chile-cayenne\/#primaryimage\",\"url\":\"https:\/\/tadin.com\/wp-content\/uploads\/2024\/05\/Cayenne.jpg\",\"contentUrl\":\"https:\/\/tadin.com\/wp-content\/uploads\/2024\/05\/Cayenne.jpg\",\"width\":1022,\"height\":1033},{\"@type\":\"BreadcrumbList\",\"@id\":\"https:\/\/tadin.com\/es\/producto\/chile-cayenne\/#breadcrumb\",\"itemListElement\":[{\"@type\":\"ListItem\",\"position\":1,\"name\":\"Home\",\"item\":\"https:\/\/tadin.com\/es\/\"},{\"@type\":\"ListItem\",\"position\":2,\"name\":\"Shop\",\"item\":\"https:\/\/tadin.com\/es\/shop\/\"},{\"@type\":\"ListItem\",\"position\":3,\"name\":\"Chile Cayenne\"}]},{\"@type\":\"WebSite\",\"@id\":\"https:\/\/tadin.com\/es\/#website\",\"url\":\"https:\/\/tadin.com\/es\/\",\"name\":\"Tadin Herb &amp; Tea Co.\",\"description\":\"\",\"publisher\":{\"@id\":\"https:\/\/tadin.com\/es\/#organization\"},\"potentialAction\":[{\"@type\":\"SearchAction\",\"target\":{\"@type\":\"EntryPoint\",\"urlTemplate\":\"https:\/\/tadin.com\/es\/?s={search_term_string}\"},\"query-input\":{\"@type\":\"PropertyValueSpecification\",\"valueRequired\":true,\"valueName\":\"search_term_string\"}}],\"inLanguage\":\"es\"},{\"@type\":\"Organization\",\"@id\":\"https:\/\/tadin.com\/es\/#organization\",\"name\":\"Tadin Herb & Tea Co.\",\"url\":\"https:\/\/tadin.com\/es\/\",\"logo\":{\"@type\":\"ImageObject\",\"inLanguage\":\"es\",\"@id\":\"https:\/\/tadin.com\/es\/#\/schema\/logo\/image\/\",\"url\":\"https:\/\/tadin.com\/wp-content\/uploads\/2021\/04\/Website-logo2-Retina.png\",\"contentUrl\":\"https:\/\/tadin.com\/wp-content\/uploads\/2021\/04\/Website-logo2-Retina.png\",\"width\":270,\"height\":120,\"caption\":\"Tadin Herb & Tea Co.\"},\"image\":{\"@id\":\"https:\/\/tadin.com\/es\/#\/schema\/logo\/image\/\"}}]}<\/script>\n<!-- \/ Yoast SEO plugin. -->","yoast_head_json":{"title":"Chile Cayenne &#8211; Tadin Herb &amp; Tea Co.","robots":{"index":"index","follow":"follow","max-snippet":"max-snippet:-1","max-image-preview":"max-image-preview:large","max-video-preview":"max-video-preview:-1"},"canonical":"https:\/\/tadin.com\/es\/producto\/chile-cayenne\/","og_locale":"es_ES","og_type":"article","og_title":"Chile Cayenne &#8211; Tadin Herb &amp; Tea Co.","og_description":"La imagen mostrada es \u00fanicamente ilustrativa. El tama\u00f1o, dise\u00f1o y empaque reales pueden variar.","og_url":"https:\/\/tadin.com\/es\/producto\/chile-cayenne\/","og_site_name":"Tadin Herb &amp; Tea Co.","article_modified_time":"2025-08-25T21:45:33+00:00","og_image":[{"width":1022,"height":1033,"url":"https:\/\/tadin.com\/wp-content\/uploads\/2024\/05\/Cayenne.jpg","type":"image\/jpeg"}],"twitter_card":"summary_large_image","twitter_misc":{"Tiempo de lectura":"1 minuto"},"schema":{"@context":"https:\/\/schema.org","@graph":[{"@type":"WebPage","@id":"https:\/\/tadin.com\/es\/producto\/chile-cayenne\/","url":"https:\/\/tadin.com\/es\/producto\/chile-cayenne\/","name":"Chile Cayenne &#8211; Tadin Herb &amp; Tea Co.","isPartOf":{"@id":"https:\/\/tadin.com\/es\/#website"},"primaryImageOfPage":{"@id":"https:\/\/tadin.com\/es\/producto\/chile-cayenne\/#primaryimage"},"image":{"@id":"https:\/\/tadin.com\/es\/producto\/chile-cayenne\/#primaryimage"},"thumbnailUrl":"https:\/\/tadin.com\/wp-content\/uploads\/2024\/05\/Cayenne.jpg","datePublished":"2024-05-01T20:26:39+00:00","dateModified":"2025-08-25T21:45:33+00:00","breadcrumb":{"@id":"https:\/\/tadin.com\/es\/producto\/chile-cayenne\/#breadcrumb"},"inLanguage":"es","potentialAction":[{"@type":"ReadAction","target":["https:\/\/tadin.com\/es\/producto\/chile-cayenne\/"]}]},{"@type":"ImageObject","inLanguage":"es","@id":"https:\/\/tadin.com\/es\/producto\/chile-cayenne\/#primaryimage","url":"https:\/\/tadin.com\/wp-content\/uploads\/2024\/05\/Cayenne.jpg","contentUrl":"https:\/\/tadin.com\/wp-content\/uploads\/2024\/05\/Cayenne.jpg","width":1022,"height":1033},{"@type":"BreadcrumbList","@id":"https:\/\/tadin.com\/es\/producto\/chile-cayenne\/#breadcrumb","itemListElement":[{"@type":"ListItem","position":1,"name":"Home","item":"https:\/\/tadin.com\/es\/"},{"@type":"ListItem","position":2,"name":"Shop","item":"https:\/\/tadin.com\/es\/shop\/"},{"@type":"ListItem","position":3,"name":"Chile Cayenne"}]},{"@type":"WebSite","@id":"https:\/\/tadin.com\/es\/#website","url":"https:\/\/tadin.com\/es\/","name":"Tadin Herb &amp; Tea Co.","description":"","publisher":{"@id":"https:\/\/tadin.com\/es\/#organization"},"potentialAction":[{"@type":"SearchAction","target":{"@type":"EntryPoint","urlTemplate":"https:\/\/tadin.com\/es\/?s={search_term_string}"},"query-input":{"@type":"PropertyValueSpecification","valueRequired":true,"valueName":"search_term_string"}}],"inLanguage":"es"},{"@type":"Organization","@id":"https:\/\/tadin.com\/es\/#organization","name":"Tadin Herb & Tea Co.","url":"https:\/\/tadin.com\/es\/","logo":{"@type":"ImageObject","inLanguage":"es","@id":"https:\/\/tadin.com\/es\/#\/schema\/logo\/image\/","url":"https:\/\/tadin.com\/wp-content\/uploads\/2021\/04\/Website-logo2-Retina.png","contentUrl":"https:\/\/tadin.com\/wp-content\/uploads\/2021\/04\/Website-logo2-Retina.png","width":270,"height":120,"caption":"Tadin Herb & Tea Co."},"image":{"@id":"https:\/\/tadin.com\/es\/#\/schema\/logo\/image\/"}}]}},"_links":{"self":[{"href":"https:\/\/tadin.com\/es\/wp-json\/wp\/v2\/product\/79919","targetHints":{"allow":["GET"]}}],"collection":[{"href":"https:\/\/tadin.com\/es\/wp-json\/wp\/v2\/product"}],"about":[{"href":"https:\/\/tadin.com\/es\/wp-json\/wp\/v2\/types\/product"}],"replies":[{"embeddable":true,"href":"https:\/\/tadin.com\/es\/wp-json\/wp\/v2\/comments?post=79919"}],"wp:featuredmedia":[{"embeddable":true,"href":"https:\/\/tadin.com\/es\/wp-json\/wp\/v2\/media\/79918"}],"wp:attachment":[{"href":"https:\/\/tadin.com\/es\/wp-json\/wp\/v2\/media?parent=79919"}],"wp:term":[{"taxonomy":"product_brand","embeddable":true,"href":"https:\/\/tadin.com\/es\/wp-json\/wp\/v2\/product_brand?post=79919"},{"taxonomy":"product_cat","embeddable":true,"href":"https:\/\/tadin.com\/es\/wp-json\/wp\/v2\/product_cat?post=79919"},{"taxonomy":"product_tag","embeddable":true,"href":"https:\/\/tadin.com\/es\/wp-json\/wp\/v2\/product_tag?post=79919"}],"curies":[{"name":"wp","href":"https:\/\/api.w.org\/{rel}","templated":true}]}}