{"id":66146,"date":"2023-05-09T21:31:52","date_gmt":"2023-05-10T04:31:52","guid":{"rendered":"https:\/\/tadin.com\/product\/milled-turmeric\/"},"modified":"2025-07-16T15:14:39","modified_gmt":"2025-07-16T22:14:39","slug":"milled-turmeric","status":"publish","type":"product","link":"https:\/\/tadin.com\/es\/producto\/milled-turmeric\/","title":{"rendered":"C\u00farcuma Molida"},"content":{"rendered":"<p>Durante miles de a\u00f1os, la c\u00farcuma ha sido reconocida por su color amarillo brillante y sus benefcios para la salud. Conocido cient\u00edfcamente como Curcuma longa, es un rizoma (tallo subterr\u00e1neo) c\u00e1lido preciado del<br \/>\nsudeste asi\u00e1tico. A menudo se usa por su sabor en t\u00e9s, polvos de curry, salsas y recetas con arroz, as\u00ed como colorante alimentario natural en tartas, pasteles y quesos. \u00a1Agr\u00e9galo a tus platos favoritos!<\/p>\n<p>&nbsp;<\/p>\n<h2>For California Residents Only:<\/h2>\n<p><strong>California Proposition 65 Warning<\/strong><\/p>\n<p><strong>Warning:<\/strong> This product contains chemicals known to the State of California to cause cancer and birth defects or other reproductive harm.<\/p>\n<p><strong>Advertencia:<\/strong> Este producto contiene productos qu\u00edmicos reconocidos per el estado de California que provocan c\u00e1ncer., defectos de nacimiento y u otros danos reproductivos.<\/p>\n<p><em>For more information: <a href=\"http:\/\/www.P65Warnings.ca.gov\">www.P65Warnings.ca.gov<\/a><\/em><\/p>\n","protected":false},"excerpt":{"rendered":"<p>Turmeric also know as Curcuma longa, is a treasured warming rhizome from South East Asia. For thousands of years, turmeric has been valued for its bright yellow color and health benefits for the whole family. It is often used for its flavor in teas, curry powders, sauces and rice dished as well as a natural food dye in pies, cakes, cheese, etc. Mix it with many of your favorite dishes.<\/p>\n","protected":false},"featured_media":66147,"comment_status":"open","ping_status":"closed","template":"","meta":{"_acf_changed":false,"inline_featured_image":false},"product_brand":[],"product_cat":[321],"product_tag":[],"class_list":{"0":"post-66146","1":"product","2":"type-product","3":"status-publish","4":"has-post-thumbnail","6":"product_cat-bolsas-de-fondo-plano","7":"description-off","9":"first","10":"instock","11":"taxable","12":"shipping-taxable","13":"purchasable","14":"product-type-simple"},"acf":[],"yoast_head":"<!-- This site is optimized with the Yoast SEO plugin v27.0 - https:\/\/yoast.com\/product\/yoast-seo-wordpress\/ -->\n<title>C\u00farcuma Molida &#8211; Tadin Herb &amp; Tea Co.<\/title>\n<meta name=\"robots\" content=\"index, follow, max-snippet:-1, max-image-preview:large, max-video-preview:-1\" \/>\n<link rel=\"canonical\" href=\"https:\/\/tadin.com\/es\/producto\/milled-turmeric\/\" \/>\n<meta property=\"og:locale\" content=\"es_ES\" \/>\n<meta property=\"og:type\" content=\"article\" \/>\n<meta property=\"og:title\" content=\"C\u00farcuma Molida &#8211; Tadin Herb &amp; Tea Co.\" \/>\n<meta property=\"og:description\" content=\"Turmeric also know as Curcuma longa, is a treasured warming rhizome from South East Asia. For thousands of years, turmeric has been valued for its bright yellow color and health benefits for the whole family. It is often used for its flavor in teas, curry powders, sauces and rice dished as well as a natural food dye in pies, cakes, cheese, etc. Mix it with many of your favorite dishes.\" \/>\n<meta property=\"og:url\" content=\"https:\/\/tadin.com\/es\/producto\/milled-turmeric\/\" \/>\n<meta property=\"og:site_name\" content=\"Tadin Herb &amp; Tea Co.\" \/>\n<meta property=\"article:modified_time\" content=\"2025-07-16T22:14:39+00:00\" \/>\n<meta property=\"og:image\" content=\"https:\/\/tadin.com\/wp-content\/uploads\/2023\/08\/3D-07oz-Bilingual-TURMERIC-3.jpg\" \/>\n\t<meta property=\"og:image:width\" content=\"1080\" \/>\n\t<meta property=\"og:image:height\" content=\"800\" \/>\n\t<meta property=\"og:image:type\" content=\"image\/jpeg\" \/>\n<meta name=\"twitter:card\" content=\"summary_large_image\" \/>\n<meta name=\"twitter:label1\" content=\"Tiempo de lectura\" \/>\n\t<meta name=\"twitter:data1\" content=\"1 minuto\" \/>\n<script type=\"application\/ld+json\" class=\"yoast-schema-graph\">{\"@context\":\"https:\/\/schema.org\",\"@graph\":[{\"@type\":\"WebPage\",\"@id\":\"https:\/\/tadin.com\/es\/producto\/milled-turmeric\/\",\"url\":\"https:\/\/tadin.com\/es\/producto\/milled-turmeric\/\",\"name\":\"C\u00farcuma Molida &#8211; Tadin Herb &amp; Tea Co.\",\"isPartOf\":{\"@id\":\"https:\/\/tadin.com\/es\/#website\"},\"primaryImageOfPage\":{\"@id\":\"https:\/\/tadin.com\/es\/producto\/milled-turmeric\/#primaryimage\"},\"image\":{\"@id\":\"https:\/\/tadin.com\/es\/producto\/milled-turmeric\/#primaryimage\"},\"thumbnailUrl\":\"https:\/\/tadin.com\/wp-content\/uploads\/2023\/08\/3D-07oz-Bilingual-TURMERIC-3.jpg\",\"datePublished\":\"2023-05-10T04:31:52+00:00\",\"dateModified\":\"2025-07-16T22:14:39+00:00\",\"breadcrumb\":{\"@id\":\"https:\/\/tadin.com\/es\/producto\/milled-turmeric\/#breadcrumb\"},\"inLanguage\":\"es\",\"potentialAction\":[{\"@type\":\"ReadAction\",\"target\":[\"https:\/\/tadin.com\/es\/producto\/milled-turmeric\/\"]}]},{\"@type\":\"ImageObject\",\"inLanguage\":\"es\",\"@id\":\"https:\/\/tadin.com\/es\/producto\/milled-turmeric\/#primaryimage\",\"url\":\"https:\/\/tadin.com\/wp-content\/uploads\/2023\/08\/3D-07oz-Bilingual-TURMERIC-3.jpg\",\"contentUrl\":\"https:\/\/tadin.com\/wp-content\/uploads\/2023\/08\/3D-07oz-Bilingual-TURMERIC-3.jpg\",\"width\":1080,\"height\":800},{\"@type\":\"BreadcrumbList\",\"@id\":\"https:\/\/tadin.com\/es\/producto\/milled-turmeric\/#breadcrumb\",\"itemListElement\":[{\"@type\":\"ListItem\",\"position\":1,\"name\":\"Home\",\"item\":\"https:\/\/tadin.com\/es\/\"},{\"@type\":\"ListItem\",\"position\":2,\"name\":\"Shop\",\"item\":\"https:\/\/tadin.com\/es\/shop\/\"},{\"@type\":\"ListItem\",\"position\":3,\"name\":\"C\u00farcuma Molida\"}]},{\"@type\":\"WebSite\",\"@id\":\"https:\/\/tadin.com\/es\/#website\",\"url\":\"https:\/\/tadin.com\/es\/\",\"name\":\"Tadin Herb &amp; Tea Co.\",\"description\":\"\",\"publisher\":{\"@id\":\"https:\/\/tadin.com\/es\/#organization\"},\"potentialAction\":[{\"@type\":\"SearchAction\",\"target\":{\"@type\":\"EntryPoint\",\"urlTemplate\":\"https:\/\/tadin.com\/es\/?s={search_term_string}\"},\"query-input\":{\"@type\":\"PropertyValueSpecification\",\"valueRequired\":true,\"valueName\":\"search_term_string\"}}],\"inLanguage\":\"es\"},{\"@type\":\"Organization\",\"@id\":\"https:\/\/tadin.com\/es\/#organization\",\"name\":\"Tadin Herb & Tea Co.\",\"url\":\"https:\/\/tadin.com\/es\/\",\"logo\":{\"@type\":\"ImageObject\",\"inLanguage\":\"es\",\"@id\":\"https:\/\/tadin.com\/es\/#\/schema\/logo\/image\/\",\"url\":\"https:\/\/tadin.com\/wp-content\/uploads\/2021\/04\/Website-logo2-Retina.png\",\"contentUrl\":\"https:\/\/tadin.com\/wp-content\/uploads\/2021\/04\/Website-logo2-Retina.png\",\"width\":270,\"height\":120,\"caption\":\"Tadin Herb & Tea Co.\"},\"image\":{\"@id\":\"https:\/\/tadin.com\/es\/#\/schema\/logo\/image\/\"}}]}<\/script>\n<!-- \/ Yoast SEO plugin. -->","yoast_head_json":{"title":"C\u00farcuma Molida &#8211; Tadin Herb &amp; Tea Co.","robots":{"index":"index","follow":"follow","max-snippet":"max-snippet:-1","max-image-preview":"max-image-preview:large","max-video-preview":"max-video-preview:-1"},"canonical":"https:\/\/tadin.com\/es\/producto\/milled-turmeric\/","og_locale":"es_ES","og_type":"article","og_title":"C\u00farcuma Molida &#8211; Tadin Herb &amp; Tea Co.","og_description":"Turmeric also know as Curcuma longa, is a treasured warming rhizome from South East Asia. For thousands of years, turmeric has been valued for its bright yellow color and health benefits for the whole family. It is often used for its flavor in teas, curry powders, sauces and rice dished as well as a natural food dye in pies, cakes, cheese, etc. Mix it with many of your favorite dishes.","og_url":"https:\/\/tadin.com\/es\/producto\/milled-turmeric\/","og_site_name":"Tadin Herb &amp; Tea Co.","article_modified_time":"2025-07-16T22:14:39+00:00","og_image":[{"width":1080,"height":800,"url":"https:\/\/tadin.com\/wp-content\/uploads\/2023\/08\/3D-07oz-Bilingual-TURMERIC-3.jpg","type":"image\/jpeg"}],"twitter_card":"summary_large_image","twitter_misc":{"Tiempo de lectura":"1 minuto"},"schema":{"@context":"https:\/\/schema.org","@graph":[{"@type":"WebPage","@id":"https:\/\/tadin.com\/es\/producto\/milled-turmeric\/","url":"https:\/\/tadin.com\/es\/producto\/milled-turmeric\/","name":"C\u00farcuma Molida &#8211; Tadin Herb &amp; Tea Co.","isPartOf":{"@id":"https:\/\/tadin.com\/es\/#website"},"primaryImageOfPage":{"@id":"https:\/\/tadin.com\/es\/producto\/milled-turmeric\/#primaryimage"},"image":{"@id":"https:\/\/tadin.com\/es\/producto\/milled-turmeric\/#primaryimage"},"thumbnailUrl":"https:\/\/tadin.com\/wp-content\/uploads\/2023\/08\/3D-07oz-Bilingual-TURMERIC-3.jpg","datePublished":"2023-05-10T04:31:52+00:00","dateModified":"2025-07-16T22:14:39+00:00","breadcrumb":{"@id":"https:\/\/tadin.com\/es\/producto\/milled-turmeric\/#breadcrumb"},"inLanguage":"es","potentialAction":[{"@type":"ReadAction","target":["https:\/\/tadin.com\/es\/producto\/milled-turmeric\/"]}]},{"@type":"ImageObject","inLanguage":"es","@id":"https:\/\/tadin.com\/es\/producto\/milled-turmeric\/#primaryimage","url":"https:\/\/tadin.com\/wp-content\/uploads\/2023\/08\/3D-07oz-Bilingual-TURMERIC-3.jpg","contentUrl":"https:\/\/tadin.com\/wp-content\/uploads\/2023\/08\/3D-07oz-Bilingual-TURMERIC-3.jpg","width":1080,"height":800},{"@type":"BreadcrumbList","@id":"https:\/\/tadin.com\/es\/producto\/milled-turmeric\/#breadcrumb","itemListElement":[{"@type":"ListItem","position":1,"name":"Home","item":"https:\/\/tadin.com\/es\/"},{"@type":"ListItem","position":2,"name":"Shop","item":"https:\/\/tadin.com\/es\/shop\/"},{"@type":"ListItem","position":3,"name":"C\u00farcuma Molida"}]},{"@type":"WebSite","@id":"https:\/\/tadin.com\/es\/#website","url":"https:\/\/tadin.com\/es\/","name":"Tadin Herb &amp; Tea Co.","description":"","publisher":{"@id":"https:\/\/tadin.com\/es\/#organization"},"potentialAction":[{"@type":"SearchAction","target":{"@type":"EntryPoint","urlTemplate":"https:\/\/tadin.com\/es\/?s={search_term_string}"},"query-input":{"@type":"PropertyValueSpecification","valueRequired":true,"valueName":"search_term_string"}}],"inLanguage":"es"},{"@type":"Organization","@id":"https:\/\/tadin.com\/es\/#organization","name":"Tadin Herb & Tea Co.","url":"https:\/\/tadin.com\/es\/","logo":{"@type":"ImageObject","inLanguage":"es","@id":"https:\/\/tadin.com\/es\/#\/schema\/logo\/image\/","url":"https:\/\/tadin.com\/wp-content\/uploads\/2021\/04\/Website-logo2-Retina.png","contentUrl":"https:\/\/tadin.com\/wp-content\/uploads\/2021\/04\/Website-logo2-Retina.png","width":270,"height":120,"caption":"Tadin Herb & Tea Co."},"image":{"@id":"https:\/\/tadin.com\/es\/#\/schema\/logo\/image\/"}}]}},"_links":{"self":[{"href":"https:\/\/tadin.com\/es\/wp-json\/wp\/v2\/product\/66146","targetHints":{"allow":["GET"]}}],"collection":[{"href":"https:\/\/tadin.com\/es\/wp-json\/wp\/v2\/product"}],"about":[{"href":"https:\/\/tadin.com\/es\/wp-json\/wp\/v2\/types\/product"}],"replies":[{"embeddable":true,"href":"https:\/\/tadin.com\/es\/wp-json\/wp\/v2\/comments?post=66146"}],"wp:featuredmedia":[{"embeddable":true,"href":"https:\/\/tadin.com\/es\/wp-json\/wp\/v2\/media\/66147"}],"wp:attachment":[{"href":"https:\/\/tadin.com\/es\/wp-json\/wp\/v2\/media?parent=66146"}],"wp:term":[{"taxonomy":"product_brand","embeddable":true,"href":"https:\/\/tadin.com\/es\/wp-json\/wp\/v2\/product_brand?post=66146"},{"taxonomy":"product_cat","embeddable":true,"href":"https:\/\/tadin.com\/es\/wp-json\/wp\/v2\/product_cat?post=66146"},{"taxonomy":"product_tag","embeddable":true,"href":"https:\/\/tadin.com\/es\/wp-json\/wp\/v2\/product_tag?post=66146"}],"curies":[{"name":"wp","href":"https:\/\/api.w.org\/{rel}","templated":true}]}}