{"id":65943,"date":"2022-09-07T20:35:24","date_gmt":"2022-09-08T03:35:24","guid":{"rendered":"https:\/\/tadin.com\/product\/shavegrasstea\/"},"modified":"2025-10-07T11:24:42","modified_gmt":"2025-10-07T18:24:42","slug":"shavegrasstea","status":"publish","type":"product","link":"https:\/\/tadin.com\/es\/producto\/shavegrasstea\/","title":{"rendered":"T\u00e9 de Cola de Caballo"},"content":{"rendered":"<ul>\n<li>FLAVOR AND AROMA NOTES: Tadin\u2019s Shavegrass Herbal Tea blossoms with soothing hay like and clean green tones.<\/li>\n<li>SHAVEGRASS TEA: Horsetail, aka, shavegrass dates to prehistorical times<\/li>\n<li>WELLNESS STARTS WITHIN: Tadin sources the finest herbs and spices from around the globe. Treat yourself to a cup of Tadin tea and Add Flavor to Your Health.<\/li>\n<li>SINGLE HERB TEA: Shavegrass Herbal Tea is caffeine-free and contains only one ingredient, shavegrass herb.<\/li>\n<li>EASY TO BREW: First, bring water to a boil. Second, pour the hot water over 1-2 tea bags. Third, cover with a lid and let it steep for 5-10 minutes. Fourth, gently squeeze out herbal goodness from your tea bags. Lastly, compost your tea bags and enjoy!<\/li>\n<\/ul>\n","protected":false},"excerpt":{"rendered":"<p>Desde tiempos prehist\u00f3ricos ha sido una pr\u00e1ctica fija de la humanidad el aprender a encontrar recursos valiosos para nuestro bienestar en este apuesto mundo en donde vivimos. Cada bolsita de T\u00e9 de Cola de Caballo TADIN contiene la selecci\u00f3n m\u00e1s fina de esta hierba penetrante que ha mantenido su postura entre los m\u00e1s exigentes conocedores de hierbas de toda la historia. Calidad se une a longevidad en la planta llamada cola de caballo, y sus poros han guardado ricos tesoros por millones de a\u00f1os.<\/p>\n","protected":false},"featured_media":65944,"comment_status":"open","ping_status":"closed","template":"","meta":{"_acf_changed":false,"inline_featured_image":false},"product_brand":[],"product_cat":[312,317],"product_tag":[],"class_list":{"0":"post-65943","1":"product","2":"type-product","3":"status-publish","4":"has-post-thumbnail","6":"product_cat-te","7":"product_cat-te-tradicional","8":"pa_caffeine-content-sin-cafeina","9":"pa_tea-type-te-de-hierbas","10":"description-off","12":"first","13":"instock","14":"taxable","15":"shipping-taxable","16":"purchasable","17":"product-type-simple"},"acf":[],"yoast_head":"<!-- This site is optimized with the Yoast SEO plugin v27.4 - https:\/\/yoast.com\/product\/yoast-seo-wordpress\/ -->\n<title>T\u00e9 de Cola de Caballo &#8211; Tadin Herb &amp; Tea Co.<\/title>\n<meta name=\"robots\" content=\"index, follow, max-snippet:-1, max-image-preview:large, max-video-preview:-1\" \/>\n<link rel=\"canonical\" href=\"https:\/\/tadin.com\/es\/producto\/shavegrasstea\/\" \/>\n<meta property=\"og:locale\" content=\"es_ES\" \/>\n<meta property=\"og:type\" content=\"article\" \/>\n<meta property=\"og:title\" content=\"T\u00e9 de Cola de Caballo &#8211; Tadin Herb &amp; Tea Co.\" \/>\n<meta property=\"og:description\" content=\"Desde tiempos prehist\u00f3ricos ha sido una pr\u00e1ctica fija de la humanidad el aprender a encontrar recursos valiosos para nuestro bienestar en este apuesto mundo en donde vivimos. Cada bolsita de T\u00e9 de Cola de Caballo TADIN contiene la selecci\u00f3n m\u00e1s fina de esta hierba penetrante que ha mantenido su postura entre los m\u00e1s exigentes conocedores de hierbas de toda la historia. Calidad se une a longevidad en la planta llamada cola de caballo, y sus poros han guardado ricos tesoros por millones de a\u00f1os.\" \/>\n<meta property=\"og:url\" content=\"https:\/\/tadin.com\/es\/producto\/shavegrasstea\/\" \/>\n<meta property=\"og:site_name\" content=\"Tadin Herb &amp; Tea Co.\" \/>\n<meta property=\"article:modified_time\" content=\"2025-10-07T18:24:42+00:00\" \/>\n<meta property=\"og:image\" content=\"https:\/\/tadin.com\/wp-content\/uploads\/2023\/08\/Shavegrass-Tea_TB328_3Dbox-1.jpg\" \/>\n\t<meta property=\"og:image:width\" content=\"1080\" \/>\n\t<meta property=\"og:image:height\" content=\"800\" \/>\n\t<meta property=\"og:image:type\" content=\"image\/jpeg\" \/>\n<meta name=\"twitter:card\" content=\"summary_large_image\" \/>\n<meta name=\"twitter:label1\" content=\"Tiempo de lectura\" \/>\n\t<meta name=\"twitter:data1\" content=\"1 minuto\" \/>\n<script type=\"application\/ld+json\" class=\"yoast-schema-graph\">{\"@context\":\"https:\\\/\\\/schema.org\",\"@graph\":[{\"@type\":\"WebPage\",\"@id\":\"https:\\\/\\\/tadin.com\\\/es\\\/producto\\\/shavegrasstea\\\/\",\"url\":\"https:\\\/\\\/tadin.com\\\/es\\\/producto\\\/shavegrasstea\\\/\",\"name\":\"T\u00e9 de Cola de Caballo &#8211; Tadin Herb &amp; Tea Co.\",\"isPartOf\":{\"@id\":\"https:\\\/\\\/tadin.com\\\/es\\\/#website\"},\"primaryImageOfPage\":{\"@id\":\"https:\\\/\\\/tadin.com\\\/es\\\/producto\\\/shavegrasstea\\\/#primaryimage\"},\"image\":{\"@id\":\"https:\\\/\\\/tadin.com\\\/es\\\/producto\\\/shavegrasstea\\\/#primaryimage\"},\"thumbnailUrl\":\"https:\\\/\\\/tadin.com\\\/wp-content\\\/uploads\\\/2023\\\/08\\\/Shavegrass-Tea_TB328_3Dbox-1.jpg\",\"datePublished\":\"2022-09-08T03:35:24+00:00\",\"dateModified\":\"2025-10-07T18:24:42+00:00\",\"breadcrumb\":{\"@id\":\"https:\\\/\\\/tadin.com\\\/es\\\/producto\\\/shavegrasstea\\\/#breadcrumb\"},\"inLanguage\":\"es\",\"potentialAction\":[{\"@type\":\"ReadAction\",\"target\":[\"https:\\\/\\\/tadin.com\\\/es\\\/producto\\\/shavegrasstea\\\/\"]}]},{\"@type\":\"ImageObject\",\"inLanguage\":\"es\",\"@id\":\"https:\\\/\\\/tadin.com\\\/es\\\/producto\\\/shavegrasstea\\\/#primaryimage\",\"url\":\"https:\\\/\\\/tadin.com\\\/wp-content\\\/uploads\\\/2023\\\/08\\\/Shavegrass-Tea_TB328_3Dbox-1.jpg\",\"contentUrl\":\"https:\\\/\\\/tadin.com\\\/wp-content\\\/uploads\\\/2023\\\/08\\\/Shavegrass-Tea_TB328_3Dbox-1.jpg\",\"width\":1080,\"height\":800},{\"@type\":\"BreadcrumbList\",\"@id\":\"https:\\\/\\\/tadin.com\\\/es\\\/producto\\\/shavegrasstea\\\/#breadcrumb\",\"itemListElement\":[{\"@type\":\"ListItem\",\"position\":1,\"name\":\"Home\",\"item\":\"https:\\\/\\\/tadin.com\\\/es\\\/\"},{\"@type\":\"ListItem\",\"position\":2,\"name\":\"Shop\",\"item\":\"https:\\\/\\\/tadin.com\\\/es\\\/shop\\\/\"},{\"@type\":\"ListItem\",\"position\":3,\"name\":\"T\u00e9 de Cola de Caballo\"}]},{\"@type\":\"WebSite\",\"@id\":\"https:\\\/\\\/tadin.com\\\/es\\\/#website\",\"url\":\"https:\\\/\\\/tadin.com\\\/es\\\/\",\"name\":\"Tadin Herb &amp; Tea Co.\",\"description\":\"\",\"publisher\":{\"@id\":\"https:\\\/\\\/tadin.com\\\/es\\\/#organization\"},\"potentialAction\":[{\"@type\":\"SearchAction\",\"target\":{\"@type\":\"EntryPoint\",\"urlTemplate\":\"https:\\\/\\\/tadin.com\\\/es\\\/?s={search_term_string}\"},\"query-input\":{\"@type\":\"PropertyValueSpecification\",\"valueRequired\":true,\"valueName\":\"search_term_string\"}}],\"inLanguage\":\"es\"},{\"@type\":\"Organization\",\"@id\":\"https:\\\/\\\/tadin.com\\\/es\\\/#organization\",\"name\":\"Tadin Herb & Tea Co.\",\"url\":\"https:\\\/\\\/tadin.com\\\/es\\\/\",\"logo\":{\"@type\":\"ImageObject\",\"inLanguage\":\"es\",\"@id\":\"https:\\\/\\\/tadin.com\\\/es\\\/#\\\/schema\\\/logo\\\/image\\\/\",\"url\":\"https:\\\/\\\/tadin.com\\\/wp-content\\\/uploads\\\/2021\\\/04\\\/Website-logo2-Retina.png\",\"contentUrl\":\"https:\\\/\\\/tadin.com\\\/wp-content\\\/uploads\\\/2021\\\/04\\\/Website-logo2-Retina.png\",\"width\":270,\"height\":120,\"caption\":\"Tadin Herb & Tea Co.\"},\"image\":{\"@id\":\"https:\\\/\\\/tadin.com\\\/es\\\/#\\\/schema\\\/logo\\\/image\\\/\"}}]}<\/script>\n<!-- \/ Yoast SEO plugin. -->","yoast_head_json":{"title":"T\u00e9 de Cola de Caballo &#8211; Tadin Herb &amp; Tea Co.","robots":{"index":"index","follow":"follow","max-snippet":"max-snippet:-1","max-image-preview":"max-image-preview:large","max-video-preview":"max-video-preview:-1"},"canonical":"https:\/\/tadin.com\/es\/producto\/shavegrasstea\/","og_locale":"es_ES","og_type":"article","og_title":"T\u00e9 de Cola de Caballo &#8211; Tadin Herb &amp; Tea Co.","og_description":"Desde tiempos prehist\u00f3ricos ha sido una pr\u00e1ctica fija de la humanidad el aprender a encontrar recursos valiosos para nuestro bienestar en este apuesto mundo en donde vivimos. Cada bolsita de T\u00e9 de Cola de Caballo TADIN contiene la selecci\u00f3n m\u00e1s fina de esta hierba penetrante que ha mantenido su postura entre los m\u00e1s exigentes conocedores de hierbas de toda la historia. Calidad se une a longevidad en la planta llamada cola de caballo, y sus poros han guardado ricos tesoros por millones de a\u00f1os.","og_url":"https:\/\/tadin.com\/es\/producto\/shavegrasstea\/","og_site_name":"Tadin Herb &amp; Tea Co.","article_modified_time":"2025-10-07T18:24:42+00:00","og_image":[{"width":1080,"height":800,"url":"https:\/\/tadin.com\/wp-content\/uploads\/2023\/08\/Shavegrass-Tea_TB328_3Dbox-1.jpg","type":"image\/jpeg"}],"twitter_card":"summary_large_image","twitter_misc":{"Tiempo de lectura":"1 minuto"},"schema":{"@context":"https:\/\/schema.org","@graph":[{"@type":"WebPage","@id":"https:\/\/tadin.com\/es\/producto\/shavegrasstea\/","url":"https:\/\/tadin.com\/es\/producto\/shavegrasstea\/","name":"T\u00e9 de Cola de Caballo &#8211; Tadin Herb &amp; Tea Co.","isPartOf":{"@id":"https:\/\/tadin.com\/es\/#website"},"primaryImageOfPage":{"@id":"https:\/\/tadin.com\/es\/producto\/shavegrasstea\/#primaryimage"},"image":{"@id":"https:\/\/tadin.com\/es\/producto\/shavegrasstea\/#primaryimage"},"thumbnailUrl":"https:\/\/tadin.com\/wp-content\/uploads\/2023\/08\/Shavegrass-Tea_TB328_3Dbox-1.jpg","datePublished":"2022-09-08T03:35:24+00:00","dateModified":"2025-10-07T18:24:42+00:00","breadcrumb":{"@id":"https:\/\/tadin.com\/es\/producto\/shavegrasstea\/#breadcrumb"},"inLanguage":"es","potentialAction":[{"@type":"ReadAction","target":["https:\/\/tadin.com\/es\/producto\/shavegrasstea\/"]}]},{"@type":"ImageObject","inLanguage":"es","@id":"https:\/\/tadin.com\/es\/producto\/shavegrasstea\/#primaryimage","url":"https:\/\/tadin.com\/wp-content\/uploads\/2023\/08\/Shavegrass-Tea_TB328_3Dbox-1.jpg","contentUrl":"https:\/\/tadin.com\/wp-content\/uploads\/2023\/08\/Shavegrass-Tea_TB328_3Dbox-1.jpg","width":1080,"height":800},{"@type":"BreadcrumbList","@id":"https:\/\/tadin.com\/es\/producto\/shavegrasstea\/#breadcrumb","itemListElement":[{"@type":"ListItem","position":1,"name":"Home","item":"https:\/\/tadin.com\/es\/"},{"@type":"ListItem","position":2,"name":"Shop","item":"https:\/\/tadin.com\/es\/shop\/"},{"@type":"ListItem","position":3,"name":"T\u00e9 de Cola de Caballo"}]},{"@type":"WebSite","@id":"https:\/\/tadin.com\/es\/#website","url":"https:\/\/tadin.com\/es\/","name":"Tadin Herb &amp; Tea Co.","description":"","publisher":{"@id":"https:\/\/tadin.com\/es\/#organization"},"potentialAction":[{"@type":"SearchAction","target":{"@type":"EntryPoint","urlTemplate":"https:\/\/tadin.com\/es\/?s={search_term_string}"},"query-input":{"@type":"PropertyValueSpecification","valueRequired":true,"valueName":"search_term_string"}}],"inLanguage":"es"},{"@type":"Organization","@id":"https:\/\/tadin.com\/es\/#organization","name":"Tadin Herb & Tea Co.","url":"https:\/\/tadin.com\/es\/","logo":{"@type":"ImageObject","inLanguage":"es","@id":"https:\/\/tadin.com\/es\/#\/schema\/logo\/image\/","url":"https:\/\/tadin.com\/wp-content\/uploads\/2021\/04\/Website-logo2-Retina.png","contentUrl":"https:\/\/tadin.com\/wp-content\/uploads\/2021\/04\/Website-logo2-Retina.png","width":270,"height":120,"caption":"Tadin Herb & Tea Co."},"image":{"@id":"https:\/\/tadin.com\/es\/#\/schema\/logo\/image\/"}}]}},"_links":{"self":[{"href":"https:\/\/tadin.com\/es\/wp-json\/wp\/v2\/product\/65943","targetHints":{"allow":["GET"]}}],"collection":[{"href":"https:\/\/tadin.com\/es\/wp-json\/wp\/v2\/product"}],"about":[{"href":"https:\/\/tadin.com\/es\/wp-json\/wp\/v2\/types\/product"}],"replies":[{"embeddable":true,"href":"https:\/\/tadin.com\/es\/wp-json\/wp\/v2\/comments?post=65943"}],"wp:featuredmedia":[{"embeddable":true,"href":"https:\/\/tadin.com\/es\/wp-json\/wp\/v2\/media\/65944"}],"wp:attachment":[{"href":"https:\/\/tadin.com\/es\/wp-json\/wp\/v2\/media?parent=65943"}],"wp:term":[{"taxonomy":"product_brand","embeddable":true,"href":"https:\/\/tadin.com\/es\/wp-json\/wp\/v2\/product_brand?post=65943"},{"taxonomy":"product_cat","embeddable":true,"href":"https:\/\/tadin.com\/es\/wp-json\/wp\/v2\/product_cat?post=65943"},{"taxonomy":"product_tag","embeddable":true,"href":"https:\/\/tadin.com\/es\/wp-json\/wp\/v2\/product_tag?post=65943"}],"curies":[{"name":"wp","href":"https:\/\/api.w.org\/{rel}","templated":true}]}}