{"id":65916,"date":"2023-09-19T10:02:22","date_gmt":"2023-09-19T17:02:22","guid":{"rendered":"https:\/\/tadin.com\/product\/cinnamon-apple-tea\/"},"modified":"2025-09-24T15:56:19","modified_gmt":"2025-09-24T22:56:19","slug":"cinnamon-apple-tea","status":"publish","type":"product","link":"https:\/\/tadin.com\/es\/producto\/cinnamon-apple-tea\/","title":{"rendered":"T\u00e9 de Canela y Manzana"},"content":{"rendered":"","protected":false},"excerpt":{"rendered":"<p>\u00a1Acurr\u00facate con el T\u00e9 de Canela y Manzana TADIN\u00ae! Un t\u00e9 cl\u00e1sico con especias y un toque afrutado para esos d\u00edas fr\u00edos. Esta deliciosa combinaci\u00f3n de canela molida, jengibre picante y manzana dulce te transportar\u00e1 a la infancia. Celebra la vida, la familia y las tradiciones alrededor de una sabrosa y reconfortante taza de T\u00e9 de Canela y Manzana TADIN\u00ae. \u00a1Salud por los momentos felices!<\/p>\n","protected":false},"featured_media":81291,"comment_status":"open","ping_status":"closed","template":"","meta":{"_acf_changed":false,"inline_featured_image":false},"product_brand":[],"product_cat":[312,317,335],"product_tag":[],"class_list":{"0":"post-65916","1":"product","2":"type-product","3":"status-publish","4":"has-post-thumbnail","6":"product_cat-te","7":"product_cat-te-tradicional","8":"product_cat-sabores-temporada","9":"pa_caffeine-content-sin-cafeina","10":"pa_size-24-quilates","11":"pa_size-10-ct-es","12":"pa_tea-type-te-de-hierbas","13":"pa_tea-type-rooibos-es","14":"description-off","16":"first","17":"instock","18":"taxable","19":"shipping-taxable","20":"purchasable","21":"product-type-variable"},"acf":[],"yoast_head":"<!-- This site is optimized with the Yoast SEO plugin v27.4 - https:\/\/yoast.com\/product\/yoast-seo-wordpress\/ -->\n<title>T\u00e9 de Canela y Manzana &#8211; Tadin Herb &amp; Tea Co.<\/title>\n<meta name=\"robots\" content=\"index, follow, max-snippet:-1, max-image-preview:large, max-video-preview:-1\" \/>\n<link rel=\"canonical\" href=\"https:\/\/tadin.com\/es\/producto\/cinnamon-apple-tea\/\" \/>\n<meta property=\"og:locale\" content=\"es_ES\" \/>\n<meta property=\"og:type\" content=\"article\" \/>\n<meta property=\"og:title\" content=\"T\u00e9 de Canela y Manzana &#8211; Tadin Herb &amp; Tea Co.\" \/>\n<meta property=\"og:description\" content=\"\u00a1Acurr\u00facate con el T\u00e9 de Canela y Manzana TADIN\u00ae! Un t\u00e9 cl\u00e1sico con especias y un toque afrutado para esos d\u00edas fr\u00edos. Esta deliciosa combinaci\u00f3n de canela molida, jengibre picante y manzana dulce te transportar\u00e1 a la infancia. Celebra la vida, la familia y las tradiciones alrededor de una sabrosa y reconfortante taza de T\u00e9 de Canela y Manzana TADIN\u00ae. \u00a1Salud por los momentos felices!\" \/>\n<meta property=\"og:url\" content=\"https:\/\/tadin.com\/es\/producto\/cinnamon-apple-tea\/\" \/>\n<meta property=\"og:site_name\" content=\"Tadin Herb &amp; Tea Co.\" \/>\n<meta property=\"article:modified_time\" content=\"2025-09-24T22:56:19+00:00\" \/>\n<meta property=\"og:image\" content=\"https:\/\/tadin.com\/wp-content\/uploads\/2023\/09\/3D-CINNAMON-APPLE-TB190-Box-rev-2025.jpg\" \/>\n\t<meta property=\"og:image:width\" content=\"2550\" \/>\n\t<meta property=\"og:image:height\" content=\"1725\" \/>\n\t<meta property=\"og:image:type\" content=\"image\/jpeg\" \/>\n<meta name=\"twitter:card\" content=\"summary_large_image\" \/>\n<meta name=\"twitter:label1\" content=\"Tiempo de lectura\" \/>\n\t<meta name=\"twitter:data1\" content=\"1 minuto\" \/>\n<script type=\"application\/ld+json\" class=\"yoast-schema-graph\">{\"@context\":\"https:\\\/\\\/schema.org\",\"@graph\":[{\"@type\":\"WebPage\",\"@id\":\"https:\\\/\\\/tadin.com\\\/es\\\/producto\\\/cinnamon-apple-tea\\\/\",\"url\":\"https:\\\/\\\/tadin.com\\\/es\\\/producto\\\/cinnamon-apple-tea\\\/\",\"name\":\"T\u00e9 de Canela y Manzana &#8211; Tadin Herb &amp; Tea Co.\",\"isPartOf\":{\"@id\":\"https:\\\/\\\/tadin.com\\\/es\\\/#website\"},\"primaryImageOfPage\":{\"@id\":\"https:\\\/\\\/tadin.com\\\/es\\\/producto\\\/cinnamon-apple-tea\\\/#primaryimage\"},\"image\":{\"@id\":\"https:\\\/\\\/tadin.com\\\/es\\\/producto\\\/cinnamon-apple-tea\\\/#primaryimage\"},\"thumbnailUrl\":\"https:\\\/\\\/tadin.com\\\/wp-content\\\/uploads\\\/2023\\\/09\\\/3D-CINNAMON-APPLE-TB190-Box-rev-2025.jpg\",\"datePublished\":\"2023-09-19T17:02:22+00:00\",\"dateModified\":\"2025-09-24T22:56:19+00:00\",\"breadcrumb\":{\"@id\":\"https:\\\/\\\/tadin.com\\\/es\\\/producto\\\/cinnamon-apple-tea\\\/#breadcrumb\"},\"inLanguage\":\"es\",\"potentialAction\":[{\"@type\":\"ReadAction\",\"target\":[\"https:\\\/\\\/tadin.com\\\/es\\\/producto\\\/cinnamon-apple-tea\\\/\"]}]},{\"@type\":\"ImageObject\",\"inLanguage\":\"es\",\"@id\":\"https:\\\/\\\/tadin.com\\\/es\\\/producto\\\/cinnamon-apple-tea\\\/#primaryimage\",\"url\":\"https:\\\/\\\/tadin.com\\\/wp-content\\\/uploads\\\/2023\\\/09\\\/3D-CINNAMON-APPLE-TB190-Box-rev-2025.jpg\",\"contentUrl\":\"https:\\\/\\\/tadin.com\\\/wp-content\\\/uploads\\\/2023\\\/09\\\/3D-CINNAMON-APPLE-TB190-Box-rev-2025.jpg\",\"width\":2550,\"height\":1725},{\"@type\":\"BreadcrumbList\",\"@id\":\"https:\\\/\\\/tadin.com\\\/es\\\/producto\\\/cinnamon-apple-tea\\\/#breadcrumb\",\"itemListElement\":[{\"@type\":\"ListItem\",\"position\":1,\"name\":\"Home\",\"item\":\"https:\\\/\\\/tadin.com\\\/es\\\/\"},{\"@type\":\"ListItem\",\"position\":2,\"name\":\"Shop\",\"item\":\"https:\\\/\\\/tadin.com\\\/es\\\/shop\\\/\"},{\"@type\":\"ListItem\",\"position\":3,\"name\":\"T\u00e9 de Canela y Manzana\"}]},{\"@type\":\"WebSite\",\"@id\":\"https:\\\/\\\/tadin.com\\\/es\\\/#website\",\"url\":\"https:\\\/\\\/tadin.com\\\/es\\\/\",\"name\":\"Tadin Herb &amp; Tea Co.\",\"description\":\"\",\"publisher\":{\"@id\":\"https:\\\/\\\/tadin.com\\\/es\\\/#organization\"},\"potentialAction\":[{\"@type\":\"SearchAction\",\"target\":{\"@type\":\"EntryPoint\",\"urlTemplate\":\"https:\\\/\\\/tadin.com\\\/es\\\/?s={search_term_string}\"},\"query-input\":{\"@type\":\"PropertyValueSpecification\",\"valueRequired\":true,\"valueName\":\"search_term_string\"}}],\"inLanguage\":\"es\"},{\"@type\":\"Organization\",\"@id\":\"https:\\\/\\\/tadin.com\\\/es\\\/#organization\",\"name\":\"Tadin Herb & Tea Co.\",\"url\":\"https:\\\/\\\/tadin.com\\\/es\\\/\",\"logo\":{\"@type\":\"ImageObject\",\"inLanguage\":\"es\",\"@id\":\"https:\\\/\\\/tadin.com\\\/es\\\/#\\\/schema\\\/logo\\\/image\\\/\",\"url\":\"https:\\\/\\\/tadin.com\\\/wp-content\\\/uploads\\\/2021\\\/04\\\/Website-logo2-Retina.png\",\"contentUrl\":\"https:\\\/\\\/tadin.com\\\/wp-content\\\/uploads\\\/2021\\\/04\\\/Website-logo2-Retina.png\",\"width\":270,\"height\":120,\"caption\":\"Tadin Herb & Tea Co.\"},\"image\":{\"@id\":\"https:\\\/\\\/tadin.com\\\/es\\\/#\\\/schema\\\/logo\\\/image\\\/\"}}]}<\/script>\n<!-- \/ Yoast SEO plugin. -->","yoast_head_json":{"title":"T\u00e9 de Canela y Manzana &#8211; Tadin Herb &amp; Tea Co.","robots":{"index":"index","follow":"follow","max-snippet":"max-snippet:-1","max-image-preview":"max-image-preview:large","max-video-preview":"max-video-preview:-1"},"canonical":"https:\/\/tadin.com\/es\/producto\/cinnamon-apple-tea\/","og_locale":"es_ES","og_type":"article","og_title":"T\u00e9 de Canela y Manzana &#8211; Tadin Herb &amp; Tea Co.","og_description":"\u00a1Acurr\u00facate con el T\u00e9 de Canela y Manzana TADIN\u00ae! Un t\u00e9 cl\u00e1sico con especias y un toque afrutado para esos d\u00edas fr\u00edos. Esta deliciosa combinaci\u00f3n de canela molida, jengibre picante y manzana dulce te transportar\u00e1 a la infancia. Celebra la vida, la familia y las tradiciones alrededor de una sabrosa y reconfortante taza de T\u00e9 de Canela y Manzana TADIN\u00ae. \u00a1Salud por los momentos felices!","og_url":"https:\/\/tadin.com\/es\/producto\/cinnamon-apple-tea\/","og_site_name":"Tadin Herb &amp; Tea Co.","article_modified_time":"2025-09-24T22:56:19+00:00","og_image":[{"width":2550,"height":1725,"url":"https:\/\/tadin.com\/wp-content\/uploads\/2023\/09\/3D-CINNAMON-APPLE-TB190-Box-rev-2025.jpg","type":"image\/jpeg"}],"twitter_card":"summary_large_image","twitter_misc":{"Tiempo de lectura":"1 minuto"},"schema":{"@context":"https:\/\/schema.org","@graph":[{"@type":"WebPage","@id":"https:\/\/tadin.com\/es\/producto\/cinnamon-apple-tea\/","url":"https:\/\/tadin.com\/es\/producto\/cinnamon-apple-tea\/","name":"T\u00e9 de Canela y Manzana &#8211; Tadin Herb &amp; Tea Co.","isPartOf":{"@id":"https:\/\/tadin.com\/es\/#website"},"primaryImageOfPage":{"@id":"https:\/\/tadin.com\/es\/producto\/cinnamon-apple-tea\/#primaryimage"},"image":{"@id":"https:\/\/tadin.com\/es\/producto\/cinnamon-apple-tea\/#primaryimage"},"thumbnailUrl":"https:\/\/tadin.com\/wp-content\/uploads\/2023\/09\/3D-CINNAMON-APPLE-TB190-Box-rev-2025.jpg","datePublished":"2023-09-19T17:02:22+00:00","dateModified":"2025-09-24T22:56:19+00:00","breadcrumb":{"@id":"https:\/\/tadin.com\/es\/producto\/cinnamon-apple-tea\/#breadcrumb"},"inLanguage":"es","potentialAction":[{"@type":"ReadAction","target":["https:\/\/tadin.com\/es\/producto\/cinnamon-apple-tea\/"]}]},{"@type":"ImageObject","inLanguage":"es","@id":"https:\/\/tadin.com\/es\/producto\/cinnamon-apple-tea\/#primaryimage","url":"https:\/\/tadin.com\/wp-content\/uploads\/2023\/09\/3D-CINNAMON-APPLE-TB190-Box-rev-2025.jpg","contentUrl":"https:\/\/tadin.com\/wp-content\/uploads\/2023\/09\/3D-CINNAMON-APPLE-TB190-Box-rev-2025.jpg","width":2550,"height":1725},{"@type":"BreadcrumbList","@id":"https:\/\/tadin.com\/es\/producto\/cinnamon-apple-tea\/#breadcrumb","itemListElement":[{"@type":"ListItem","position":1,"name":"Home","item":"https:\/\/tadin.com\/es\/"},{"@type":"ListItem","position":2,"name":"Shop","item":"https:\/\/tadin.com\/es\/shop\/"},{"@type":"ListItem","position":3,"name":"T\u00e9 de Canela y Manzana"}]},{"@type":"WebSite","@id":"https:\/\/tadin.com\/es\/#website","url":"https:\/\/tadin.com\/es\/","name":"Tadin Herb &amp; Tea Co.","description":"","publisher":{"@id":"https:\/\/tadin.com\/es\/#organization"},"potentialAction":[{"@type":"SearchAction","target":{"@type":"EntryPoint","urlTemplate":"https:\/\/tadin.com\/es\/?s={search_term_string}"},"query-input":{"@type":"PropertyValueSpecification","valueRequired":true,"valueName":"search_term_string"}}],"inLanguage":"es"},{"@type":"Organization","@id":"https:\/\/tadin.com\/es\/#organization","name":"Tadin Herb & Tea Co.","url":"https:\/\/tadin.com\/es\/","logo":{"@type":"ImageObject","inLanguage":"es","@id":"https:\/\/tadin.com\/es\/#\/schema\/logo\/image\/","url":"https:\/\/tadin.com\/wp-content\/uploads\/2021\/04\/Website-logo2-Retina.png","contentUrl":"https:\/\/tadin.com\/wp-content\/uploads\/2021\/04\/Website-logo2-Retina.png","width":270,"height":120,"caption":"Tadin Herb & Tea Co."},"image":{"@id":"https:\/\/tadin.com\/es\/#\/schema\/logo\/image\/"}}]}},"_links":{"self":[{"href":"https:\/\/tadin.com\/es\/wp-json\/wp\/v2\/product\/65916","targetHints":{"allow":["GET"]}}],"collection":[{"href":"https:\/\/tadin.com\/es\/wp-json\/wp\/v2\/product"}],"about":[{"href":"https:\/\/tadin.com\/es\/wp-json\/wp\/v2\/types\/product"}],"replies":[{"embeddable":true,"href":"https:\/\/tadin.com\/es\/wp-json\/wp\/v2\/comments?post=65916"}],"wp:featuredmedia":[{"embeddable":true,"href":"https:\/\/tadin.com\/es\/wp-json\/wp\/v2\/media\/81291"}],"wp:attachment":[{"href":"https:\/\/tadin.com\/es\/wp-json\/wp\/v2\/media?parent=65916"}],"wp:term":[{"taxonomy":"product_brand","embeddable":true,"href":"https:\/\/tadin.com\/es\/wp-json\/wp\/v2\/product_brand?post=65916"},{"taxonomy":"product_cat","embeddable":true,"href":"https:\/\/tadin.com\/es\/wp-json\/wp\/v2\/product_cat?post=65916"},{"taxonomy":"product_tag","embeddable":true,"href":"https:\/\/tadin.com\/es\/wp-json\/wp\/v2\/product_tag?post=65916"}],"curies":[{"name":"wp","href":"https:\/\/api.w.org\/{rel}","templated":true}]}}