{"id":61253,"date":"2022-12-19T14:41:58","date_gmt":"2022-12-19T22:41:58","guid":{"rendered":"https:\/\/tadin.com\/product\/te-de-camomila-2\/"},"modified":"2025-10-07T11:24:54","modified_gmt":"2025-10-07T18:24:54","slug":"te-de-manzanilla","status":"publish","type":"product","link":"https:\/\/tadin.com\/es\/producto\/te-de-manzanilla\/","title":{"rendered":"T\u00e9 de Manzanilla"},"content":{"rendered":"<p>La manzanilla es conocida por brindar confort y calma a quien la pruebe. Por esta raz\u00f3n, el t\u00e9 de manzanilla de Tadin, es apreciado en todas las familias, generaci\u00f3n tras generaci\u00f3n. Este t\u00e9 se ha convertido en un elemento b\u00e1sico de toda cocina. Su aroma floral comienza con notas de manzanilla dulce y termina con un toque sutil de manzana. (Las opciones de caja incluyen 10, 24 o 50 bolsitas de t\u00e9)<\/p>\n","protected":false},"excerpt":{"rendered":"<p>La manzanilla es conocida por brindar confort y calma a quien la pruebe. Por esta raz\u00f3n, el t\u00e9 de manzanilla de Tadin, es apreciado en todas las familias, generaci\u00f3n tras generaci\u00f3n. Este t\u00e9 se ha convertido en un elemento b\u00e1sico de toda cocina. Su aroma floral comienza con notas de manzanilla dulce y termina con un toque sutil de manzana. (Las opciones de caja incluyen 10, 24 o 50 bolsitas de t\u00e9)<\/p>\n","protected":false},"featured_media":65302,"comment_status":"open","ping_status":"closed","template":"","meta":{"_acf_changed":false,"inline_featured_image":false},"product_brand":[],"product_cat":[684,312,317,335],"product_tag":[],"class_list":{"0":"post-61253","1":"product","2":"type-product","3":"status-publish","4":"has-post-thumbnail","6":"product_cat-mas-vendidos","7":"product_cat-te","8":"product_cat-te-tradicional","9":"product_cat-sabores-temporada","10":"pa_caffeine-content-sin-cafeina","11":"pa_size-24-quilates","12":"pa_size-10-ct-es","13":"pa_size-50-ct-es","14":"pa_tea-type-te-de-hierbas","15":"pa_tea-type-preparalo-caliente-disfrutalo-frio","16":"description-off","18":"first","19":"instock","20":"taxable","21":"shipping-taxable","22":"product-type-simple"},"acf":[],"yoast_head":"<!-- This site is optimized with the Yoast SEO plugin v27.4 - https:\/\/yoast.com\/product\/yoast-seo-wordpress\/ -->\n<title>T\u00e9 de Manzanilla &#8211; Tadin Herb &amp; Tea Co.<\/title>\n<meta name=\"robots\" content=\"index, follow, max-snippet:-1, max-image-preview:large, max-video-preview:-1\" \/>\n<link rel=\"canonical\" href=\"https:\/\/tadin.com\/es\/producto\/te-de-manzanilla\/\" \/>\n<meta property=\"og:locale\" content=\"es_ES\" \/>\n<meta property=\"og:type\" content=\"article\" \/>\n<meta property=\"og:title\" content=\"T\u00e9 de Manzanilla &#8211; Tadin Herb &amp; Tea Co.\" \/>\n<meta property=\"og:description\" content=\"La manzanilla es conocida por brindar confort y calma a quien la pruebe. Por esta raz\u00f3n, el t\u00e9 de manzanilla de Tadin, es apreciado en todas las familias, generaci\u00f3n tras generaci\u00f3n. Este t\u00e9 se ha convertido en un elemento b\u00e1sico de toda cocina. Su aroma floral comienza con notas de manzanilla dulce y termina con un toque sutil de manzana. (Las opciones de caja incluyen 10, 24 o 50 bolsitas de t\u00e9)\" \/>\n<meta property=\"og:url\" content=\"https:\/\/tadin.com\/es\/producto\/te-de-manzanilla\/\" \/>\n<meta property=\"og:site_name\" content=\"Tadin Herb &amp; Tea Co.\" \/>\n<meta property=\"article:modified_time\" content=\"2025-10-07T18:24:54+00:00\" \/>\n<meta property=\"og:image\" content=\"https:\/\/tadin.com\/wp-content\/uploads\/2023\/08\/Chamomile_TB324_3Dbox-1-1.jpg\" \/>\n\t<meta property=\"og:image:width\" content=\"1080\" \/>\n\t<meta property=\"og:image:height\" content=\"800\" \/>\n\t<meta property=\"og:image:type\" content=\"image\/jpeg\" \/>\n<meta name=\"twitter:card\" content=\"summary_large_image\" \/>\n<meta name=\"twitter:label1\" content=\"Tiempo de lectura\" \/>\n\t<meta name=\"twitter:data1\" content=\"1 minuto\" \/>\n<script type=\"application\/ld+json\" class=\"yoast-schema-graph\">{\"@context\":\"https:\\\/\\\/schema.org\",\"@graph\":[{\"@type\":\"WebPage\",\"@id\":\"https:\\\/\\\/tadin.com\\\/es\\\/producto\\\/te-de-manzanilla\\\/\",\"url\":\"https:\\\/\\\/tadin.com\\\/es\\\/producto\\\/te-de-manzanilla\\\/\",\"name\":\"T\u00e9 de Manzanilla &#8211; Tadin Herb &amp; Tea Co.\",\"isPartOf\":{\"@id\":\"https:\\\/\\\/tadin.com\\\/es\\\/#website\"},\"primaryImageOfPage\":{\"@id\":\"https:\\\/\\\/tadin.com\\\/es\\\/producto\\\/te-de-manzanilla\\\/#primaryimage\"},\"image\":{\"@id\":\"https:\\\/\\\/tadin.com\\\/es\\\/producto\\\/te-de-manzanilla\\\/#primaryimage\"},\"thumbnailUrl\":\"https:\\\/\\\/tadin.com\\\/wp-content\\\/uploads\\\/2023\\\/08\\\/Chamomile_TB324_3Dbox-1-1.jpg\",\"datePublished\":\"2022-12-19T22:41:58+00:00\",\"dateModified\":\"2025-10-07T18:24:54+00:00\",\"breadcrumb\":{\"@id\":\"https:\\\/\\\/tadin.com\\\/es\\\/producto\\\/te-de-manzanilla\\\/#breadcrumb\"},\"inLanguage\":\"es\",\"potentialAction\":[{\"@type\":\"ReadAction\",\"target\":[\"https:\\\/\\\/tadin.com\\\/es\\\/producto\\\/te-de-manzanilla\\\/\"]}]},{\"@type\":\"ImageObject\",\"inLanguage\":\"es\",\"@id\":\"https:\\\/\\\/tadin.com\\\/es\\\/producto\\\/te-de-manzanilla\\\/#primaryimage\",\"url\":\"https:\\\/\\\/tadin.com\\\/wp-content\\\/uploads\\\/2023\\\/08\\\/Chamomile_TB324_3Dbox-1-1.jpg\",\"contentUrl\":\"https:\\\/\\\/tadin.com\\\/wp-content\\\/uploads\\\/2023\\\/08\\\/Chamomile_TB324_3Dbox-1-1.jpg\",\"width\":1080,\"height\":800},{\"@type\":\"BreadcrumbList\",\"@id\":\"https:\\\/\\\/tadin.com\\\/es\\\/producto\\\/te-de-manzanilla\\\/#breadcrumb\",\"itemListElement\":[{\"@type\":\"ListItem\",\"position\":1,\"name\":\"Home\",\"item\":\"https:\\\/\\\/tadin.com\\\/es\\\/\"},{\"@type\":\"ListItem\",\"position\":2,\"name\":\"Shop\",\"item\":\"https:\\\/\\\/tadin.com\\\/es\\\/shop\\\/\"},{\"@type\":\"ListItem\",\"position\":3,\"name\":\"T\u00e9 de Manzanilla\"}]},{\"@type\":\"WebSite\",\"@id\":\"https:\\\/\\\/tadin.com\\\/es\\\/#website\",\"url\":\"https:\\\/\\\/tadin.com\\\/es\\\/\",\"name\":\"Tadin Herb &amp; Tea Co.\",\"description\":\"\",\"publisher\":{\"@id\":\"https:\\\/\\\/tadin.com\\\/es\\\/#organization\"},\"potentialAction\":[{\"@type\":\"SearchAction\",\"target\":{\"@type\":\"EntryPoint\",\"urlTemplate\":\"https:\\\/\\\/tadin.com\\\/es\\\/?s={search_term_string}\"},\"query-input\":{\"@type\":\"PropertyValueSpecification\",\"valueRequired\":true,\"valueName\":\"search_term_string\"}}],\"inLanguage\":\"es\"},{\"@type\":\"Organization\",\"@id\":\"https:\\\/\\\/tadin.com\\\/es\\\/#organization\",\"name\":\"Tadin Herb & Tea Co.\",\"url\":\"https:\\\/\\\/tadin.com\\\/es\\\/\",\"logo\":{\"@type\":\"ImageObject\",\"inLanguage\":\"es\",\"@id\":\"https:\\\/\\\/tadin.com\\\/es\\\/#\\\/schema\\\/logo\\\/image\\\/\",\"url\":\"https:\\\/\\\/tadin.com\\\/wp-content\\\/uploads\\\/2021\\\/04\\\/Website-logo2-Retina.png\",\"contentUrl\":\"https:\\\/\\\/tadin.com\\\/wp-content\\\/uploads\\\/2021\\\/04\\\/Website-logo2-Retina.png\",\"width\":270,\"height\":120,\"caption\":\"Tadin Herb & Tea Co.\"},\"image\":{\"@id\":\"https:\\\/\\\/tadin.com\\\/es\\\/#\\\/schema\\\/logo\\\/image\\\/\"}}]}<\/script>\n<!-- \/ Yoast SEO plugin. -->","yoast_head_json":{"title":"T\u00e9 de Manzanilla &#8211; Tadin Herb &amp; Tea Co.","robots":{"index":"index","follow":"follow","max-snippet":"max-snippet:-1","max-image-preview":"max-image-preview:large","max-video-preview":"max-video-preview:-1"},"canonical":"https:\/\/tadin.com\/es\/producto\/te-de-manzanilla\/","og_locale":"es_ES","og_type":"article","og_title":"T\u00e9 de Manzanilla &#8211; Tadin Herb &amp; Tea Co.","og_description":"La manzanilla es conocida por brindar confort y calma a quien la pruebe. Por esta raz\u00f3n, el t\u00e9 de manzanilla de Tadin, es apreciado en todas las familias, generaci\u00f3n tras generaci\u00f3n. Este t\u00e9 se ha convertido en un elemento b\u00e1sico de toda cocina. Su aroma floral comienza con notas de manzanilla dulce y termina con un toque sutil de manzana. (Las opciones de caja incluyen 10, 24 o 50 bolsitas de t\u00e9)","og_url":"https:\/\/tadin.com\/es\/producto\/te-de-manzanilla\/","og_site_name":"Tadin Herb &amp; Tea Co.","article_modified_time":"2025-10-07T18:24:54+00:00","og_image":[{"width":1080,"height":800,"url":"https:\/\/tadin.com\/wp-content\/uploads\/2023\/08\/Chamomile_TB324_3Dbox-1-1.jpg","type":"image\/jpeg"}],"twitter_card":"summary_large_image","twitter_misc":{"Tiempo de lectura":"1 minuto"},"schema":{"@context":"https:\/\/schema.org","@graph":[{"@type":"WebPage","@id":"https:\/\/tadin.com\/es\/producto\/te-de-manzanilla\/","url":"https:\/\/tadin.com\/es\/producto\/te-de-manzanilla\/","name":"T\u00e9 de Manzanilla &#8211; Tadin Herb &amp; Tea Co.","isPartOf":{"@id":"https:\/\/tadin.com\/es\/#website"},"primaryImageOfPage":{"@id":"https:\/\/tadin.com\/es\/producto\/te-de-manzanilla\/#primaryimage"},"image":{"@id":"https:\/\/tadin.com\/es\/producto\/te-de-manzanilla\/#primaryimage"},"thumbnailUrl":"https:\/\/tadin.com\/wp-content\/uploads\/2023\/08\/Chamomile_TB324_3Dbox-1-1.jpg","datePublished":"2022-12-19T22:41:58+00:00","dateModified":"2025-10-07T18:24:54+00:00","breadcrumb":{"@id":"https:\/\/tadin.com\/es\/producto\/te-de-manzanilla\/#breadcrumb"},"inLanguage":"es","potentialAction":[{"@type":"ReadAction","target":["https:\/\/tadin.com\/es\/producto\/te-de-manzanilla\/"]}]},{"@type":"ImageObject","inLanguage":"es","@id":"https:\/\/tadin.com\/es\/producto\/te-de-manzanilla\/#primaryimage","url":"https:\/\/tadin.com\/wp-content\/uploads\/2023\/08\/Chamomile_TB324_3Dbox-1-1.jpg","contentUrl":"https:\/\/tadin.com\/wp-content\/uploads\/2023\/08\/Chamomile_TB324_3Dbox-1-1.jpg","width":1080,"height":800},{"@type":"BreadcrumbList","@id":"https:\/\/tadin.com\/es\/producto\/te-de-manzanilla\/#breadcrumb","itemListElement":[{"@type":"ListItem","position":1,"name":"Home","item":"https:\/\/tadin.com\/es\/"},{"@type":"ListItem","position":2,"name":"Shop","item":"https:\/\/tadin.com\/es\/shop\/"},{"@type":"ListItem","position":3,"name":"T\u00e9 de Manzanilla"}]},{"@type":"WebSite","@id":"https:\/\/tadin.com\/es\/#website","url":"https:\/\/tadin.com\/es\/","name":"Tadin Herb &amp; Tea Co.","description":"","publisher":{"@id":"https:\/\/tadin.com\/es\/#organization"},"potentialAction":[{"@type":"SearchAction","target":{"@type":"EntryPoint","urlTemplate":"https:\/\/tadin.com\/es\/?s={search_term_string}"},"query-input":{"@type":"PropertyValueSpecification","valueRequired":true,"valueName":"search_term_string"}}],"inLanguage":"es"},{"@type":"Organization","@id":"https:\/\/tadin.com\/es\/#organization","name":"Tadin Herb & Tea Co.","url":"https:\/\/tadin.com\/es\/","logo":{"@type":"ImageObject","inLanguage":"es","@id":"https:\/\/tadin.com\/es\/#\/schema\/logo\/image\/","url":"https:\/\/tadin.com\/wp-content\/uploads\/2021\/04\/Website-logo2-Retina.png","contentUrl":"https:\/\/tadin.com\/wp-content\/uploads\/2021\/04\/Website-logo2-Retina.png","width":270,"height":120,"caption":"Tadin Herb & Tea Co."},"image":{"@id":"https:\/\/tadin.com\/es\/#\/schema\/logo\/image\/"}}]}},"_links":{"self":[{"href":"https:\/\/tadin.com\/es\/wp-json\/wp\/v2\/product\/61253","targetHints":{"allow":["GET"]}}],"collection":[{"href":"https:\/\/tadin.com\/es\/wp-json\/wp\/v2\/product"}],"about":[{"href":"https:\/\/tadin.com\/es\/wp-json\/wp\/v2\/types\/product"}],"replies":[{"embeddable":true,"href":"https:\/\/tadin.com\/es\/wp-json\/wp\/v2\/comments?post=61253"}],"wp:featuredmedia":[{"embeddable":true,"href":"https:\/\/tadin.com\/es\/wp-json\/wp\/v2\/media\/65302"}],"wp:attachment":[{"href":"https:\/\/tadin.com\/es\/wp-json\/wp\/v2\/media?parent=61253"}],"wp:term":[{"taxonomy":"product_brand","embeddable":true,"href":"https:\/\/tadin.com\/es\/wp-json\/wp\/v2\/product_brand?post=61253"},{"taxonomy":"product_cat","embeddable":true,"href":"https:\/\/tadin.com\/es\/wp-json\/wp\/v2\/product_cat?post=61253"},{"taxonomy":"product_tag","embeddable":true,"href":"https:\/\/tadin.com\/es\/wp-json\/wp\/v2\/product_tag?post=61253"}],"curies":[{"name":"wp","href":"https:\/\/api.w.org\/{rel}","templated":true}]}}