{"id":58889,"date":"2022-07-07T19:24:57","date_gmt":"2022-07-08T02:24:57","guid":{"rendered":"https:\/\/tadin.com\/product\/slim-mate-organic\/"},"modified":"2025-10-07T11:24:48","modified_gmt":"2025-10-07T18:24:48","slug":"slim-mate-organic","status":"publish","type":"product","link":"https:\/\/tadin.com\/es\/producto\/slim-mate-organic\/","title":{"rendered":"T\u00e9 Org\u00e1nico Slim-Mate\u00ae"},"content":{"rendered":"<ul>\n<li>FLAVOR AND AROMA: Organic Slim Mate Herbal Tea blossoms with cool notes of mint and basil.<\/li>\n<li>WELLNESS TEA: Organic Slim Mate is an herbal tea supplement and is meant to be used to support weight health.<\/li>\n<li>ORGANIC HERBAL BLEND: A skillfully formulated blend of organic tulsi-holy basil leaf, organic peppermint leaf, organic yerbamate leaf, organic fennel seed, organic hibiscus flower, organic hibiscus flower, organic parsley leaf, organic stevia leaf.<\/li>\n<li>EASY TO BREW: First, bring water to a boil. Second, pour the hot water over 1-2 tea bags. Third, cover with a lid and let it steep for 5-10 minutes. Fourth, gently squeeze out herbal goodness from your tea bags. Fourth, gently squeeze out herbal goodness from your tea bag and enjoy!<\/li>\n<li>WELLNESS STARTS WITHIN: At Tadin we pride ourselves with sourcing the finest herbs and spices from around the globe. Treat yourself to a cup of Tadin tea and Add Flavor to Your Health\u2122.<\/li>\n<\/ul>\n","protected":false},"excerpt":{"rendered":"<p>El T\u00e9 Org\u00e1nico Slim-Mate\u00ae de Tadin\u00ae apoya el metabolismo y la digesti\u00f3n saludable mientras promueve la eliminaci\u00f3n del exceso de l\u00edquidos. La albahaca santa (tulsi) y la yerba mate estimulan la energ\u00eda equilibrada para fortalecer la mente y el cuerpo. Los sabores refrescantes y limpiadores con toques de menta ayudan a equilibrar antojos y promover una alimentaci\u00f3n saludable para un equilibrio de peso \u00f3ptimo.*<\/p>\n","protected":false},"featured_media":66014,"comment_status":"open","ping_status":"closed","template":"","meta":{"_acf_changed":false,"inline_featured_image":false},"product_brand":[],"product_cat":[312,327],"product_tag":[],"class_list":{"0":"post-58889","1":"product","2":"type-product","3":"status-publish","4":"has-post-thumbnail","6":"product_cat-te","7":"product_cat-te-organico","8":"pa_caffeine-content-contiene-cafeina","9":"pa_tea-type-te-de-hierbas","10":"description-off","12":"first","13":"instock","14":"taxable","15":"shipping-taxable","16":"purchasable","17":"product-type-simple"},"acf":[],"yoast_head":"<!-- This site is optimized with the Yoast SEO plugin v27.0 - https:\/\/yoast.com\/product\/yoast-seo-wordpress\/ -->\n<title>T\u00e9 Org\u00e1nico Slim-Mate\u00ae &#8211; Tadin Herb &amp; Tea Co.<\/title>\n<meta name=\"robots\" content=\"index, follow, max-snippet:-1, max-image-preview:large, max-video-preview:-1\" \/>\n<link rel=\"canonical\" href=\"https:\/\/tadin.com\/es\/producto\/slim-mate-organic\/\" \/>\n<meta property=\"og:locale\" content=\"es_ES\" \/>\n<meta property=\"og:type\" content=\"article\" \/>\n<meta property=\"og:title\" content=\"T\u00e9 Org\u00e1nico Slim-Mate\u00ae &#8211; Tadin Herb &amp; Tea Co.\" \/>\n<meta property=\"og:description\" content=\"El T\u00e9 Org\u00e1nico Slim-Mate\u00ae de Tadin\u00ae apoya el metabolismo y la digesti\u00f3n saludable mientras promueve la eliminaci\u00f3n del exceso de l\u00edquidos. La albahaca santa (tulsi) y la yerba mate estimulan la energ\u00eda equilibrada para fortalecer la mente y el cuerpo. Los sabores refrescantes y limpiadores con toques de menta ayudan a equilibrar antojos y promover una alimentaci\u00f3n saludable para un equilibrio de peso \u00f3ptimo.*\" \/>\n<meta property=\"og:url\" content=\"https:\/\/tadin.com\/es\/producto\/slim-mate-organic\/\" \/>\n<meta property=\"og:site_name\" content=\"Tadin Herb &amp; Tea Co.\" \/>\n<meta property=\"article:modified_time\" content=\"2025-10-07T18:24:48+00:00\" \/>\n<meta property=\"og:image\" content=\"https:\/\/tadin.com\/wp-content\/uploads\/2023\/08\/3D-TADIN-Organic-Bilingual-SLIM-MATE.jpg\" \/>\n\t<meta property=\"og:image:width\" content=\"2400\" \/>\n\t<meta property=\"og:image:height\" content=\"2400\" \/>\n\t<meta property=\"og:image:type\" content=\"image\/jpeg\" \/>\n<meta name=\"twitter:card\" content=\"summary_large_image\" \/>\n<meta name=\"twitter:label1\" content=\"Tiempo de lectura\" \/>\n\t<meta name=\"twitter:data1\" content=\"1 minuto\" \/>\n<script type=\"application\/ld+json\" class=\"yoast-schema-graph\">{\"@context\":\"https:\/\/schema.org\",\"@graph\":[{\"@type\":\"WebPage\",\"@id\":\"https:\/\/tadin.com\/es\/producto\/slim-mate-organic\/\",\"url\":\"https:\/\/tadin.com\/es\/producto\/slim-mate-organic\/\",\"name\":\"T\u00e9 Org\u00e1nico Slim-Mate\u00ae &#8211; Tadin Herb &amp; Tea Co.\",\"isPartOf\":{\"@id\":\"https:\/\/tadin.com\/es\/#website\"},\"primaryImageOfPage\":{\"@id\":\"https:\/\/tadin.com\/es\/producto\/slim-mate-organic\/#primaryimage\"},\"image\":{\"@id\":\"https:\/\/tadin.com\/es\/producto\/slim-mate-organic\/#primaryimage\"},\"thumbnailUrl\":\"https:\/\/tadin.com\/wp-content\/uploads\/2023\/08\/3D-TADIN-Organic-Bilingual-SLIM-MATE.jpg\",\"datePublished\":\"2022-07-08T02:24:57+00:00\",\"dateModified\":\"2025-10-07T18:24:48+00:00\",\"breadcrumb\":{\"@id\":\"https:\/\/tadin.com\/es\/producto\/slim-mate-organic\/#breadcrumb\"},\"inLanguage\":\"es\",\"potentialAction\":[{\"@type\":\"ReadAction\",\"target\":[\"https:\/\/tadin.com\/es\/producto\/slim-mate-organic\/\"]}]},{\"@type\":\"ImageObject\",\"inLanguage\":\"es\",\"@id\":\"https:\/\/tadin.com\/es\/producto\/slim-mate-organic\/#primaryimage\",\"url\":\"https:\/\/tadin.com\/wp-content\/uploads\/2023\/08\/3D-TADIN-Organic-Bilingual-SLIM-MATE.jpg\",\"contentUrl\":\"https:\/\/tadin.com\/wp-content\/uploads\/2023\/08\/3D-TADIN-Organic-Bilingual-SLIM-MATE.jpg\",\"width\":2400,\"height\":2400},{\"@type\":\"BreadcrumbList\",\"@id\":\"https:\/\/tadin.com\/es\/producto\/slim-mate-organic\/#breadcrumb\",\"itemListElement\":[{\"@type\":\"ListItem\",\"position\":1,\"name\":\"Home\",\"item\":\"https:\/\/tadin.com\/es\/\"},{\"@type\":\"ListItem\",\"position\":2,\"name\":\"Shop\",\"item\":\"https:\/\/tadin.com\/es\/shop\/\"},{\"@type\":\"ListItem\",\"position\":3,\"name\":\"T\u00e9 Org\u00e1nico Slim-Mate\u00ae\"}]},{\"@type\":\"WebSite\",\"@id\":\"https:\/\/tadin.com\/es\/#website\",\"url\":\"https:\/\/tadin.com\/es\/\",\"name\":\"Tadin Herb &amp; Tea Co.\",\"description\":\"\",\"publisher\":{\"@id\":\"https:\/\/tadin.com\/es\/#organization\"},\"potentialAction\":[{\"@type\":\"SearchAction\",\"target\":{\"@type\":\"EntryPoint\",\"urlTemplate\":\"https:\/\/tadin.com\/es\/?s={search_term_string}\"},\"query-input\":{\"@type\":\"PropertyValueSpecification\",\"valueRequired\":true,\"valueName\":\"search_term_string\"}}],\"inLanguage\":\"es\"},{\"@type\":\"Organization\",\"@id\":\"https:\/\/tadin.com\/es\/#organization\",\"name\":\"Tadin Herb & Tea Co.\",\"url\":\"https:\/\/tadin.com\/es\/\",\"logo\":{\"@type\":\"ImageObject\",\"inLanguage\":\"es\",\"@id\":\"https:\/\/tadin.com\/es\/#\/schema\/logo\/image\/\",\"url\":\"https:\/\/tadin.com\/wp-content\/uploads\/2021\/04\/Website-logo2-Retina.png\",\"contentUrl\":\"https:\/\/tadin.com\/wp-content\/uploads\/2021\/04\/Website-logo2-Retina.png\",\"width\":270,\"height\":120,\"caption\":\"Tadin Herb & Tea Co.\"},\"image\":{\"@id\":\"https:\/\/tadin.com\/es\/#\/schema\/logo\/image\/\"}}]}<\/script>\n<!-- \/ Yoast SEO plugin. -->","yoast_head_json":{"title":"T\u00e9 Org\u00e1nico Slim-Mate\u00ae &#8211; Tadin Herb &amp; Tea Co.","robots":{"index":"index","follow":"follow","max-snippet":"max-snippet:-1","max-image-preview":"max-image-preview:large","max-video-preview":"max-video-preview:-1"},"canonical":"https:\/\/tadin.com\/es\/producto\/slim-mate-organic\/","og_locale":"es_ES","og_type":"article","og_title":"T\u00e9 Org\u00e1nico Slim-Mate\u00ae &#8211; Tadin Herb &amp; Tea Co.","og_description":"El T\u00e9 Org\u00e1nico Slim-Mate\u00ae de Tadin\u00ae apoya el metabolismo y la digesti\u00f3n saludable mientras promueve la eliminaci\u00f3n del exceso de l\u00edquidos. La albahaca santa (tulsi) y la yerba mate estimulan la energ\u00eda equilibrada para fortalecer la mente y el cuerpo. Los sabores refrescantes y limpiadores con toques de menta ayudan a equilibrar antojos y promover una alimentaci\u00f3n saludable para un equilibrio de peso \u00f3ptimo.*","og_url":"https:\/\/tadin.com\/es\/producto\/slim-mate-organic\/","og_site_name":"Tadin Herb &amp; Tea Co.","article_modified_time":"2025-10-07T18:24:48+00:00","og_image":[{"width":2400,"height":2400,"url":"https:\/\/tadin.com\/wp-content\/uploads\/2023\/08\/3D-TADIN-Organic-Bilingual-SLIM-MATE.jpg","type":"image\/jpeg"}],"twitter_card":"summary_large_image","twitter_misc":{"Tiempo de lectura":"1 minuto"},"schema":{"@context":"https:\/\/schema.org","@graph":[{"@type":"WebPage","@id":"https:\/\/tadin.com\/es\/producto\/slim-mate-organic\/","url":"https:\/\/tadin.com\/es\/producto\/slim-mate-organic\/","name":"T\u00e9 Org\u00e1nico Slim-Mate\u00ae &#8211; Tadin Herb &amp; Tea Co.","isPartOf":{"@id":"https:\/\/tadin.com\/es\/#website"},"primaryImageOfPage":{"@id":"https:\/\/tadin.com\/es\/producto\/slim-mate-organic\/#primaryimage"},"image":{"@id":"https:\/\/tadin.com\/es\/producto\/slim-mate-organic\/#primaryimage"},"thumbnailUrl":"https:\/\/tadin.com\/wp-content\/uploads\/2023\/08\/3D-TADIN-Organic-Bilingual-SLIM-MATE.jpg","datePublished":"2022-07-08T02:24:57+00:00","dateModified":"2025-10-07T18:24:48+00:00","breadcrumb":{"@id":"https:\/\/tadin.com\/es\/producto\/slim-mate-organic\/#breadcrumb"},"inLanguage":"es","potentialAction":[{"@type":"ReadAction","target":["https:\/\/tadin.com\/es\/producto\/slim-mate-organic\/"]}]},{"@type":"ImageObject","inLanguage":"es","@id":"https:\/\/tadin.com\/es\/producto\/slim-mate-organic\/#primaryimage","url":"https:\/\/tadin.com\/wp-content\/uploads\/2023\/08\/3D-TADIN-Organic-Bilingual-SLIM-MATE.jpg","contentUrl":"https:\/\/tadin.com\/wp-content\/uploads\/2023\/08\/3D-TADIN-Organic-Bilingual-SLIM-MATE.jpg","width":2400,"height":2400},{"@type":"BreadcrumbList","@id":"https:\/\/tadin.com\/es\/producto\/slim-mate-organic\/#breadcrumb","itemListElement":[{"@type":"ListItem","position":1,"name":"Home","item":"https:\/\/tadin.com\/es\/"},{"@type":"ListItem","position":2,"name":"Shop","item":"https:\/\/tadin.com\/es\/shop\/"},{"@type":"ListItem","position":3,"name":"T\u00e9 Org\u00e1nico Slim-Mate\u00ae"}]},{"@type":"WebSite","@id":"https:\/\/tadin.com\/es\/#website","url":"https:\/\/tadin.com\/es\/","name":"Tadin Herb &amp; Tea Co.","description":"","publisher":{"@id":"https:\/\/tadin.com\/es\/#organization"},"potentialAction":[{"@type":"SearchAction","target":{"@type":"EntryPoint","urlTemplate":"https:\/\/tadin.com\/es\/?s={search_term_string}"},"query-input":{"@type":"PropertyValueSpecification","valueRequired":true,"valueName":"search_term_string"}}],"inLanguage":"es"},{"@type":"Organization","@id":"https:\/\/tadin.com\/es\/#organization","name":"Tadin Herb & Tea Co.","url":"https:\/\/tadin.com\/es\/","logo":{"@type":"ImageObject","inLanguage":"es","@id":"https:\/\/tadin.com\/es\/#\/schema\/logo\/image\/","url":"https:\/\/tadin.com\/wp-content\/uploads\/2021\/04\/Website-logo2-Retina.png","contentUrl":"https:\/\/tadin.com\/wp-content\/uploads\/2021\/04\/Website-logo2-Retina.png","width":270,"height":120,"caption":"Tadin Herb & Tea Co."},"image":{"@id":"https:\/\/tadin.com\/es\/#\/schema\/logo\/image\/"}}]}},"_links":{"self":[{"href":"https:\/\/tadin.com\/es\/wp-json\/wp\/v2\/product\/58889","targetHints":{"allow":["GET"]}}],"collection":[{"href":"https:\/\/tadin.com\/es\/wp-json\/wp\/v2\/product"}],"about":[{"href":"https:\/\/tadin.com\/es\/wp-json\/wp\/v2\/types\/product"}],"replies":[{"embeddable":true,"href":"https:\/\/tadin.com\/es\/wp-json\/wp\/v2\/comments?post=58889"}],"wp:featuredmedia":[{"embeddable":true,"href":"https:\/\/tadin.com\/es\/wp-json\/wp\/v2\/media\/66014"}],"wp:attachment":[{"href":"https:\/\/tadin.com\/es\/wp-json\/wp\/v2\/media?parent=58889"}],"wp:term":[{"taxonomy":"product_brand","embeddable":true,"href":"https:\/\/tadin.com\/es\/wp-json\/wp\/v2\/product_brand?post=58889"},{"taxonomy":"product_cat","embeddable":true,"href":"https:\/\/tadin.com\/es\/wp-json\/wp\/v2\/product_cat?post=58889"},{"taxonomy":"product_tag","embeddable":true,"href":"https:\/\/tadin.com\/es\/wp-json\/wp\/v2\/product_tag?post=58889"}],"curies":[{"name":"wp","href":"https:\/\/api.w.org\/{rel}","templated":true}]}}