{"id":56705,"date":"2021-04-30T02:51:38","date_gmt":"2021-04-30T09:51:38","guid":{"rendered":"https:\/\/tadin.com\/product\/original-de-semillas-de-lino-molidas\/"},"modified":"2025-07-18T07:58:10","modified_gmt":"2025-07-18T14:58:10","slug":"semilla-de-lino-molida-original","status":"publish","type":"product","link":"https:\/\/tadin.com\/es\/producto\/semilla-de-lino-molida-original\/","title":{"rendered":"Semilla de Linaza Molida Original"},"content":{"rendered":"<p>La Linaza Molida de TADIN, o semillas de lino molidas, hacen que sea c\u00f3modo y f\u00e1cil incorporar esta milenaria fuente natural de prote\u00edna y fibra a tus h\u00e1bitos alimenticios. Su densidad se mantiene intacta, las semillas las hemos triturado cuidadosamente en part\u00edculas m\u00e1s peque\u00f1as para facilitar su consumo y tambi\u00e9n revelar sus valiosas caracter\u00edsticas.<\/p>\n<ul>\n<li>*Omegas 3 y 6<\/li>\n<li>*Buena fuente de fibra<\/li>\n<\/ul>\n","protected":false},"excerpt":{"rendered":"<p>La Linaza Molida de TADIN, o semillas de lino molidas, hacen que sea c\u00f3modo y f\u00e1cil incorporar esta milenaria fuente natural de prote\u00edna y fibra a tus h\u00e1bitos alimenticios. Su densidad se mantiene intacta, las semillas las hemos triturado cuidadosamente en part\u00edculas m\u00e1s peque\u00f1as para facilitar su consumo y tambi\u00e9n revelar sus valiosas caracter\u00edsticas.<\/p>\n<ul>\n<li>*Omegas 3 y 6<\/li>\n<li>*Buena fuente de fibra<\/li>\n<\/ul>\n","protected":false},"featured_media":66178,"comment_status":"open","ping_status":"closed","template":"","meta":{"_acf_changed":false,"inline_featured_image":false},"product_brand":[],"product_cat":[632,321],"product_tag":[],"class_list":{"0":"post-56705","1":"product","2":"type-product","3":"status-publish","4":"has-post-thumbnail","6":"product_cat-flax-seeds-es","7":"product_cat-bolsas-de-fondo-plano","8":"pa_size-7-oz-es","9":"pa_size-15-oz-es","10":"description-off","12":"first","13":"instock","14":"taxable","15":"shipping-taxable","16":"purchasable","17":"product-type-variable"},"acf":[],"yoast_head":"<!-- This site is optimized with the Yoast SEO plugin v27.0 - https:\/\/yoast.com\/product\/yoast-seo-wordpress\/ -->\n<title>Semilla de Linaza Molida Original &#8211; Tadin Herb &amp; Tea Co.<\/title>\n<meta name=\"robots\" content=\"index, follow, max-snippet:-1, max-image-preview:large, max-video-preview:-1\" \/>\n<link rel=\"canonical\" href=\"https:\/\/tadin.com\/es\/producto\/semilla-de-lino-molida-original\/\" \/>\n<meta property=\"og:locale\" content=\"es_ES\" \/>\n<meta property=\"og:type\" content=\"article\" \/>\n<meta property=\"og:title\" content=\"Semilla de Linaza Molida Original &#8211; Tadin Herb &amp; Tea Co.\" \/>\n<meta property=\"og:description\" content=\"La Linaza Molida de TADIN, o semillas de lino molidas, hacen que sea c\u00f3modo y f\u00e1cil incorporar esta milenaria fuente natural de prote\u00edna y fibra a tus h\u00e1bitos alimenticios. Su densidad se mantiene intacta, las semillas las hemos triturado cuidadosamente en part\u00edculas m\u00e1s peque\u00f1as para facilitar su consumo y tambi\u00e9n revelar sus valiosas caracter\u00edsticas.   *Omegas 3 y 6  *Buena fuente de fibra\" \/>\n<meta property=\"og:url\" content=\"https:\/\/tadin.com\/es\/producto\/semilla-de-lino-molida-original\/\" \/>\n<meta property=\"og:site_name\" content=\"Tadin Herb &amp; Tea Co.\" \/>\n<meta property=\"article:modified_time\" content=\"2025-07-18T14:58:10+00:00\" \/>\n<meta property=\"og:image\" content=\"https:\/\/tadin.com\/wp-content\/uploads\/2023\/08\/3D-15oz-Bilingual-FLAXSEED-Original-1-1.jpg\" \/>\n\t<meta property=\"og:image:width\" content=\"1080\" \/>\n\t<meta property=\"og:image:height\" content=\"800\" \/>\n\t<meta property=\"og:image:type\" content=\"image\/jpeg\" \/>\n<meta name=\"twitter:card\" content=\"summary_large_image\" \/>\n<meta name=\"twitter:label1\" content=\"Tiempo de lectura\" \/>\n\t<meta name=\"twitter:data1\" content=\"1 minuto\" \/>\n<script type=\"application\/ld+json\" class=\"yoast-schema-graph\">{\"@context\":\"https:\/\/schema.org\",\"@graph\":[{\"@type\":\"WebPage\",\"@id\":\"https:\/\/tadin.com\/es\/producto\/semilla-de-lino-molida-original\/\",\"url\":\"https:\/\/tadin.com\/es\/producto\/semilla-de-lino-molida-original\/\",\"name\":\"Semilla de Linaza Molida Original &#8211; Tadin Herb &amp; Tea Co.\",\"isPartOf\":{\"@id\":\"https:\/\/tadin.com\/es\/#website\"},\"primaryImageOfPage\":{\"@id\":\"https:\/\/tadin.com\/es\/producto\/semilla-de-lino-molida-original\/#primaryimage\"},\"image\":{\"@id\":\"https:\/\/tadin.com\/es\/producto\/semilla-de-lino-molida-original\/#primaryimage\"},\"thumbnailUrl\":\"https:\/\/tadin.com\/wp-content\/uploads\/2023\/08\/3D-15oz-Bilingual-FLAXSEED-Original-1-1.jpg\",\"datePublished\":\"2021-04-30T09:51:38+00:00\",\"dateModified\":\"2025-07-18T14:58:10+00:00\",\"breadcrumb\":{\"@id\":\"https:\/\/tadin.com\/es\/producto\/semilla-de-lino-molida-original\/#breadcrumb\"},\"inLanguage\":\"es\",\"potentialAction\":[{\"@type\":\"ReadAction\",\"target\":[\"https:\/\/tadin.com\/es\/producto\/semilla-de-lino-molida-original\/\"]}]},{\"@type\":\"ImageObject\",\"inLanguage\":\"es\",\"@id\":\"https:\/\/tadin.com\/es\/producto\/semilla-de-lino-molida-original\/#primaryimage\",\"url\":\"https:\/\/tadin.com\/wp-content\/uploads\/2023\/08\/3D-15oz-Bilingual-FLAXSEED-Original-1-1.jpg\",\"contentUrl\":\"https:\/\/tadin.com\/wp-content\/uploads\/2023\/08\/3D-15oz-Bilingual-FLAXSEED-Original-1-1.jpg\",\"width\":1080,\"height\":800},{\"@type\":\"BreadcrumbList\",\"@id\":\"https:\/\/tadin.com\/es\/producto\/semilla-de-lino-molida-original\/#breadcrumb\",\"itemListElement\":[{\"@type\":\"ListItem\",\"position\":1,\"name\":\"Home\",\"item\":\"https:\/\/tadin.com\/es\/\"},{\"@type\":\"ListItem\",\"position\":2,\"name\":\"Shop\",\"item\":\"https:\/\/tadin.com\/es\/shop\/\"},{\"@type\":\"ListItem\",\"position\":3,\"name\":\"Semilla de Linaza Molida Original\"}]},{\"@type\":\"WebSite\",\"@id\":\"https:\/\/tadin.com\/es\/#website\",\"url\":\"https:\/\/tadin.com\/es\/\",\"name\":\"Tadin Herb &amp; Tea Co.\",\"description\":\"\",\"publisher\":{\"@id\":\"https:\/\/tadin.com\/es\/#organization\"},\"potentialAction\":[{\"@type\":\"SearchAction\",\"target\":{\"@type\":\"EntryPoint\",\"urlTemplate\":\"https:\/\/tadin.com\/es\/?s={search_term_string}\"},\"query-input\":{\"@type\":\"PropertyValueSpecification\",\"valueRequired\":true,\"valueName\":\"search_term_string\"}}],\"inLanguage\":\"es\"},{\"@type\":\"Organization\",\"@id\":\"https:\/\/tadin.com\/es\/#organization\",\"name\":\"Tadin Herb & Tea Co.\",\"url\":\"https:\/\/tadin.com\/es\/\",\"logo\":{\"@type\":\"ImageObject\",\"inLanguage\":\"es\",\"@id\":\"https:\/\/tadin.com\/es\/#\/schema\/logo\/image\/\",\"url\":\"https:\/\/tadin.com\/wp-content\/uploads\/2021\/04\/Website-logo2-Retina.png\",\"contentUrl\":\"https:\/\/tadin.com\/wp-content\/uploads\/2021\/04\/Website-logo2-Retina.png\",\"width\":270,\"height\":120,\"caption\":\"Tadin Herb & Tea Co.\"},\"image\":{\"@id\":\"https:\/\/tadin.com\/es\/#\/schema\/logo\/image\/\"}}]}<\/script>\n<!-- \/ Yoast SEO plugin. -->","yoast_head_json":{"title":"Semilla de Linaza Molida Original &#8211; Tadin Herb &amp; Tea Co.","robots":{"index":"index","follow":"follow","max-snippet":"max-snippet:-1","max-image-preview":"max-image-preview:large","max-video-preview":"max-video-preview:-1"},"canonical":"https:\/\/tadin.com\/es\/producto\/semilla-de-lino-molida-original\/","og_locale":"es_ES","og_type":"article","og_title":"Semilla de Linaza Molida Original &#8211; Tadin Herb &amp; Tea Co.","og_description":"La Linaza Molida de TADIN, o semillas de lino molidas, hacen que sea c\u00f3modo y f\u00e1cil incorporar esta milenaria fuente natural de prote\u00edna y fibra a tus h\u00e1bitos alimenticios. Su densidad se mantiene intacta, las semillas las hemos triturado cuidadosamente en part\u00edculas m\u00e1s peque\u00f1as para facilitar su consumo y tambi\u00e9n revelar sus valiosas caracter\u00edsticas.   *Omegas 3 y 6  *Buena fuente de fibra","og_url":"https:\/\/tadin.com\/es\/producto\/semilla-de-lino-molida-original\/","og_site_name":"Tadin Herb &amp; Tea Co.","article_modified_time":"2025-07-18T14:58:10+00:00","og_image":[{"width":1080,"height":800,"url":"https:\/\/tadin.com\/wp-content\/uploads\/2023\/08\/3D-15oz-Bilingual-FLAXSEED-Original-1-1.jpg","type":"image\/jpeg"}],"twitter_card":"summary_large_image","twitter_misc":{"Tiempo de lectura":"1 minuto"},"schema":{"@context":"https:\/\/schema.org","@graph":[{"@type":"WebPage","@id":"https:\/\/tadin.com\/es\/producto\/semilla-de-lino-molida-original\/","url":"https:\/\/tadin.com\/es\/producto\/semilla-de-lino-molida-original\/","name":"Semilla de Linaza Molida Original &#8211; Tadin Herb &amp; Tea Co.","isPartOf":{"@id":"https:\/\/tadin.com\/es\/#website"},"primaryImageOfPage":{"@id":"https:\/\/tadin.com\/es\/producto\/semilla-de-lino-molida-original\/#primaryimage"},"image":{"@id":"https:\/\/tadin.com\/es\/producto\/semilla-de-lino-molida-original\/#primaryimage"},"thumbnailUrl":"https:\/\/tadin.com\/wp-content\/uploads\/2023\/08\/3D-15oz-Bilingual-FLAXSEED-Original-1-1.jpg","datePublished":"2021-04-30T09:51:38+00:00","dateModified":"2025-07-18T14:58:10+00:00","breadcrumb":{"@id":"https:\/\/tadin.com\/es\/producto\/semilla-de-lino-molida-original\/#breadcrumb"},"inLanguage":"es","potentialAction":[{"@type":"ReadAction","target":["https:\/\/tadin.com\/es\/producto\/semilla-de-lino-molida-original\/"]}]},{"@type":"ImageObject","inLanguage":"es","@id":"https:\/\/tadin.com\/es\/producto\/semilla-de-lino-molida-original\/#primaryimage","url":"https:\/\/tadin.com\/wp-content\/uploads\/2023\/08\/3D-15oz-Bilingual-FLAXSEED-Original-1-1.jpg","contentUrl":"https:\/\/tadin.com\/wp-content\/uploads\/2023\/08\/3D-15oz-Bilingual-FLAXSEED-Original-1-1.jpg","width":1080,"height":800},{"@type":"BreadcrumbList","@id":"https:\/\/tadin.com\/es\/producto\/semilla-de-lino-molida-original\/#breadcrumb","itemListElement":[{"@type":"ListItem","position":1,"name":"Home","item":"https:\/\/tadin.com\/es\/"},{"@type":"ListItem","position":2,"name":"Shop","item":"https:\/\/tadin.com\/es\/shop\/"},{"@type":"ListItem","position":3,"name":"Semilla de Linaza Molida Original"}]},{"@type":"WebSite","@id":"https:\/\/tadin.com\/es\/#website","url":"https:\/\/tadin.com\/es\/","name":"Tadin Herb &amp; Tea Co.","description":"","publisher":{"@id":"https:\/\/tadin.com\/es\/#organization"},"potentialAction":[{"@type":"SearchAction","target":{"@type":"EntryPoint","urlTemplate":"https:\/\/tadin.com\/es\/?s={search_term_string}"},"query-input":{"@type":"PropertyValueSpecification","valueRequired":true,"valueName":"search_term_string"}}],"inLanguage":"es"},{"@type":"Organization","@id":"https:\/\/tadin.com\/es\/#organization","name":"Tadin Herb & Tea Co.","url":"https:\/\/tadin.com\/es\/","logo":{"@type":"ImageObject","inLanguage":"es","@id":"https:\/\/tadin.com\/es\/#\/schema\/logo\/image\/","url":"https:\/\/tadin.com\/wp-content\/uploads\/2021\/04\/Website-logo2-Retina.png","contentUrl":"https:\/\/tadin.com\/wp-content\/uploads\/2021\/04\/Website-logo2-Retina.png","width":270,"height":120,"caption":"Tadin Herb & Tea Co."},"image":{"@id":"https:\/\/tadin.com\/es\/#\/schema\/logo\/image\/"}}]}},"_links":{"self":[{"href":"https:\/\/tadin.com\/es\/wp-json\/wp\/v2\/product\/56705","targetHints":{"allow":["GET"]}}],"collection":[{"href":"https:\/\/tadin.com\/es\/wp-json\/wp\/v2\/product"}],"about":[{"href":"https:\/\/tadin.com\/es\/wp-json\/wp\/v2\/types\/product"}],"replies":[{"embeddable":true,"href":"https:\/\/tadin.com\/es\/wp-json\/wp\/v2\/comments?post=56705"}],"wp:featuredmedia":[{"embeddable":true,"href":"https:\/\/tadin.com\/es\/wp-json\/wp\/v2\/media\/66178"}],"wp:attachment":[{"href":"https:\/\/tadin.com\/es\/wp-json\/wp\/v2\/media?parent=56705"}],"wp:term":[{"taxonomy":"product_brand","embeddable":true,"href":"https:\/\/tadin.com\/es\/wp-json\/wp\/v2\/product_brand?post=56705"},{"taxonomy":"product_cat","embeddable":true,"href":"https:\/\/tadin.com\/es\/wp-json\/wp\/v2\/product_cat?post=56705"},{"taxonomy":"product_tag","embeddable":true,"href":"https:\/\/tadin.com\/es\/wp-json\/wp\/v2\/product_tag?post=56705"}],"curies":[{"name":"wp","href":"https:\/\/api.w.org\/{rel}","templated":true}]}}