{"id":56696,"date":"2021-04-30T06:51:38","date_gmt":"2021-04-30T13:51:38","guid":{"rendered":"https:\/\/tadin.com\/product\/canelita\/"},"modified":"2025-07-18T07:53:54","modified_gmt":"2025-07-18T14:53:54","slug":"canelita-2","status":"publish","type":"product","link":"https:\/\/tadin.com\/es\/producto\/canelita-2\/","title":{"rendered":"Canelita\u00ae"},"content":{"rendered":"<p>La Canelita\u00ae de Tandin, brinda una mezcla perfecta de t\u00e9 con canela que trae confort\u00a0a todo el que lo pruebe, convirti\u00e9ndola en la bebida perfecta para los d\u00edas m\u00e1s fr\u00edos del a\u00f1o. Nuestra Canelita\u00ae ofrece notas picantes y c\u00e1lida de canela, toques afrutados de escaramujos y una pizca fuerte de t\u00e9 negro. Disfruta del c\u00e1lido aroma y sabor mientras bebe este t\u00e9. (La caja contiene 24 bolsitas de t\u00e9)<\/p>\n","protected":false},"excerpt":{"rendered":"<p>La Canelita\u00ae de Tandin, brinda una mezcla perfecta de t\u00e9 con canela que trae confort\u00a0a todo el que lo pruebe, convirti\u00e9ndola en la bebida perfecta para los d\u00edas m\u00e1s fr\u00edos del a\u00f1o. Nuestra Canelita\u00ae ofrece notas picantes y c\u00e1lida de canela, toques afrutados de escaramujos y una pizca fuerte de t\u00e9 negro. Disfruta del c\u00e1lido aroma y sabor mientras bebe este t\u00e9. (La caja contiene 24 bolsitas de t\u00e9)<\/p>\n","protected":false},"featured_media":65788,"comment_status":"open","ping_status":"closed","template":"","meta":{"_acf_changed":false,"inline_featured_image":false},"product_brand":[],"product_cat":[312,317,335],"product_tag":[328],"class_list":{"0":"post-56696","1":"product","2":"type-product","3":"status-publish","4":"has-post-thumbnail","6":"product_cat-te","7":"product_cat-te-tradicional","8":"product_cat-sabores-temporada","9":"product_tag-cafeina","10":"pa_caffeine-content-contiene-cafeina","11":"pa_size-24-quilates","12":"pa_size-10-ct-es","13":"pa_tea-type-te-negro","14":"pa_tea-type-te-de-hierbas","15":"description-off","17":"first","18":"instock","19":"featured","20":"taxable","21":"shipping-taxable","22":"purchasable","23":"product-type-variable"},"acf":[],"yoast_head":"<!-- This site is optimized with the Yoast SEO plugin v27.4 - https:\/\/yoast.com\/product\/yoast-seo-wordpress\/ -->\n<title>Canelita\u00ae &#8211; Tadin Herb &amp; Tea Co.<\/title>\n<meta name=\"robots\" content=\"index, follow, max-snippet:-1, max-image-preview:large, max-video-preview:-1\" \/>\n<link rel=\"canonical\" href=\"https:\/\/tadin.com\/es\/producto\/canelita-2\/\" \/>\n<meta property=\"og:locale\" content=\"es_ES\" \/>\n<meta property=\"og:type\" content=\"article\" \/>\n<meta property=\"og:title\" content=\"Canelita\u00ae &#8211; Tadin Herb &amp; Tea Co.\" \/>\n<meta property=\"og:description\" content=\"La Canelita\u00ae de Tandin, brinda una mezcla perfecta de t\u00e9 con canela que trae confort\u00a0a todo el que lo pruebe, convirti\u00e9ndola en la bebida perfecta para los d\u00edas m\u00e1s fr\u00edos del a\u00f1o. Nuestra Canelita\u00ae ofrece notas picantes y c\u00e1lida de canela, toques afrutados de escaramujos y una pizca fuerte de t\u00e9 negro. Disfruta del c\u00e1lido aroma y sabor mientras bebe este t\u00e9. (La caja contiene 24 bolsitas de t\u00e9)\" \/>\n<meta property=\"og:url\" content=\"https:\/\/tadin.com\/es\/producto\/canelita-2\/\" \/>\n<meta property=\"og:site_name\" content=\"Tadin Herb &amp; Tea Co.\" \/>\n<meta property=\"article:modified_time\" content=\"2025-07-18T14:53:54+00:00\" \/>\n<meta property=\"og:image\" content=\"https:\/\/tadin.com\/wp-content\/uploads\/2023\/08\/Cinnamon-Tea_TB314_3Dbox-1.jpg\" \/>\n\t<meta property=\"og:image:width\" content=\"1080\" \/>\n\t<meta property=\"og:image:height\" content=\"800\" \/>\n\t<meta property=\"og:image:type\" content=\"image\/jpeg\" \/>\n<meta name=\"twitter:card\" content=\"summary_large_image\" \/>\n<meta name=\"twitter:label1\" content=\"Tiempo de lectura\" \/>\n\t<meta name=\"twitter:data1\" content=\"1 minuto\" \/>\n<script type=\"application\/ld+json\" class=\"yoast-schema-graph\">{\"@context\":\"https:\\\/\\\/schema.org\",\"@graph\":[{\"@type\":\"WebPage\",\"@id\":\"https:\\\/\\\/tadin.com\\\/es\\\/producto\\\/canelita-2\\\/\",\"url\":\"https:\\\/\\\/tadin.com\\\/es\\\/producto\\\/canelita-2\\\/\",\"name\":\"Canelita\u00ae &#8211; Tadin Herb &amp; Tea Co.\",\"isPartOf\":{\"@id\":\"https:\\\/\\\/tadin.com\\\/es\\\/#website\"},\"primaryImageOfPage\":{\"@id\":\"https:\\\/\\\/tadin.com\\\/es\\\/producto\\\/canelita-2\\\/#primaryimage\"},\"image\":{\"@id\":\"https:\\\/\\\/tadin.com\\\/es\\\/producto\\\/canelita-2\\\/#primaryimage\"},\"thumbnailUrl\":\"https:\\\/\\\/tadin.com\\\/wp-content\\\/uploads\\\/2023\\\/08\\\/Cinnamon-Tea_TB314_3Dbox-1.jpg\",\"datePublished\":\"2021-04-30T13:51:38+00:00\",\"dateModified\":\"2025-07-18T14:53:54+00:00\",\"breadcrumb\":{\"@id\":\"https:\\\/\\\/tadin.com\\\/es\\\/producto\\\/canelita-2\\\/#breadcrumb\"},\"inLanguage\":\"es\",\"potentialAction\":[{\"@type\":\"ReadAction\",\"target\":[\"https:\\\/\\\/tadin.com\\\/es\\\/producto\\\/canelita-2\\\/\"]}]},{\"@type\":\"ImageObject\",\"inLanguage\":\"es\",\"@id\":\"https:\\\/\\\/tadin.com\\\/es\\\/producto\\\/canelita-2\\\/#primaryimage\",\"url\":\"https:\\\/\\\/tadin.com\\\/wp-content\\\/uploads\\\/2023\\\/08\\\/Cinnamon-Tea_TB314_3Dbox-1.jpg\",\"contentUrl\":\"https:\\\/\\\/tadin.com\\\/wp-content\\\/uploads\\\/2023\\\/08\\\/Cinnamon-Tea_TB314_3Dbox-1.jpg\",\"width\":1080,\"height\":800},{\"@type\":\"BreadcrumbList\",\"@id\":\"https:\\\/\\\/tadin.com\\\/es\\\/producto\\\/canelita-2\\\/#breadcrumb\",\"itemListElement\":[{\"@type\":\"ListItem\",\"position\":1,\"name\":\"Home\",\"item\":\"https:\\\/\\\/tadin.com\\\/es\\\/\"},{\"@type\":\"ListItem\",\"position\":2,\"name\":\"Shop\",\"item\":\"https:\\\/\\\/tadin.com\\\/es\\\/shop\\\/\"},{\"@type\":\"ListItem\",\"position\":3,\"name\":\"Canelita\u00ae\"}]},{\"@type\":\"WebSite\",\"@id\":\"https:\\\/\\\/tadin.com\\\/es\\\/#website\",\"url\":\"https:\\\/\\\/tadin.com\\\/es\\\/\",\"name\":\"Tadin Herb &amp; Tea Co.\",\"description\":\"\",\"publisher\":{\"@id\":\"https:\\\/\\\/tadin.com\\\/es\\\/#organization\"},\"potentialAction\":[{\"@type\":\"SearchAction\",\"target\":{\"@type\":\"EntryPoint\",\"urlTemplate\":\"https:\\\/\\\/tadin.com\\\/es\\\/?s={search_term_string}\"},\"query-input\":{\"@type\":\"PropertyValueSpecification\",\"valueRequired\":true,\"valueName\":\"search_term_string\"}}],\"inLanguage\":\"es\"},{\"@type\":\"Organization\",\"@id\":\"https:\\\/\\\/tadin.com\\\/es\\\/#organization\",\"name\":\"Tadin Herb & Tea Co.\",\"url\":\"https:\\\/\\\/tadin.com\\\/es\\\/\",\"logo\":{\"@type\":\"ImageObject\",\"inLanguage\":\"es\",\"@id\":\"https:\\\/\\\/tadin.com\\\/es\\\/#\\\/schema\\\/logo\\\/image\\\/\",\"url\":\"https:\\\/\\\/tadin.com\\\/wp-content\\\/uploads\\\/2021\\\/04\\\/Website-logo2-Retina.png\",\"contentUrl\":\"https:\\\/\\\/tadin.com\\\/wp-content\\\/uploads\\\/2021\\\/04\\\/Website-logo2-Retina.png\",\"width\":270,\"height\":120,\"caption\":\"Tadin Herb & Tea Co.\"},\"image\":{\"@id\":\"https:\\\/\\\/tadin.com\\\/es\\\/#\\\/schema\\\/logo\\\/image\\\/\"}}]}<\/script>\n<!-- \/ Yoast SEO plugin. -->","yoast_head_json":{"title":"Canelita\u00ae &#8211; Tadin Herb &amp; Tea Co.","robots":{"index":"index","follow":"follow","max-snippet":"max-snippet:-1","max-image-preview":"max-image-preview:large","max-video-preview":"max-video-preview:-1"},"canonical":"https:\/\/tadin.com\/es\/producto\/canelita-2\/","og_locale":"es_ES","og_type":"article","og_title":"Canelita\u00ae &#8211; Tadin Herb &amp; Tea Co.","og_description":"La Canelita\u00ae de Tandin, brinda una mezcla perfecta de t\u00e9 con canela que trae confort\u00a0a todo el que lo pruebe, convirti\u00e9ndola en la bebida perfecta para los d\u00edas m\u00e1s fr\u00edos del a\u00f1o. Nuestra Canelita\u00ae ofrece notas picantes y c\u00e1lida de canela, toques afrutados de escaramujos y una pizca fuerte de t\u00e9 negro. Disfruta del c\u00e1lido aroma y sabor mientras bebe este t\u00e9. (La caja contiene 24 bolsitas de t\u00e9)","og_url":"https:\/\/tadin.com\/es\/producto\/canelita-2\/","og_site_name":"Tadin Herb &amp; Tea Co.","article_modified_time":"2025-07-18T14:53:54+00:00","og_image":[{"width":1080,"height":800,"url":"https:\/\/tadin.com\/wp-content\/uploads\/2023\/08\/Cinnamon-Tea_TB314_3Dbox-1.jpg","type":"image\/jpeg"}],"twitter_card":"summary_large_image","twitter_misc":{"Tiempo de lectura":"1 minuto"},"schema":{"@context":"https:\/\/schema.org","@graph":[{"@type":"WebPage","@id":"https:\/\/tadin.com\/es\/producto\/canelita-2\/","url":"https:\/\/tadin.com\/es\/producto\/canelita-2\/","name":"Canelita\u00ae &#8211; Tadin Herb &amp; Tea Co.","isPartOf":{"@id":"https:\/\/tadin.com\/es\/#website"},"primaryImageOfPage":{"@id":"https:\/\/tadin.com\/es\/producto\/canelita-2\/#primaryimage"},"image":{"@id":"https:\/\/tadin.com\/es\/producto\/canelita-2\/#primaryimage"},"thumbnailUrl":"https:\/\/tadin.com\/wp-content\/uploads\/2023\/08\/Cinnamon-Tea_TB314_3Dbox-1.jpg","datePublished":"2021-04-30T13:51:38+00:00","dateModified":"2025-07-18T14:53:54+00:00","breadcrumb":{"@id":"https:\/\/tadin.com\/es\/producto\/canelita-2\/#breadcrumb"},"inLanguage":"es","potentialAction":[{"@type":"ReadAction","target":["https:\/\/tadin.com\/es\/producto\/canelita-2\/"]}]},{"@type":"ImageObject","inLanguage":"es","@id":"https:\/\/tadin.com\/es\/producto\/canelita-2\/#primaryimage","url":"https:\/\/tadin.com\/wp-content\/uploads\/2023\/08\/Cinnamon-Tea_TB314_3Dbox-1.jpg","contentUrl":"https:\/\/tadin.com\/wp-content\/uploads\/2023\/08\/Cinnamon-Tea_TB314_3Dbox-1.jpg","width":1080,"height":800},{"@type":"BreadcrumbList","@id":"https:\/\/tadin.com\/es\/producto\/canelita-2\/#breadcrumb","itemListElement":[{"@type":"ListItem","position":1,"name":"Home","item":"https:\/\/tadin.com\/es\/"},{"@type":"ListItem","position":2,"name":"Shop","item":"https:\/\/tadin.com\/es\/shop\/"},{"@type":"ListItem","position":3,"name":"Canelita\u00ae"}]},{"@type":"WebSite","@id":"https:\/\/tadin.com\/es\/#website","url":"https:\/\/tadin.com\/es\/","name":"Tadin Herb &amp; Tea Co.","description":"","publisher":{"@id":"https:\/\/tadin.com\/es\/#organization"},"potentialAction":[{"@type":"SearchAction","target":{"@type":"EntryPoint","urlTemplate":"https:\/\/tadin.com\/es\/?s={search_term_string}"},"query-input":{"@type":"PropertyValueSpecification","valueRequired":true,"valueName":"search_term_string"}}],"inLanguage":"es"},{"@type":"Organization","@id":"https:\/\/tadin.com\/es\/#organization","name":"Tadin Herb & Tea Co.","url":"https:\/\/tadin.com\/es\/","logo":{"@type":"ImageObject","inLanguage":"es","@id":"https:\/\/tadin.com\/es\/#\/schema\/logo\/image\/","url":"https:\/\/tadin.com\/wp-content\/uploads\/2021\/04\/Website-logo2-Retina.png","contentUrl":"https:\/\/tadin.com\/wp-content\/uploads\/2021\/04\/Website-logo2-Retina.png","width":270,"height":120,"caption":"Tadin Herb & Tea Co."},"image":{"@id":"https:\/\/tadin.com\/es\/#\/schema\/logo\/image\/"}}]}},"_links":{"self":[{"href":"https:\/\/tadin.com\/es\/wp-json\/wp\/v2\/product\/56696","targetHints":{"allow":["GET"]}}],"collection":[{"href":"https:\/\/tadin.com\/es\/wp-json\/wp\/v2\/product"}],"about":[{"href":"https:\/\/tadin.com\/es\/wp-json\/wp\/v2\/types\/product"}],"replies":[{"embeddable":true,"href":"https:\/\/tadin.com\/es\/wp-json\/wp\/v2\/comments?post=56696"}],"wp:featuredmedia":[{"embeddable":true,"href":"https:\/\/tadin.com\/es\/wp-json\/wp\/v2\/media\/65788"}],"wp:attachment":[{"href":"https:\/\/tadin.com\/es\/wp-json\/wp\/v2\/media?parent=56696"}],"wp:term":[{"taxonomy":"product_brand","embeddable":true,"href":"https:\/\/tadin.com\/es\/wp-json\/wp\/v2\/product_brand?post=56696"},{"taxonomy":"product_cat","embeddable":true,"href":"https:\/\/tadin.com\/es\/wp-json\/wp\/v2\/product_cat?post=56696"},{"taxonomy":"product_tag","embeddable":true,"href":"https:\/\/tadin.com\/es\/wp-json\/wp\/v2\/product_tag?post=56696"}],"curies":[{"name":"wp","href":"https:\/\/api.w.org\/{rel}","templated":true}]}}