{"id":56685,"date":"2021-04-30T06:51:39","date_gmt":"2021-04-30T13:51:39","guid":{"rendered":"https:\/\/tadin.com\/product\/semilla-de-lino\/"},"modified":"2025-08-25T15:15:46","modified_gmt":"2025-08-25T22:15:46","slug":"semilla-de-lino","status":"publish","type":"product","link":"https:\/\/tadin.com\/es\/producto\/semilla-de-lino\/","title":{"rendered":"Linaza"},"content":{"rendered":"<p><span style=\"font-weight: 400;\">La semilla de lino (o linaza) ha sido parte de las costumbres ind\u00edgenas durante miles de a\u00f1os. La linaza es incre\u00edblemente vers\u00e1til, lo cual la convierte en una opci\u00f3n muy popular para aquellos que disfrutan de la aventura de crear recetas apetecibles y saludables. Puedes usarlas para cocinar y hornear, e incluso para hacer batidos saludables. La linaza se convertir\u00e1 r\u00e1pidamente en su embajadora de bienestar.<\/span><\/p>\n<p>&nbsp;<\/p>\n<p>*La imagen mostrada es \u00fanicamente ilustrativa. El tama\u00f1o, dise\u00f1o y empaque reales pueden variar.<\/p>\n","protected":false},"excerpt":{"rendered":"<p><span style=\"font-weight: 400;\">La semilla de lino (o linaza) ha sido parte de las costumbres ind\u00edgenas durante miles de a\u00f1os. La linaza es incre\u00edblemente vers\u00e1til, lo cual la convierte en una opci\u00f3n muy popular para aquellos que disfrutan de la aventura de crear recetas apetecibles y saludables. Puedes usarlas para cocinar y hornear, e incluso para hacer batidos saludables. La linaza se convertir\u00e1 r\u00e1pidamente en su embajadora de bienestar.<\/span><\/p>\n","protected":false},"featured_media":79625,"comment_status":"open","ping_status":"closed","template":"","meta":{"_acf_changed":false,"inline_featured_image":false},"product_brand":[],"product_cat":[313,314],"product_tag":[],"class_list":{"0":"post-56685","1":"product","2":"type-product","3":"status-publish","4":"has-post-thumbnail","6":"product_cat-hierbas-y-especias-tradicional","7":"product_cat-hierbas-especias","8":"description-off","10":"first","11":"instock","12":"taxable","13":"shipping-taxable","14":"purchasable","15":"product-type-simple"},"acf":[],"yoast_head":"<!-- This site is optimized with the Yoast SEO plugin v27.0 - https:\/\/yoast.com\/product\/yoast-seo-wordpress\/ -->\n<title>Linaza &#8211; Tadin Herb &amp; Tea Co.<\/title>\n<meta name=\"robots\" content=\"index, follow, max-snippet:-1, max-image-preview:large, max-video-preview:-1\" \/>\n<link rel=\"canonical\" href=\"https:\/\/tadin.com\/es\/producto\/semilla-de-lino\/\" \/>\n<meta property=\"og:locale\" content=\"es_ES\" \/>\n<meta property=\"og:type\" content=\"article\" \/>\n<meta property=\"og:title\" content=\"Linaza &#8211; Tadin Herb &amp; Tea Co.\" \/>\n<meta property=\"og:description\" content=\"La semilla de lino (o linaza) ha sido parte de las costumbres ind\u00edgenas durante miles de a\u00f1os. La linaza es incre\u00edblemente vers\u00e1til, lo cual la convierte en una opci\u00f3n muy popular para aquellos que disfrutan de la aventura de crear recetas apetecibles y saludables. Puedes usarlas para cocinar y hornear, e incluso para hacer batidos saludables. La linaza se convertir\u00e1 r\u00e1pidamente en su embajadora de bienestar.\" \/>\n<meta property=\"og:url\" content=\"https:\/\/tadin.com\/es\/producto\/semilla-de-lino\/\" \/>\n<meta property=\"og:site_name\" content=\"Tadin Herb &amp; Tea Co.\" \/>\n<meta property=\"article:modified_time\" content=\"2025-08-25T22:15:46+00:00\" \/>\n<meta property=\"og:image\" content=\"https:\/\/tadin.com\/wp-content\/uploads\/2021\/04\/Flax-Seed.jpg\" \/>\n\t<meta property=\"og:image:width\" content=\"1022\" \/>\n\t<meta property=\"og:image:height\" content=\"1033\" \/>\n\t<meta property=\"og:image:type\" content=\"image\/jpeg\" \/>\n<meta name=\"twitter:card\" content=\"summary_large_image\" \/>\n<meta name=\"twitter:label1\" content=\"Tiempo de lectura\" \/>\n\t<meta name=\"twitter:data1\" content=\"1 minuto\" \/>\n<script type=\"application\/ld+json\" class=\"yoast-schema-graph\">{\"@context\":\"https:\/\/schema.org\",\"@graph\":[{\"@type\":\"WebPage\",\"@id\":\"https:\/\/tadin.com\/es\/producto\/semilla-de-lino\/\",\"url\":\"https:\/\/tadin.com\/es\/producto\/semilla-de-lino\/\",\"name\":\"Linaza &#8211; Tadin Herb &amp; Tea Co.\",\"isPartOf\":{\"@id\":\"https:\/\/tadin.com\/es\/#website\"},\"primaryImageOfPage\":{\"@id\":\"https:\/\/tadin.com\/es\/producto\/semilla-de-lino\/#primaryimage\"},\"image\":{\"@id\":\"https:\/\/tadin.com\/es\/producto\/semilla-de-lino\/#primaryimage\"},\"thumbnailUrl\":\"https:\/\/tadin.com\/wp-content\/uploads\/2021\/04\/Flax-Seed.jpg\",\"datePublished\":\"2021-04-30T13:51:39+00:00\",\"dateModified\":\"2025-08-25T22:15:46+00:00\",\"breadcrumb\":{\"@id\":\"https:\/\/tadin.com\/es\/producto\/semilla-de-lino\/#breadcrumb\"},\"inLanguage\":\"es\",\"potentialAction\":[{\"@type\":\"ReadAction\",\"target\":[\"https:\/\/tadin.com\/es\/producto\/semilla-de-lino\/\"]}]},{\"@type\":\"ImageObject\",\"inLanguage\":\"es\",\"@id\":\"https:\/\/tadin.com\/es\/producto\/semilla-de-lino\/#primaryimage\",\"url\":\"https:\/\/tadin.com\/wp-content\/uploads\/2021\/04\/Flax-Seed.jpg\",\"contentUrl\":\"https:\/\/tadin.com\/wp-content\/uploads\/2021\/04\/Flax-Seed.jpg\",\"width\":1022,\"height\":1033},{\"@type\":\"BreadcrumbList\",\"@id\":\"https:\/\/tadin.com\/es\/producto\/semilla-de-lino\/#breadcrumb\",\"itemListElement\":[{\"@type\":\"ListItem\",\"position\":1,\"name\":\"Home\",\"item\":\"https:\/\/tadin.com\/es\/\"},{\"@type\":\"ListItem\",\"position\":2,\"name\":\"Shop\",\"item\":\"https:\/\/tadin.com\/es\/shop\/\"},{\"@type\":\"ListItem\",\"position\":3,\"name\":\"Linaza\"}]},{\"@type\":\"WebSite\",\"@id\":\"https:\/\/tadin.com\/es\/#website\",\"url\":\"https:\/\/tadin.com\/es\/\",\"name\":\"Tadin Herb &amp; Tea Co.\",\"description\":\"\",\"publisher\":{\"@id\":\"https:\/\/tadin.com\/es\/#organization\"},\"potentialAction\":[{\"@type\":\"SearchAction\",\"target\":{\"@type\":\"EntryPoint\",\"urlTemplate\":\"https:\/\/tadin.com\/es\/?s={search_term_string}\"},\"query-input\":{\"@type\":\"PropertyValueSpecification\",\"valueRequired\":true,\"valueName\":\"search_term_string\"}}],\"inLanguage\":\"es\"},{\"@type\":\"Organization\",\"@id\":\"https:\/\/tadin.com\/es\/#organization\",\"name\":\"Tadin Herb & Tea Co.\",\"url\":\"https:\/\/tadin.com\/es\/\",\"logo\":{\"@type\":\"ImageObject\",\"inLanguage\":\"es\",\"@id\":\"https:\/\/tadin.com\/es\/#\/schema\/logo\/image\/\",\"url\":\"https:\/\/tadin.com\/wp-content\/uploads\/2021\/04\/Website-logo2-Retina.png\",\"contentUrl\":\"https:\/\/tadin.com\/wp-content\/uploads\/2021\/04\/Website-logo2-Retina.png\",\"width\":270,\"height\":120,\"caption\":\"Tadin Herb & Tea Co.\"},\"image\":{\"@id\":\"https:\/\/tadin.com\/es\/#\/schema\/logo\/image\/\"}}]}<\/script>\n<!-- \/ Yoast SEO plugin. -->","yoast_head_json":{"title":"Linaza &#8211; Tadin Herb &amp; Tea Co.","robots":{"index":"index","follow":"follow","max-snippet":"max-snippet:-1","max-image-preview":"max-image-preview:large","max-video-preview":"max-video-preview:-1"},"canonical":"https:\/\/tadin.com\/es\/producto\/semilla-de-lino\/","og_locale":"es_ES","og_type":"article","og_title":"Linaza &#8211; Tadin Herb &amp; Tea Co.","og_description":"La semilla de lino (o linaza) ha sido parte de las costumbres ind\u00edgenas durante miles de a\u00f1os. La linaza es incre\u00edblemente vers\u00e1til, lo cual la convierte en una opci\u00f3n muy popular para aquellos que disfrutan de la aventura de crear recetas apetecibles y saludables. Puedes usarlas para cocinar y hornear, e incluso para hacer batidos saludables. La linaza se convertir\u00e1 r\u00e1pidamente en su embajadora de bienestar.","og_url":"https:\/\/tadin.com\/es\/producto\/semilla-de-lino\/","og_site_name":"Tadin Herb &amp; Tea Co.","article_modified_time":"2025-08-25T22:15:46+00:00","og_image":[{"width":1022,"height":1033,"url":"https:\/\/tadin.com\/wp-content\/uploads\/2021\/04\/Flax-Seed.jpg","type":"image\/jpeg"}],"twitter_card":"summary_large_image","twitter_misc":{"Tiempo de lectura":"1 minuto"},"schema":{"@context":"https:\/\/schema.org","@graph":[{"@type":"WebPage","@id":"https:\/\/tadin.com\/es\/producto\/semilla-de-lino\/","url":"https:\/\/tadin.com\/es\/producto\/semilla-de-lino\/","name":"Linaza &#8211; Tadin Herb &amp; Tea Co.","isPartOf":{"@id":"https:\/\/tadin.com\/es\/#website"},"primaryImageOfPage":{"@id":"https:\/\/tadin.com\/es\/producto\/semilla-de-lino\/#primaryimage"},"image":{"@id":"https:\/\/tadin.com\/es\/producto\/semilla-de-lino\/#primaryimage"},"thumbnailUrl":"https:\/\/tadin.com\/wp-content\/uploads\/2021\/04\/Flax-Seed.jpg","datePublished":"2021-04-30T13:51:39+00:00","dateModified":"2025-08-25T22:15:46+00:00","breadcrumb":{"@id":"https:\/\/tadin.com\/es\/producto\/semilla-de-lino\/#breadcrumb"},"inLanguage":"es","potentialAction":[{"@type":"ReadAction","target":["https:\/\/tadin.com\/es\/producto\/semilla-de-lino\/"]}]},{"@type":"ImageObject","inLanguage":"es","@id":"https:\/\/tadin.com\/es\/producto\/semilla-de-lino\/#primaryimage","url":"https:\/\/tadin.com\/wp-content\/uploads\/2021\/04\/Flax-Seed.jpg","contentUrl":"https:\/\/tadin.com\/wp-content\/uploads\/2021\/04\/Flax-Seed.jpg","width":1022,"height":1033},{"@type":"BreadcrumbList","@id":"https:\/\/tadin.com\/es\/producto\/semilla-de-lino\/#breadcrumb","itemListElement":[{"@type":"ListItem","position":1,"name":"Home","item":"https:\/\/tadin.com\/es\/"},{"@type":"ListItem","position":2,"name":"Shop","item":"https:\/\/tadin.com\/es\/shop\/"},{"@type":"ListItem","position":3,"name":"Linaza"}]},{"@type":"WebSite","@id":"https:\/\/tadin.com\/es\/#website","url":"https:\/\/tadin.com\/es\/","name":"Tadin Herb &amp; Tea Co.","description":"","publisher":{"@id":"https:\/\/tadin.com\/es\/#organization"},"potentialAction":[{"@type":"SearchAction","target":{"@type":"EntryPoint","urlTemplate":"https:\/\/tadin.com\/es\/?s={search_term_string}"},"query-input":{"@type":"PropertyValueSpecification","valueRequired":true,"valueName":"search_term_string"}}],"inLanguage":"es"},{"@type":"Organization","@id":"https:\/\/tadin.com\/es\/#organization","name":"Tadin Herb & Tea Co.","url":"https:\/\/tadin.com\/es\/","logo":{"@type":"ImageObject","inLanguage":"es","@id":"https:\/\/tadin.com\/es\/#\/schema\/logo\/image\/","url":"https:\/\/tadin.com\/wp-content\/uploads\/2021\/04\/Website-logo2-Retina.png","contentUrl":"https:\/\/tadin.com\/wp-content\/uploads\/2021\/04\/Website-logo2-Retina.png","width":270,"height":120,"caption":"Tadin Herb & Tea Co."},"image":{"@id":"https:\/\/tadin.com\/es\/#\/schema\/logo\/image\/"}}]}},"_links":{"self":[{"href":"https:\/\/tadin.com\/es\/wp-json\/wp\/v2\/product\/56685","targetHints":{"allow":["GET"]}}],"collection":[{"href":"https:\/\/tadin.com\/es\/wp-json\/wp\/v2\/product"}],"about":[{"href":"https:\/\/tadin.com\/es\/wp-json\/wp\/v2\/types\/product"}],"replies":[{"embeddable":true,"href":"https:\/\/tadin.com\/es\/wp-json\/wp\/v2\/comments?post=56685"}],"wp:featuredmedia":[{"embeddable":true,"href":"https:\/\/tadin.com\/es\/wp-json\/wp\/v2\/media\/79625"}],"wp:attachment":[{"href":"https:\/\/tadin.com\/es\/wp-json\/wp\/v2\/media?parent=56685"}],"wp:term":[{"taxonomy":"product_brand","embeddable":true,"href":"https:\/\/tadin.com\/es\/wp-json\/wp\/v2\/product_brand?post=56685"},{"taxonomy":"product_cat","embeddable":true,"href":"https:\/\/tadin.com\/es\/wp-json\/wp\/v2\/product_cat?post=56685"},{"taxonomy":"product_tag","embeddable":true,"href":"https:\/\/tadin.com\/es\/wp-json\/wp\/v2\/product_tag?post=56685"}],"curies":[{"name":"wp","href":"https:\/\/api.w.org\/{rel}","templated":true}]}}