{"id":56678,"date":"2021-04-30T06:52:06","date_gmt":"2021-04-30T13:52:06","guid":{"rendered":"https:\/\/tadin.com\/product\/linaza-mixta\/"},"modified":"2025-07-16T15:14:57","modified_gmt":"2025-07-16T22:14:57","slug":"linaza-mixta-2","status":"publish","type":"product","link":"https:\/\/tadin.com\/es\/producto\/linaza-mixta-2\/","title":{"rendered":"Linaza Mixta"},"content":{"rendered":"<p><strong>Mezcla Molida de Semillas de Lino Canadiense<\/strong><\/p>\n<p>TADIN\u00ae Linaza Mixta hace que sea c\u00f3modo y f\u00e1cil incorporar fibra natural a tus h\u00e1bitos alimenticios saludables. \u00a1Disfruta de esta combinaci\u00f3n \u00fanica de semillas de lino canadiense, psyllium, senna, aloe vera, cactus y frutas tropicales!<\/p>\n","protected":false},"excerpt":{"rendered":"<p><strong>Mezcla Molida de Semillas de Lino Canadiense<\/strong><\/p>\n<p>TADIN\u00ae Linaza Mixta hace que sea c\u00f3modo y f\u00e1cil incorporar fibra natural a tus h\u00e1bitos alimenticios saludables. \u00a1Disfruta de esta combinaci\u00f3n \u00fanica de semillas de lino canadiense, psyllium, senna, aloe vera, cactus y frutas tropicales!<\/p>\n","protected":false},"featured_media":66167,"comment_status":"open","ping_status":"closed","template":"","meta":{"_acf_changed":false,"inline_featured_image":false},"product_brand":[],"product_cat":[632,321],"product_tag":[],"class_list":{"0":"post-56678","1":"product","2":"type-product","3":"status-publish","4":"has-post-thumbnail","6":"product_cat-flax-seeds-es","7":"product_cat-bolsas-de-fondo-plano","8":"pa_size-14-oz-es","9":"description-off","11":"first","12":"instock","13":"taxable","14":"shipping-taxable","15":"purchasable","16":"product-type-simple"},"acf":[],"yoast_head":"<!-- This site is optimized with the Yoast SEO plugin v27.4 - https:\/\/yoast.com\/product\/yoast-seo-wordpress\/ -->\n<title>Linaza Mixta &#8211; Tadin Herb &amp; Tea Co.<\/title>\n<meta name=\"robots\" content=\"index, follow, max-snippet:-1, max-image-preview:large, max-video-preview:-1\" \/>\n<link rel=\"canonical\" href=\"https:\/\/tadin.com\/es\/producto\/linaza-mixta-2\/\" \/>\n<meta property=\"og:locale\" content=\"es_ES\" \/>\n<meta property=\"og:type\" content=\"article\" \/>\n<meta property=\"og:title\" content=\"Linaza Mixta &#8211; Tadin Herb &amp; Tea Co.\" \/>\n<meta property=\"og:description\" content=\"Mezcla Molida de Semillas de Lino Canadiense TADIN\u00ae Linaza Mixta hace que sea c\u00f3modo y f\u00e1cil incorporar fibra natural a tus h\u00e1bitos alimenticios saludables. \u00a1Disfruta de esta combinaci\u00f3n \u00fanica de semillas de lino canadiense, psyllium, senna, aloe vera, cactus y frutas tropicales!\" \/>\n<meta property=\"og:url\" content=\"https:\/\/tadin.com\/es\/producto\/linaza-mixta-2\/\" \/>\n<meta property=\"og:site_name\" content=\"Tadin Herb &amp; Tea Co.\" \/>\n<meta property=\"article:modified_time\" content=\"2025-07-16T22:14:57+00:00\" \/>\n<meta property=\"og:image\" content=\"https:\/\/tadin.com\/wp-content\/uploads\/2023\/08\/3D-14oz-Bilingual-FLAXSEED-LinazaMixta-1.jpg\" \/>\n\t<meta property=\"og:image:width\" content=\"1080\" \/>\n\t<meta property=\"og:image:height\" content=\"800\" \/>\n\t<meta property=\"og:image:type\" content=\"image\/jpeg\" \/>\n<meta name=\"twitter:card\" content=\"summary_large_image\" \/>\n<script type=\"application\/ld+json\" class=\"yoast-schema-graph\">{\"@context\":\"https:\\\/\\\/schema.org\",\"@graph\":[{\"@type\":\"WebPage\",\"@id\":\"https:\\\/\\\/tadin.com\\\/es\\\/producto\\\/linaza-mixta-2\\\/\",\"url\":\"https:\\\/\\\/tadin.com\\\/es\\\/producto\\\/linaza-mixta-2\\\/\",\"name\":\"Linaza Mixta &#8211; Tadin Herb &amp; Tea Co.\",\"isPartOf\":{\"@id\":\"https:\\\/\\\/tadin.com\\\/es\\\/#website\"},\"primaryImageOfPage\":{\"@id\":\"https:\\\/\\\/tadin.com\\\/es\\\/producto\\\/linaza-mixta-2\\\/#primaryimage\"},\"image\":{\"@id\":\"https:\\\/\\\/tadin.com\\\/es\\\/producto\\\/linaza-mixta-2\\\/#primaryimage\"},\"thumbnailUrl\":\"https:\\\/\\\/tadin.com\\\/wp-content\\\/uploads\\\/2023\\\/08\\\/3D-14oz-Bilingual-FLAXSEED-LinazaMixta-1.jpg\",\"datePublished\":\"2021-04-30T13:52:06+00:00\",\"dateModified\":\"2025-07-16T22:14:57+00:00\",\"breadcrumb\":{\"@id\":\"https:\\\/\\\/tadin.com\\\/es\\\/producto\\\/linaza-mixta-2\\\/#breadcrumb\"},\"inLanguage\":\"es\",\"potentialAction\":[{\"@type\":\"ReadAction\",\"target\":[\"https:\\\/\\\/tadin.com\\\/es\\\/producto\\\/linaza-mixta-2\\\/\"]}]},{\"@type\":\"ImageObject\",\"inLanguage\":\"es\",\"@id\":\"https:\\\/\\\/tadin.com\\\/es\\\/producto\\\/linaza-mixta-2\\\/#primaryimage\",\"url\":\"https:\\\/\\\/tadin.com\\\/wp-content\\\/uploads\\\/2023\\\/08\\\/3D-14oz-Bilingual-FLAXSEED-LinazaMixta-1.jpg\",\"contentUrl\":\"https:\\\/\\\/tadin.com\\\/wp-content\\\/uploads\\\/2023\\\/08\\\/3D-14oz-Bilingual-FLAXSEED-LinazaMixta-1.jpg\",\"width\":1080,\"height\":800},{\"@type\":\"BreadcrumbList\",\"@id\":\"https:\\\/\\\/tadin.com\\\/es\\\/producto\\\/linaza-mixta-2\\\/#breadcrumb\",\"itemListElement\":[{\"@type\":\"ListItem\",\"position\":1,\"name\":\"Home\",\"item\":\"https:\\\/\\\/tadin.com\\\/es\\\/\"},{\"@type\":\"ListItem\",\"position\":2,\"name\":\"Shop\",\"item\":\"https:\\\/\\\/tadin.com\\\/es\\\/shop\\\/\"},{\"@type\":\"ListItem\",\"position\":3,\"name\":\"Linaza Mixta\"}]},{\"@type\":\"WebSite\",\"@id\":\"https:\\\/\\\/tadin.com\\\/es\\\/#website\",\"url\":\"https:\\\/\\\/tadin.com\\\/es\\\/\",\"name\":\"Tadin Herb &amp; Tea Co.\",\"description\":\"\",\"publisher\":{\"@id\":\"https:\\\/\\\/tadin.com\\\/es\\\/#organization\"},\"potentialAction\":[{\"@type\":\"SearchAction\",\"target\":{\"@type\":\"EntryPoint\",\"urlTemplate\":\"https:\\\/\\\/tadin.com\\\/es\\\/?s={search_term_string}\"},\"query-input\":{\"@type\":\"PropertyValueSpecification\",\"valueRequired\":true,\"valueName\":\"search_term_string\"}}],\"inLanguage\":\"es\"},{\"@type\":\"Organization\",\"@id\":\"https:\\\/\\\/tadin.com\\\/es\\\/#organization\",\"name\":\"Tadin Herb & Tea Co.\",\"url\":\"https:\\\/\\\/tadin.com\\\/es\\\/\",\"logo\":{\"@type\":\"ImageObject\",\"inLanguage\":\"es\",\"@id\":\"https:\\\/\\\/tadin.com\\\/es\\\/#\\\/schema\\\/logo\\\/image\\\/\",\"url\":\"https:\\\/\\\/tadin.com\\\/wp-content\\\/uploads\\\/2021\\\/04\\\/Website-logo2-Retina.png\",\"contentUrl\":\"https:\\\/\\\/tadin.com\\\/wp-content\\\/uploads\\\/2021\\\/04\\\/Website-logo2-Retina.png\",\"width\":270,\"height\":120,\"caption\":\"Tadin Herb & Tea Co.\"},\"image\":{\"@id\":\"https:\\\/\\\/tadin.com\\\/es\\\/#\\\/schema\\\/logo\\\/image\\\/\"}}]}<\/script>\n<!-- \/ Yoast SEO plugin. -->","yoast_head_json":{"title":"Linaza Mixta &#8211; Tadin Herb &amp; Tea Co.","robots":{"index":"index","follow":"follow","max-snippet":"max-snippet:-1","max-image-preview":"max-image-preview:large","max-video-preview":"max-video-preview:-1"},"canonical":"https:\/\/tadin.com\/es\/producto\/linaza-mixta-2\/","og_locale":"es_ES","og_type":"article","og_title":"Linaza Mixta &#8211; Tadin Herb &amp; Tea Co.","og_description":"Mezcla Molida de Semillas de Lino Canadiense TADIN\u00ae Linaza Mixta hace que sea c\u00f3modo y f\u00e1cil incorporar fibra natural a tus h\u00e1bitos alimenticios saludables. \u00a1Disfruta de esta combinaci\u00f3n \u00fanica de semillas de lino canadiense, psyllium, senna, aloe vera, cactus y frutas tropicales!","og_url":"https:\/\/tadin.com\/es\/producto\/linaza-mixta-2\/","og_site_name":"Tadin Herb &amp; Tea Co.","article_modified_time":"2025-07-16T22:14:57+00:00","og_image":[{"width":1080,"height":800,"url":"https:\/\/tadin.com\/wp-content\/uploads\/2023\/08\/3D-14oz-Bilingual-FLAXSEED-LinazaMixta-1.jpg","type":"image\/jpeg"}],"twitter_card":"summary_large_image","schema":{"@context":"https:\/\/schema.org","@graph":[{"@type":"WebPage","@id":"https:\/\/tadin.com\/es\/producto\/linaza-mixta-2\/","url":"https:\/\/tadin.com\/es\/producto\/linaza-mixta-2\/","name":"Linaza Mixta &#8211; Tadin Herb &amp; Tea Co.","isPartOf":{"@id":"https:\/\/tadin.com\/es\/#website"},"primaryImageOfPage":{"@id":"https:\/\/tadin.com\/es\/producto\/linaza-mixta-2\/#primaryimage"},"image":{"@id":"https:\/\/tadin.com\/es\/producto\/linaza-mixta-2\/#primaryimage"},"thumbnailUrl":"https:\/\/tadin.com\/wp-content\/uploads\/2023\/08\/3D-14oz-Bilingual-FLAXSEED-LinazaMixta-1.jpg","datePublished":"2021-04-30T13:52:06+00:00","dateModified":"2025-07-16T22:14:57+00:00","breadcrumb":{"@id":"https:\/\/tadin.com\/es\/producto\/linaza-mixta-2\/#breadcrumb"},"inLanguage":"es","potentialAction":[{"@type":"ReadAction","target":["https:\/\/tadin.com\/es\/producto\/linaza-mixta-2\/"]}]},{"@type":"ImageObject","inLanguage":"es","@id":"https:\/\/tadin.com\/es\/producto\/linaza-mixta-2\/#primaryimage","url":"https:\/\/tadin.com\/wp-content\/uploads\/2023\/08\/3D-14oz-Bilingual-FLAXSEED-LinazaMixta-1.jpg","contentUrl":"https:\/\/tadin.com\/wp-content\/uploads\/2023\/08\/3D-14oz-Bilingual-FLAXSEED-LinazaMixta-1.jpg","width":1080,"height":800},{"@type":"BreadcrumbList","@id":"https:\/\/tadin.com\/es\/producto\/linaza-mixta-2\/#breadcrumb","itemListElement":[{"@type":"ListItem","position":1,"name":"Home","item":"https:\/\/tadin.com\/es\/"},{"@type":"ListItem","position":2,"name":"Shop","item":"https:\/\/tadin.com\/es\/shop\/"},{"@type":"ListItem","position":3,"name":"Linaza Mixta"}]},{"@type":"WebSite","@id":"https:\/\/tadin.com\/es\/#website","url":"https:\/\/tadin.com\/es\/","name":"Tadin Herb &amp; Tea Co.","description":"","publisher":{"@id":"https:\/\/tadin.com\/es\/#organization"},"potentialAction":[{"@type":"SearchAction","target":{"@type":"EntryPoint","urlTemplate":"https:\/\/tadin.com\/es\/?s={search_term_string}"},"query-input":{"@type":"PropertyValueSpecification","valueRequired":true,"valueName":"search_term_string"}}],"inLanguage":"es"},{"@type":"Organization","@id":"https:\/\/tadin.com\/es\/#organization","name":"Tadin Herb & Tea Co.","url":"https:\/\/tadin.com\/es\/","logo":{"@type":"ImageObject","inLanguage":"es","@id":"https:\/\/tadin.com\/es\/#\/schema\/logo\/image\/","url":"https:\/\/tadin.com\/wp-content\/uploads\/2021\/04\/Website-logo2-Retina.png","contentUrl":"https:\/\/tadin.com\/wp-content\/uploads\/2021\/04\/Website-logo2-Retina.png","width":270,"height":120,"caption":"Tadin Herb & Tea Co."},"image":{"@id":"https:\/\/tadin.com\/es\/#\/schema\/logo\/image\/"}}]}},"_links":{"self":[{"href":"https:\/\/tadin.com\/es\/wp-json\/wp\/v2\/product\/56678","targetHints":{"allow":["GET"]}}],"collection":[{"href":"https:\/\/tadin.com\/es\/wp-json\/wp\/v2\/product"}],"about":[{"href":"https:\/\/tadin.com\/es\/wp-json\/wp\/v2\/types\/product"}],"replies":[{"embeddable":true,"href":"https:\/\/tadin.com\/es\/wp-json\/wp\/v2\/comments?post=56678"}],"wp:featuredmedia":[{"embeddable":true,"href":"https:\/\/tadin.com\/es\/wp-json\/wp\/v2\/media\/66167"}],"wp:attachment":[{"href":"https:\/\/tadin.com\/es\/wp-json\/wp\/v2\/media?parent=56678"}],"wp:term":[{"taxonomy":"product_brand","embeddable":true,"href":"https:\/\/tadin.com\/es\/wp-json\/wp\/v2\/product_brand?post=56678"},{"taxonomy":"product_cat","embeddable":true,"href":"https:\/\/tadin.com\/es\/wp-json\/wp\/v2\/product_cat?post=56678"},{"taxonomy":"product_tag","embeddable":true,"href":"https:\/\/tadin.com\/es\/wp-json\/wp\/v2\/product_tag?post=56678"}],"curies":[{"name":"wp","href":"https:\/\/api.w.org\/{rel}","templated":true}]}}