{"id":56669,"date":"2021-04-30T06:52:29","date_gmt":"2021-04-30T13:52:29","guid":{"rendered":"https:\/\/tadin.com\/product\/dandydetox-organico\/"},"modified":"2025-10-07T11:24:43","modified_gmt":"2025-10-07T18:24:43","slug":"organic-dandydetox-2","status":"publish","type":"product","link":"https:\/\/tadin.com\/es\/producto\/organic-dandydetox-2\/","title":{"rendered":"T\u00e9 Org\u00e1nico Desintoxicador Dandi"},"content":{"rendered":"<p><em><strong>Instrucciones de preparaci\u00f3n:<\/strong> Hierve agua fresca. Vierta 8 oz sobre 1-2 bolsitas de t\u00e9 en su taza favorita. Sumergelo durante 5-10 minutos con la tapa sobre la taza. <span style=\"font-weight: 400;\">Exprima suavemente las bolsitas de t\u00e9 para que te brinde sus beneficios al m\u00e1ximo.<\/span><\/em><\/p>\n","protected":false},"excerpt":{"rendered":"<p><span style=\"font-weight: 400;\">Esta mezcla de t\u00e9 de diente de le\u00f3n te ayudar\u00e1 a sentirte renovado. La ra\u00edz de diente de le\u00f3n se combina con hierba de lim\u00f3n y menta para llenar de claridad y vitalidad cada momento de tu d\u00eda. El t\u00e9 desintoxicante org\u00e1nico Dandy de Tadin resalta con notas de jengibre picante, menta estimulante y regaliz dulce con toques de c\u00edtricos. (La caja contiene 20 bolsitas de t\u00e9)<\/span><\/p>\n","protected":false},"featured_media":66047,"comment_status":"open","ping_status":"closed","template":"","meta":{"_acf_changed":false,"inline_featured_image":false},"product_brand":[],"product_cat":[684,312,327,335],"product_tag":[],"class_list":{"0":"post-56669","1":"product","2":"type-product","3":"status-publish","4":"has-post-thumbnail","6":"product_cat-mas-vendidos","7":"product_cat-te","8":"product_cat-te-organico","9":"product_cat-sabores-temporada","10":"pa_caffeine-content-sin-cafeina","11":"pa_size-20-ct-es","12":"pa_tea-type-te-de-hierbas","13":"description-off","15":"first","16":"instock","17":"taxable","18":"shipping-taxable","19":"product-type-simple"},"acf":[],"yoast_head":"<!-- This site is optimized with the Yoast SEO plugin v27.0 - https:\/\/yoast.com\/product\/yoast-seo-wordpress\/ -->\n<title>T\u00e9 Org\u00e1nico Desintoxicador Dandi &#8211; Tadin Herb &amp; Tea Co.<\/title>\n<meta name=\"robots\" content=\"index, follow, max-snippet:-1, max-image-preview:large, max-video-preview:-1\" \/>\n<link rel=\"canonical\" href=\"https:\/\/tadin.com\/es\/producto\/organic-dandydetox-2\/\" \/>\n<meta property=\"og:locale\" content=\"es_ES\" \/>\n<meta property=\"og:type\" content=\"article\" \/>\n<meta property=\"og:title\" content=\"T\u00e9 Org\u00e1nico Desintoxicador Dandi &#8211; Tadin Herb &amp; Tea Co.\" \/>\n<meta property=\"og:description\" content=\"Esta mezcla de t\u00e9 de diente de le\u00f3n te ayudar\u00e1 a sentirte renovado. La ra\u00edz de diente de le\u00f3n se combina con hierba de lim\u00f3n y menta para llenar de claridad y vitalidad cada momento de tu d\u00eda. El t\u00e9 desintoxicante org\u00e1nico Dandy de Tadin resalta con notas de jengibre picante, menta estimulante y regaliz dulce con toques de c\u00edtricos. (La caja contiene 20 bolsitas de t\u00e9)\" \/>\n<meta property=\"og:url\" content=\"https:\/\/tadin.com\/es\/producto\/organic-dandydetox-2\/\" \/>\n<meta property=\"og:site_name\" content=\"Tadin Herb &amp; Tea Co.\" \/>\n<meta property=\"article:modified_time\" content=\"2025-10-07T18:24:43+00:00\" \/>\n<meta property=\"og:image\" content=\"https:\/\/tadin.com\/wp-content\/uploads\/2023\/08\/3D-TADIN-Organic-Bilingual-DANDY-DETOX.jpg\" \/>\n\t<meta property=\"og:image:width\" content=\"2400\" \/>\n\t<meta property=\"og:image:height\" content=\"2400\" \/>\n\t<meta property=\"og:image:type\" content=\"image\/jpeg\" \/>\n<meta name=\"twitter:card\" content=\"summary_large_image\" \/>\n<meta name=\"twitter:label1\" content=\"Tiempo de lectura\" \/>\n\t<meta name=\"twitter:data1\" content=\"1 minuto\" \/>\n<script type=\"application\/ld+json\" class=\"yoast-schema-graph\">{\"@context\":\"https:\/\/schema.org\",\"@graph\":[{\"@type\":\"WebPage\",\"@id\":\"https:\/\/tadin.com\/es\/producto\/organic-dandydetox-2\/\",\"url\":\"https:\/\/tadin.com\/es\/producto\/organic-dandydetox-2\/\",\"name\":\"T\u00e9 Org\u00e1nico Desintoxicador Dandi &#8211; Tadin Herb &amp; Tea Co.\",\"isPartOf\":{\"@id\":\"https:\/\/tadin.com\/es\/#website\"},\"primaryImageOfPage\":{\"@id\":\"https:\/\/tadin.com\/es\/producto\/organic-dandydetox-2\/#primaryimage\"},\"image\":{\"@id\":\"https:\/\/tadin.com\/es\/producto\/organic-dandydetox-2\/#primaryimage\"},\"thumbnailUrl\":\"https:\/\/tadin.com\/wp-content\/uploads\/2023\/08\/3D-TADIN-Organic-Bilingual-DANDY-DETOX.jpg\",\"datePublished\":\"2021-04-30T13:52:29+00:00\",\"dateModified\":\"2025-10-07T18:24:43+00:00\",\"breadcrumb\":{\"@id\":\"https:\/\/tadin.com\/es\/producto\/organic-dandydetox-2\/#breadcrumb\"},\"inLanguage\":\"es\",\"potentialAction\":[{\"@type\":\"ReadAction\",\"target\":[\"https:\/\/tadin.com\/es\/producto\/organic-dandydetox-2\/\"]}]},{\"@type\":\"ImageObject\",\"inLanguage\":\"es\",\"@id\":\"https:\/\/tadin.com\/es\/producto\/organic-dandydetox-2\/#primaryimage\",\"url\":\"https:\/\/tadin.com\/wp-content\/uploads\/2023\/08\/3D-TADIN-Organic-Bilingual-DANDY-DETOX.jpg\",\"contentUrl\":\"https:\/\/tadin.com\/wp-content\/uploads\/2023\/08\/3D-TADIN-Organic-Bilingual-DANDY-DETOX.jpg\",\"width\":2400,\"height\":2400},{\"@type\":\"BreadcrumbList\",\"@id\":\"https:\/\/tadin.com\/es\/producto\/organic-dandydetox-2\/#breadcrumb\",\"itemListElement\":[{\"@type\":\"ListItem\",\"position\":1,\"name\":\"Home\",\"item\":\"https:\/\/tadin.com\/es\/\"},{\"@type\":\"ListItem\",\"position\":2,\"name\":\"Shop\",\"item\":\"https:\/\/tadin.com\/es\/shop\/\"},{\"@type\":\"ListItem\",\"position\":3,\"name\":\"T\u00e9 Org\u00e1nico Desintoxicador Dandi\"}]},{\"@type\":\"WebSite\",\"@id\":\"https:\/\/tadin.com\/es\/#website\",\"url\":\"https:\/\/tadin.com\/es\/\",\"name\":\"Tadin Herb &amp; Tea Co.\",\"description\":\"\",\"publisher\":{\"@id\":\"https:\/\/tadin.com\/es\/#organization\"},\"potentialAction\":[{\"@type\":\"SearchAction\",\"target\":{\"@type\":\"EntryPoint\",\"urlTemplate\":\"https:\/\/tadin.com\/es\/?s={search_term_string}\"},\"query-input\":{\"@type\":\"PropertyValueSpecification\",\"valueRequired\":true,\"valueName\":\"search_term_string\"}}],\"inLanguage\":\"es\"},{\"@type\":\"Organization\",\"@id\":\"https:\/\/tadin.com\/es\/#organization\",\"name\":\"Tadin Herb & Tea Co.\",\"url\":\"https:\/\/tadin.com\/es\/\",\"logo\":{\"@type\":\"ImageObject\",\"inLanguage\":\"es\",\"@id\":\"https:\/\/tadin.com\/es\/#\/schema\/logo\/image\/\",\"url\":\"https:\/\/tadin.com\/wp-content\/uploads\/2021\/04\/Website-logo2-Retina.png\",\"contentUrl\":\"https:\/\/tadin.com\/wp-content\/uploads\/2021\/04\/Website-logo2-Retina.png\",\"width\":270,\"height\":120,\"caption\":\"Tadin Herb & Tea Co.\"},\"image\":{\"@id\":\"https:\/\/tadin.com\/es\/#\/schema\/logo\/image\/\"}}]}<\/script>\n<!-- \/ Yoast SEO plugin. -->","yoast_head_json":{"title":"T\u00e9 Org\u00e1nico Desintoxicador Dandi &#8211; Tadin Herb &amp; Tea Co.","robots":{"index":"index","follow":"follow","max-snippet":"max-snippet:-1","max-image-preview":"max-image-preview:large","max-video-preview":"max-video-preview:-1"},"canonical":"https:\/\/tadin.com\/es\/producto\/organic-dandydetox-2\/","og_locale":"es_ES","og_type":"article","og_title":"T\u00e9 Org\u00e1nico Desintoxicador Dandi &#8211; Tadin Herb &amp; Tea Co.","og_description":"Esta mezcla de t\u00e9 de diente de le\u00f3n te ayudar\u00e1 a sentirte renovado. La ra\u00edz de diente de le\u00f3n se combina con hierba de lim\u00f3n y menta para llenar de claridad y vitalidad cada momento de tu d\u00eda. El t\u00e9 desintoxicante org\u00e1nico Dandy de Tadin resalta con notas de jengibre picante, menta estimulante y regaliz dulce con toques de c\u00edtricos. (La caja contiene 20 bolsitas de t\u00e9)","og_url":"https:\/\/tadin.com\/es\/producto\/organic-dandydetox-2\/","og_site_name":"Tadin Herb &amp; Tea Co.","article_modified_time":"2025-10-07T18:24:43+00:00","og_image":[{"width":2400,"height":2400,"url":"https:\/\/tadin.com\/wp-content\/uploads\/2023\/08\/3D-TADIN-Organic-Bilingual-DANDY-DETOX.jpg","type":"image\/jpeg"}],"twitter_card":"summary_large_image","twitter_misc":{"Tiempo de lectura":"1 minuto"},"schema":{"@context":"https:\/\/schema.org","@graph":[{"@type":"WebPage","@id":"https:\/\/tadin.com\/es\/producto\/organic-dandydetox-2\/","url":"https:\/\/tadin.com\/es\/producto\/organic-dandydetox-2\/","name":"T\u00e9 Org\u00e1nico Desintoxicador Dandi &#8211; Tadin Herb &amp; Tea Co.","isPartOf":{"@id":"https:\/\/tadin.com\/es\/#website"},"primaryImageOfPage":{"@id":"https:\/\/tadin.com\/es\/producto\/organic-dandydetox-2\/#primaryimage"},"image":{"@id":"https:\/\/tadin.com\/es\/producto\/organic-dandydetox-2\/#primaryimage"},"thumbnailUrl":"https:\/\/tadin.com\/wp-content\/uploads\/2023\/08\/3D-TADIN-Organic-Bilingual-DANDY-DETOX.jpg","datePublished":"2021-04-30T13:52:29+00:00","dateModified":"2025-10-07T18:24:43+00:00","breadcrumb":{"@id":"https:\/\/tadin.com\/es\/producto\/organic-dandydetox-2\/#breadcrumb"},"inLanguage":"es","potentialAction":[{"@type":"ReadAction","target":["https:\/\/tadin.com\/es\/producto\/organic-dandydetox-2\/"]}]},{"@type":"ImageObject","inLanguage":"es","@id":"https:\/\/tadin.com\/es\/producto\/organic-dandydetox-2\/#primaryimage","url":"https:\/\/tadin.com\/wp-content\/uploads\/2023\/08\/3D-TADIN-Organic-Bilingual-DANDY-DETOX.jpg","contentUrl":"https:\/\/tadin.com\/wp-content\/uploads\/2023\/08\/3D-TADIN-Organic-Bilingual-DANDY-DETOX.jpg","width":2400,"height":2400},{"@type":"BreadcrumbList","@id":"https:\/\/tadin.com\/es\/producto\/organic-dandydetox-2\/#breadcrumb","itemListElement":[{"@type":"ListItem","position":1,"name":"Home","item":"https:\/\/tadin.com\/es\/"},{"@type":"ListItem","position":2,"name":"Shop","item":"https:\/\/tadin.com\/es\/shop\/"},{"@type":"ListItem","position":3,"name":"T\u00e9 Org\u00e1nico Desintoxicador Dandi"}]},{"@type":"WebSite","@id":"https:\/\/tadin.com\/es\/#website","url":"https:\/\/tadin.com\/es\/","name":"Tadin Herb &amp; Tea Co.","description":"","publisher":{"@id":"https:\/\/tadin.com\/es\/#organization"},"potentialAction":[{"@type":"SearchAction","target":{"@type":"EntryPoint","urlTemplate":"https:\/\/tadin.com\/es\/?s={search_term_string}"},"query-input":{"@type":"PropertyValueSpecification","valueRequired":true,"valueName":"search_term_string"}}],"inLanguage":"es"},{"@type":"Organization","@id":"https:\/\/tadin.com\/es\/#organization","name":"Tadin Herb & Tea Co.","url":"https:\/\/tadin.com\/es\/","logo":{"@type":"ImageObject","inLanguage":"es","@id":"https:\/\/tadin.com\/es\/#\/schema\/logo\/image\/","url":"https:\/\/tadin.com\/wp-content\/uploads\/2021\/04\/Website-logo2-Retina.png","contentUrl":"https:\/\/tadin.com\/wp-content\/uploads\/2021\/04\/Website-logo2-Retina.png","width":270,"height":120,"caption":"Tadin Herb & Tea Co."},"image":{"@id":"https:\/\/tadin.com\/es\/#\/schema\/logo\/image\/"}}]}},"_links":{"self":[{"href":"https:\/\/tadin.com\/es\/wp-json\/wp\/v2\/product\/56669","targetHints":{"allow":["GET"]}}],"collection":[{"href":"https:\/\/tadin.com\/es\/wp-json\/wp\/v2\/product"}],"about":[{"href":"https:\/\/tadin.com\/es\/wp-json\/wp\/v2\/types\/product"}],"replies":[{"embeddable":true,"href":"https:\/\/tadin.com\/es\/wp-json\/wp\/v2\/comments?post=56669"}],"wp:featuredmedia":[{"embeddable":true,"href":"https:\/\/tadin.com\/es\/wp-json\/wp\/v2\/media\/66047"}],"wp:attachment":[{"href":"https:\/\/tadin.com\/es\/wp-json\/wp\/v2\/media?parent=56669"}],"wp:term":[{"taxonomy":"product_brand","embeddable":true,"href":"https:\/\/tadin.com\/es\/wp-json\/wp\/v2\/product_brand?post=56669"},{"taxonomy":"product_cat","embeddable":true,"href":"https:\/\/tadin.com\/es\/wp-json\/wp\/v2\/product_cat?post=56669"},{"taxonomy":"product_tag","embeddable":true,"href":"https:\/\/tadin.com\/es\/wp-json\/wp\/v2\/product_tag?post=56669"}],"curies":[{"name":"wp","href":"https:\/\/api.w.org\/{rel}","templated":true}]}}