{"id":56656,"date":"2021-04-30T06:51:40","date_gmt":"2021-04-30T13:51:40","guid":{"rendered":"https:\/\/tadin.com\/product\/valeriana\/"},"modified":"2025-08-25T15:55:39","modified_gmt":"2025-08-25T22:55:39","slug":"valeriana","status":"publish","type":"product","link":"https:\/\/tadin.com\/es\/producto\/valeriana\/","title":{"rendered":"Valeriana"},"content":{"rendered":"<p><span style=\"font-weight: 400;\">Una flor viva que imparte tranquilidad, la valeriana es audaz y espl\u00e9ndida. Su ra\u00edz se ha convertido en un ingrediente esencial para los t\u00e9s.\u00a0 El t\u00e9 de Valeriana de Tadin es un compa\u00f1ero extraordinario para cuando la ansiedad y el estr\u00e9s quieren abrumar tus sentidos. Contiene cualidades formidables que te llenaran de calma. Por esta raz\u00f3n, el t\u00e9 de Valeriana es un recurso valioso para tomar durante las noches inquietas. \u00a1Disfruta una deliciosa taza de t\u00e9 y ver\u00e1s como tus horas de descanso se volver\u00e1n interrumpibles!<\/span><\/p>\n<p>&nbsp;<\/p>\n<p>*La imagen mostrada es \u00fanicamente ilustrativa. El tama\u00f1o, dise\u00f1o y empaque reales pueden variar.<\/p>\n","protected":false},"excerpt":{"rendered":"<p><span style=\"font-weight: 400;\">Una flor viva que imparte tranquilidad, la valeriana es audaz y espl\u00e9ndida. Su ra\u00edz se ha convertido en un ingrediente esencial para los t\u00e9s.\u00a0 El t\u00e9 de Valeriana de Tadin es un compa\u00f1ero extraordinario para cuando la ansiedad y el estr\u00e9s quieren abrumar tus sentidos. Contiene cualidades formidables que te llenaran de calma. Por esta raz\u00f3n, el t\u00e9 de Valeriana es un recurso valioso para tomar durante las noches inquietas. \u00a1Disfruta una deliciosa taza de t\u00e9 y ver\u00e1s como tus horas de descanso se volver\u00e1n interrumpibles!<\/span><\/p>\n","protected":false},"featured_media":79615,"comment_status":"open","ping_status":"closed","template":"","meta":{"_acf_changed":false,"inline_featured_image":false},"product_brand":[],"product_cat":[313,314],"product_tag":[],"class_list":{"0":"post-56656","1":"product","2":"type-product","3":"status-publish","4":"has-post-thumbnail","6":"product_cat-hierbas-y-especias-tradicional","7":"product_cat-hierbas-especias","8":"description-off","10":"first","11":"instock","12":"taxable","13":"shipping-taxable","14":"purchasable","15":"product-type-simple"},"acf":[],"yoast_head":"<!-- This site is optimized with the Yoast SEO plugin v27.0 - https:\/\/yoast.com\/product\/yoast-seo-wordpress\/ -->\n<title>Valeriana &#8211; Tadin Herb &amp; Tea Co.<\/title>\n<meta name=\"robots\" content=\"index, follow, max-snippet:-1, max-image-preview:large, max-video-preview:-1\" \/>\n<link rel=\"canonical\" href=\"https:\/\/tadin.com\/es\/producto\/valeriana\/\" \/>\n<meta property=\"og:locale\" content=\"es_ES\" \/>\n<meta property=\"og:type\" content=\"article\" \/>\n<meta property=\"og:title\" content=\"Valeriana &#8211; Tadin Herb &amp; Tea Co.\" \/>\n<meta property=\"og:description\" content=\"Una flor viva que imparte tranquilidad, la valeriana es audaz y espl\u00e9ndida. Su ra\u00edz se ha convertido en un ingrediente esencial para los t\u00e9s.\u00a0 El t\u00e9 de Valeriana de Tadin es un compa\u00f1ero extraordinario para cuando la ansiedad y el estr\u00e9s quieren abrumar tus sentidos. Contiene cualidades formidables que te llenaran de calma. Por esta raz\u00f3n, el t\u00e9 de Valeriana es un recurso valioso para tomar durante las noches inquietas. \u00a1Disfruta una deliciosa taza de t\u00e9 y ver\u00e1s como tus horas de descanso se volver\u00e1n interrumpibles!\" \/>\n<meta property=\"og:url\" content=\"https:\/\/tadin.com\/es\/producto\/valeriana\/\" \/>\n<meta property=\"og:site_name\" content=\"Tadin Herb &amp; Tea Co.\" \/>\n<meta property=\"article:modified_time\" content=\"2025-08-25T22:55:39+00:00\" \/>\n<meta property=\"og:image\" content=\"https:\/\/tadin.com\/wp-content\/uploads\/2021\/04\/Valerian.jpg\" \/>\n\t<meta property=\"og:image:width\" content=\"1022\" \/>\n\t<meta property=\"og:image:height\" content=\"1033\" \/>\n\t<meta property=\"og:image:type\" content=\"image\/jpeg\" \/>\n<meta name=\"twitter:card\" content=\"summary_large_image\" \/>\n<meta name=\"twitter:label1\" content=\"Tiempo de lectura\" \/>\n\t<meta name=\"twitter:data1\" content=\"1 minuto\" \/>\n<script type=\"application\/ld+json\" class=\"yoast-schema-graph\">{\"@context\":\"https:\/\/schema.org\",\"@graph\":[{\"@type\":\"WebPage\",\"@id\":\"https:\/\/tadin.com\/es\/producto\/valeriana\/\",\"url\":\"https:\/\/tadin.com\/es\/producto\/valeriana\/\",\"name\":\"Valeriana &#8211; Tadin Herb &amp; Tea Co.\",\"isPartOf\":{\"@id\":\"https:\/\/tadin.com\/es\/#website\"},\"primaryImageOfPage\":{\"@id\":\"https:\/\/tadin.com\/es\/producto\/valeriana\/#primaryimage\"},\"image\":{\"@id\":\"https:\/\/tadin.com\/es\/producto\/valeriana\/#primaryimage\"},\"thumbnailUrl\":\"https:\/\/tadin.com\/wp-content\/uploads\/2021\/04\/Valerian.jpg\",\"datePublished\":\"2021-04-30T13:51:40+00:00\",\"dateModified\":\"2025-08-25T22:55:39+00:00\",\"breadcrumb\":{\"@id\":\"https:\/\/tadin.com\/es\/producto\/valeriana\/#breadcrumb\"},\"inLanguage\":\"es\",\"potentialAction\":[{\"@type\":\"ReadAction\",\"target\":[\"https:\/\/tadin.com\/es\/producto\/valeriana\/\"]}]},{\"@type\":\"ImageObject\",\"inLanguage\":\"es\",\"@id\":\"https:\/\/tadin.com\/es\/producto\/valeriana\/#primaryimage\",\"url\":\"https:\/\/tadin.com\/wp-content\/uploads\/2021\/04\/Valerian.jpg\",\"contentUrl\":\"https:\/\/tadin.com\/wp-content\/uploads\/2021\/04\/Valerian.jpg\",\"width\":1022,\"height\":1033},{\"@type\":\"BreadcrumbList\",\"@id\":\"https:\/\/tadin.com\/es\/producto\/valeriana\/#breadcrumb\",\"itemListElement\":[{\"@type\":\"ListItem\",\"position\":1,\"name\":\"Home\",\"item\":\"https:\/\/tadin.com\/es\/\"},{\"@type\":\"ListItem\",\"position\":2,\"name\":\"Shop\",\"item\":\"https:\/\/tadin.com\/es\/shop\/\"},{\"@type\":\"ListItem\",\"position\":3,\"name\":\"Valeriana\"}]},{\"@type\":\"WebSite\",\"@id\":\"https:\/\/tadin.com\/es\/#website\",\"url\":\"https:\/\/tadin.com\/es\/\",\"name\":\"Tadin Herb &amp; Tea Co.\",\"description\":\"\",\"publisher\":{\"@id\":\"https:\/\/tadin.com\/es\/#organization\"},\"potentialAction\":[{\"@type\":\"SearchAction\",\"target\":{\"@type\":\"EntryPoint\",\"urlTemplate\":\"https:\/\/tadin.com\/es\/?s={search_term_string}\"},\"query-input\":{\"@type\":\"PropertyValueSpecification\",\"valueRequired\":true,\"valueName\":\"search_term_string\"}}],\"inLanguage\":\"es\"},{\"@type\":\"Organization\",\"@id\":\"https:\/\/tadin.com\/es\/#organization\",\"name\":\"Tadin Herb & Tea Co.\",\"url\":\"https:\/\/tadin.com\/es\/\",\"logo\":{\"@type\":\"ImageObject\",\"inLanguage\":\"es\",\"@id\":\"https:\/\/tadin.com\/es\/#\/schema\/logo\/image\/\",\"url\":\"https:\/\/tadin.com\/wp-content\/uploads\/2021\/04\/Website-logo2-Retina.png\",\"contentUrl\":\"https:\/\/tadin.com\/wp-content\/uploads\/2021\/04\/Website-logo2-Retina.png\",\"width\":270,\"height\":120,\"caption\":\"Tadin Herb & Tea Co.\"},\"image\":{\"@id\":\"https:\/\/tadin.com\/es\/#\/schema\/logo\/image\/\"}}]}<\/script>\n<!-- \/ Yoast SEO plugin. -->","yoast_head_json":{"title":"Valeriana &#8211; Tadin Herb &amp; Tea Co.","robots":{"index":"index","follow":"follow","max-snippet":"max-snippet:-1","max-image-preview":"max-image-preview:large","max-video-preview":"max-video-preview:-1"},"canonical":"https:\/\/tadin.com\/es\/producto\/valeriana\/","og_locale":"es_ES","og_type":"article","og_title":"Valeriana &#8211; Tadin Herb &amp; Tea Co.","og_description":"Una flor viva que imparte tranquilidad, la valeriana es audaz y espl\u00e9ndida. Su ra\u00edz se ha convertido en un ingrediente esencial para los t\u00e9s.\u00a0 El t\u00e9 de Valeriana de Tadin es un compa\u00f1ero extraordinario para cuando la ansiedad y el estr\u00e9s quieren abrumar tus sentidos. Contiene cualidades formidables que te llenaran de calma. Por esta raz\u00f3n, el t\u00e9 de Valeriana es un recurso valioso para tomar durante las noches inquietas. \u00a1Disfruta una deliciosa taza de t\u00e9 y ver\u00e1s como tus horas de descanso se volver\u00e1n interrumpibles!","og_url":"https:\/\/tadin.com\/es\/producto\/valeriana\/","og_site_name":"Tadin Herb &amp; Tea Co.","article_modified_time":"2025-08-25T22:55:39+00:00","og_image":[{"width":1022,"height":1033,"url":"https:\/\/tadin.com\/wp-content\/uploads\/2021\/04\/Valerian.jpg","type":"image\/jpeg"}],"twitter_card":"summary_large_image","twitter_misc":{"Tiempo de lectura":"1 minuto"},"schema":{"@context":"https:\/\/schema.org","@graph":[{"@type":"WebPage","@id":"https:\/\/tadin.com\/es\/producto\/valeriana\/","url":"https:\/\/tadin.com\/es\/producto\/valeriana\/","name":"Valeriana &#8211; Tadin Herb &amp; Tea Co.","isPartOf":{"@id":"https:\/\/tadin.com\/es\/#website"},"primaryImageOfPage":{"@id":"https:\/\/tadin.com\/es\/producto\/valeriana\/#primaryimage"},"image":{"@id":"https:\/\/tadin.com\/es\/producto\/valeriana\/#primaryimage"},"thumbnailUrl":"https:\/\/tadin.com\/wp-content\/uploads\/2021\/04\/Valerian.jpg","datePublished":"2021-04-30T13:51:40+00:00","dateModified":"2025-08-25T22:55:39+00:00","breadcrumb":{"@id":"https:\/\/tadin.com\/es\/producto\/valeriana\/#breadcrumb"},"inLanguage":"es","potentialAction":[{"@type":"ReadAction","target":["https:\/\/tadin.com\/es\/producto\/valeriana\/"]}]},{"@type":"ImageObject","inLanguage":"es","@id":"https:\/\/tadin.com\/es\/producto\/valeriana\/#primaryimage","url":"https:\/\/tadin.com\/wp-content\/uploads\/2021\/04\/Valerian.jpg","contentUrl":"https:\/\/tadin.com\/wp-content\/uploads\/2021\/04\/Valerian.jpg","width":1022,"height":1033},{"@type":"BreadcrumbList","@id":"https:\/\/tadin.com\/es\/producto\/valeriana\/#breadcrumb","itemListElement":[{"@type":"ListItem","position":1,"name":"Home","item":"https:\/\/tadin.com\/es\/"},{"@type":"ListItem","position":2,"name":"Shop","item":"https:\/\/tadin.com\/es\/shop\/"},{"@type":"ListItem","position":3,"name":"Valeriana"}]},{"@type":"WebSite","@id":"https:\/\/tadin.com\/es\/#website","url":"https:\/\/tadin.com\/es\/","name":"Tadin Herb &amp; Tea Co.","description":"","publisher":{"@id":"https:\/\/tadin.com\/es\/#organization"},"potentialAction":[{"@type":"SearchAction","target":{"@type":"EntryPoint","urlTemplate":"https:\/\/tadin.com\/es\/?s={search_term_string}"},"query-input":{"@type":"PropertyValueSpecification","valueRequired":true,"valueName":"search_term_string"}}],"inLanguage":"es"},{"@type":"Organization","@id":"https:\/\/tadin.com\/es\/#organization","name":"Tadin Herb & Tea Co.","url":"https:\/\/tadin.com\/es\/","logo":{"@type":"ImageObject","inLanguage":"es","@id":"https:\/\/tadin.com\/es\/#\/schema\/logo\/image\/","url":"https:\/\/tadin.com\/wp-content\/uploads\/2021\/04\/Website-logo2-Retina.png","contentUrl":"https:\/\/tadin.com\/wp-content\/uploads\/2021\/04\/Website-logo2-Retina.png","width":270,"height":120,"caption":"Tadin Herb & Tea Co."},"image":{"@id":"https:\/\/tadin.com\/es\/#\/schema\/logo\/image\/"}}]}},"_links":{"self":[{"href":"https:\/\/tadin.com\/es\/wp-json\/wp\/v2\/product\/56656","targetHints":{"allow":["GET"]}}],"collection":[{"href":"https:\/\/tadin.com\/es\/wp-json\/wp\/v2\/product"}],"about":[{"href":"https:\/\/tadin.com\/es\/wp-json\/wp\/v2\/types\/product"}],"replies":[{"embeddable":true,"href":"https:\/\/tadin.com\/es\/wp-json\/wp\/v2\/comments?post=56656"}],"wp:featuredmedia":[{"embeddable":true,"href":"https:\/\/tadin.com\/es\/wp-json\/wp\/v2\/media\/79615"}],"wp:attachment":[{"href":"https:\/\/tadin.com\/es\/wp-json\/wp\/v2\/media?parent=56656"}],"wp:term":[{"taxonomy":"product_brand","embeddable":true,"href":"https:\/\/tadin.com\/es\/wp-json\/wp\/v2\/product_brand?post=56656"},{"taxonomy":"product_cat","embeddable":true,"href":"https:\/\/tadin.com\/es\/wp-json\/wp\/v2\/product_cat?post=56656"},{"taxonomy":"product_tag","embeddable":true,"href":"https:\/\/tadin.com\/es\/wp-json\/wp\/v2\/product_tag?post=56656"}],"curies":[{"name":"wp","href":"https:\/\/api.w.org\/{rel}","templated":true}]}}