{"id":56655,"date":"2021-04-30T06:52:29","date_gmt":"2021-04-30T13:52:29","guid":{"rendered":"https:\/\/tadin.com\/product\/manzanilla-organica\/"},"modified":"2025-10-07T11:25:04","modified_gmt":"2025-10-07T18:25:04","slug":"camomila-organica","status":"publish","type":"product","link":"https:\/\/tadin.com\/es\/producto\/camomila-organica\/","title":{"rendered":"T\u00e9 Org\u00e1nico de Manzanilla"},"content":{"rendered":"<p><span style=\"font-weight: 400;\">Instrucciones de preparaci\u00f3n: Hervir agua fresca. Vierta 8 oz sobre 1-2 bolsitas de t\u00e9 en tu taza favorita. Sumergelo durante 5-10 minutos con la tapa sobre la taza. Exprima suavemente las bolsitas de t\u00e9 para que te brinde sus beneficios al m\u00e1ximo.<\/span><\/p>\n<p><span style=\"font-weight: 400;\">La manzanilla brinda una experiencia deliciosa y reconfortante, por lo cual este t\u00e9 es apreciado en todas las familias, generaci\u00f3n tras generaci\u00f3n. Este t\u00e9 org\u00e1nico de hierbas de Tadin contiene notas ligeramente amargas de manzanilla en combinaci\u00f3n con manzana dulce. (La caja contiene 20 bolsitas de t\u00e9)<\/span><\/p>\n","protected":false},"excerpt":{"rendered":"<p><span style=\"font-weight: 400;\">La manzanilla brinda una experiencia deliciosa y reconfortante, por lo cual este t\u00e9 es apreciado en todas las familias, generaci\u00f3n tras generaci\u00f3n. Este t\u00e9 org\u00e1nico de hierbas de Tadin contiene notas ligeramente amargas de manzanilla en combinaci\u00f3n con manzana dulce. (La caja contiene 20 bolsitas de t\u00e9)<\/span><\/p>\n","protected":false},"featured_media":66044,"comment_status":"open","ping_status":"closed","template":"","meta":{"_acf_changed":false,"inline_featured_image":false},"product_brand":[],"product_cat":[312,327],"product_tag":[],"class_list":{"0":"post-56655","1":"product","2":"type-product","3":"status-publish","4":"has-post-thumbnail","6":"product_cat-te","7":"product_cat-te-organico","8":"pa_caffeine-content-sin-cafeina","9":"pa_size-20-ct-es","10":"pa_tea-type-te-de-hierbas","11":"pa_tea-type-preparalo-caliente-disfrutalo-frio","12":"description-off","14":"first","15":"instock","16":"taxable","17":"shipping-taxable","18":"purchasable","19":"product-type-simple"},"acf":[],"yoast_head":"<!-- This site is optimized with the Yoast SEO plugin v27.4 - https:\/\/yoast.com\/product\/yoast-seo-wordpress\/ -->\n<title>T\u00e9 Org\u00e1nico de Manzanilla &#8211; Tadin Herb &amp; Tea Co.<\/title>\n<meta name=\"robots\" content=\"index, follow, max-snippet:-1, max-image-preview:large, max-video-preview:-1\" \/>\n<link rel=\"canonical\" href=\"https:\/\/tadin.com\/es\/producto\/camomila-organica\/\" \/>\n<meta property=\"og:locale\" content=\"es_ES\" \/>\n<meta property=\"og:type\" content=\"article\" \/>\n<meta property=\"og:title\" content=\"T\u00e9 Org\u00e1nico de Manzanilla &#8211; Tadin Herb &amp; Tea Co.\" \/>\n<meta property=\"og:description\" content=\"La manzanilla brinda una experiencia deliciosa y reconfortante, por lo cual este t\u00e9 es apreciado en todas las familias, generaci\u00f3n tras generaci\u00f3n. Este t\u00e9 org\u00e1nico de hierbas de Tadin contiene notas ligeramente amargas de manzanilla en combinaci\u00f3n con manzana dulce. (La caja contiene 20 bolsitas de t\u00e9)\" \/>\n<meta property=\"og:url\" content=\"https:\/\/tadin.com\/es\/producto\/camomila-organica\/\" \/>\n<meta property=\"og:site_name\" content=\"Tadin Herb &amp; Tea Co.\" \/>\n<meta property=\"article:modified_time\" content=\"2025-10-07T18:25:04+00:00\" \/>\n<meta property=\"og:image\" content=\"https:\/\/tadin.com\/wp-content\/uploads\/2023\/08\/3D-TADIN-Organic-Bilingual-CHAMOMILE.jpg\" \/>\n\t<meta property=\"og:image:width\" content=\"2400\" \/>\n\t<meta property=\"og:image:height\" content=\"2400\" \/>\n\t<meta property=\"og:image:type\" content=\"image\/jpeg\" \/>\n<meta name=\"twitter:card\" content=\"summary_large_image\" \/>\n<meta name=\"twitter:label1\" content=\"Tiempo de lectura\" \/>\n\t<meta name=\"twitter:data1\" content=\"1 minuto\" \/>\n<script type=\"application\/ld+json\" class=\"yoast-schema-graph\">{\"@context\":\"https:\\\/\\\/schema.org\",\"@graph\":[{\"@type\":\"WebPage\",\"@id\":\"https:\\\/\\\/tadin.com\\\/es\\\/producto\\\/camomila-organica\\\/\",\"url\":\"https:\\\/\\\/tadin.com\\\/es\\\/producto\\\/camomila-organica\\\/\",\"name\":\"T\u00e9 Org\u00e1nico de Manzanilla &#8211; Tadin Herb &amp; Tea Co.\",\"isPartOf\":{\"@id\":\"https:\\\/\\\/tadin.com\\\/es\\\/#website\"},\"primaryImageOfPage\":{\"@id\":\"https:\\\/\\\/tadin.com\\\/es\\\/producto\\\/camomila-organica\\\/#primaryimage\"},\"image\":{\"@id\":\"https:\\\/\\\/tadin.com\\\/es\\\/producto\\\/camomila-organica\\\/#primaryimage\"},\"thumbnailUrl\":\"https:\\\/\\\/tadin.com\\\/wp-content\\\/uploads\\\/2023\\\/08\\\/3D-TADIN-Organic-Bilingual-CHAMOMILE.jpg\",\"datePublished\":\"2021-04-30T13:52:29+00:00\",\"dateModified\":\"2025-10-07T18:25:04+00:00\",\"breadcrumb\":{\"@id\":\"https:\\\/\\\/tadin.com\\\/es\\\/producto\\\/camomila-organica\\\/#breadcrumb\"},\"inLanguage\":\"es\",\"potentialAction\":[{\"@type\":\"ReadAction\",\"target\":[\"https:\\\/\\\/tadin.com\\\/es\\\/producto\\\/camomila-organica\\\/\"]}]},{\"@type\":\"ImageObject\",\"inLanguage\":\"es\",\"@id\":\"https:\\\/\\\/tadin.com\\\/es\\\/producto\\\/camomila-organica\\\/#primaryimage\",\"url\":\"https:\\\/\\\/tadin.com\\\/wp-content\\\/uploads\\\/2023\\\/08\\\/3D-TADIN-Organic-Bilingual-CHAMOMILE.jpg\",\"contentUrl\":\"https:\\\/\\\/tadin.com\\\/wp-content\\\/uploads\\\/2023\\\/08\\\/3D-TADIN-Organic-Bilingual-CHAMOMILE.jpg\",\"width\":2400,\"height\":2400},{\"@type\":\"BreadcrumbList\",\"@id\":\"https:\\\/\\\/tadin.com\\\/es\\\/producto\\\/camomila-organica\\\/#breadcrumb\",\"itemListElement\":[{\"@type\":\"ListItem\",\"position\":1,\"name\":\"Home\",\"item\":\"https:\\\/\\\/tadin.com\\\/es\\\/\"},{\"@type\":\"ListItem\",\"position\":2,\"name\":\"Shop\",\"item\":\"https:\\\/\\\/tadin.com\\\/es\\\/shop\\\/\"},{\"@type\":\"ListItem\",\"position\":3,\"name\":\"T\u00e9 Org\u00e1nico de Manzanilla\"}]},{\"@type\":\"WebSite\",\"@id\":\"https:\\\/\\\/tadin.com\\\/es\\\/#website\",\"url\":\"https:\\\/\\\/tadin.com\\\/es\\\/\",\"name\":\"Tadin Herb &amp; Tea Co.\",\"description\":\"\",\"publisher\":{\"@id\":\"https:\\\/\\\/tadin.com\\\/es\\\/#organization\"},\"potentialAction\":[{\"@type\":\"SearchAction\",\"target\":{\"@type\":\"EntryPoint\",\"urlTemplate\":\"https:\\\/\\\/tadin.com\\\/es\\\/?s={search_term_string}\"},\"query-input\":{\"@type\":\"PropertyValueSpecification\",\"valueRequired\":true,\"valueName\":\"search_term_string\"}}],\"inLanguage\":\"es\"},{\"@type\":\"Organization\",\"@id\":\"https:\\\/\\\/tadin.com\\\/es\\\/#organization\",\"name\":\"Tadin Herb & Tea Co.\",\"url\":\"https:\\\/\\\/tadin.com\\\/es\\\/\",\"logo\":{\"@type\":\"ImageObject\",\"inLanguage\":\"es\",\"@id\":\"https:\\\/\\\/tadin.com\\\/es\\\/#\\\/schema\\\/logo\\\/image\\\/\",\"url\":\"https:\\\/\\\/tadin.com\\\/wp-content\\\/uploads\\\/2021\\\/04\\\/Website-logo2-Retina.png\",\"contentUrl\":\"https:\\\/\\\/tadin.com\\\/wp-content\\\/uploads\\\/2021\\\/04\\\/Website-logo2-Retina.png\",\"width\":270,\"height\":120,\"caption\":\"Tadin Herb & Tea Co.\"},\"image\":{\"@id\":\"https:\\\/\\\/tadin.com\\\/es\\\/#\\\/schema\\\/logo\\\/image\\\/\"}}]}<\/script>\n<!-- \/ Yoast SEO plugin. -->","yoast_head_json":{"title":"T\u00e9 Org\u00e1nico de Manzanilla &#8211; Tadin Herb &amp; Tea Co.","robots":{"index":"index","follow":"follow","max-snippet":"max-snippet:-1","max-image-preview":"max-image-preview:large","max-video-preview":"max-video-preview:-1"},"canonical":"https:\/\/tadin.com\/es\/producto\/camomila-organica\/","og_locale":"es_ES","og_type":"article","og_title":"T\u00e9 Org\u00e1nico de Manzanilla &#8211; Tadin Herb &amp; Tea Co.","og_description":"La manzanilla brinda una experiencia deliciosa y reconfortante, por lo cual este t\u00e9 es apreciado en todas las familias, generaci\u00f3n tras generaci\u00f3n. Este t\u00e9 org\u00e1nico de hierbas de Tadin contiene notas ligeramente amargas de manzanilla en combinaci\u00f3n con manzana dulce. (La caja contiene 20 bolsitas de t\u00e9)","og_url":"https:\/\/tadin.com\/es\/producto\/camomila-organica\/","og_site_name":"Tadin Herb &amp; Tea Co.","article_modified_time":"2025-10-07T18:25:04+00:00","og_image":[{"width":2400,"height":2400,"url":"https:\/\/tadin.com\/wp-content\/uploads\/2023\/08\/3D-TADIN-Organic-Bilingual-CHAMOMILE.jpg","type":"image\/jpeg"}],"twitter_card":"summary_large_image","twitter_misc":{"Tiempo de lectura":"1 minuto"},"schema":{"@context":"https:\/\/schema.org","@graph":[{"@type":"WebPage","@id":"https:\/\/tadin.com\/es\/producto\/camomila-organica\/","url":"https:\/\/tadin.com\/es\/producto\/camomila-organica\/","name":"T\u00e9 Org\u00e1nico de Manzanilla &#8211; Tadin Herb &amp; Tea Co.","isPartOf":{"@id":"https:\/\/tadin.com\/es\/#website"},"primaryImageOfPage":{"@id":"https:\/\/tadin.com\/es\/producto\/camomila-organica\/#primaryimage"},"image":{"@id":"https:\/\/tadin.com\/es\/producto\/camomila-organica\/#primaryimage"},"thumbnailUrl":"https:\/\/tadin.com\/wp-content\/uploads\/2023\/08\/3D-TADIN-Organic-Bilingual-CHAMOMILE.jpg","datePublished":"2021-04-30T13:52:29+00:00","dateModified":"2025-10-07T18:25:04+00:00","breadcrumb":{"@id":"https:\/\/tadin.com\/es\/producto\/camomila-organica\/#breadcrumb"},"inLanguage":"es","potentialAction":[{"@type":"ReadAction","target":["https:\/\/tadin.com\/es\/producto\/camomila-organica\/"]}]},{"@type":"ImageObject","inLanguage":"es","@id":"https:\/\/tadin.com\/es\/producto\/camomila-organica\/#primaryimage","url":"https:\/\/tadin.com\/wp-content\/uploads\/2023\/08\/3D-TADIN-Organic-Bilingual-CHAMOMILE.jpg","contentUrl":"https:\/\/tadin.com\/wp-content\/uploads\/2023\/08\/3D-TADIN-Organic-Bilingual-CHAMOMILE.jpg","width":2400,"height":2400},{"@type":"BreadcrumbList","@id":"https:\/\/tadin.com\/es\/producto\/camomila-organica\/#breadcrumb","itemListElement":[{"@type":"ListItem","position":1,"name":"Home","item":"https:\/\/tadin.com\/es\/"},{"@type":"ListItem","position":2,"name":"Shop","item":"https:\/\/tadin.com\/es\/shop\/"},{"@type":"ListItem","position":3,"name":"T\u00e9 Org\u00e1nico de Manzanilla"}]},{"@type":"WebSite","@id":"https:\/\/tadin.com\/es\/#website","url":"https:\/\/tadin.com\/es\/","name":"Tadin Herb &amp; Tea Co.","description":"","publisher":{"@id":"https:\/\/tadin.com\/es\/#organization"},"potentialAction":[{"@type":"SearchAction","target":{"@type":"EntryPoint","urlTemplate":"https:\/\/tadin.com\/es\/?s={search_term_string}"},"query-input":{"@type":"PropertyValueSpecification","valueRequired":true,"valueName":"search_term_string"}}],"inLanguage":"es"},{"@type":"Organization","@id":"https:\/\/tadin.com\/es\/#organization","name":"Tadin Herb & Tea Co.","url":"https:\/\/tadin.com\/es\/","logo":{"@type":"ImageObject","inLanguage":"es","@id":"https:\/\/tadin.com\/es\/#\/schema\/logo\/image\/","url":"https:\/\/tadin.com\/wp-content\/uploads\/2021\/04\/Website-logo2-Retina.png","contentUrl":"https:\/\/tadin.com\/wp-content\/uploads\/2021\/04\/Website-logo2-Retina.png","width":270,"height":120,"caption":"Tadin Herb & Tea Co."},"image":{"@id":"https:\/\/tadin.com\/es\/#\/schema\/logo\/image\/"}}]}},"_links":{"self":[{"href":"https:\/\/tadin.com\/es\/wp-json\/wp\/v2\/product\/56655","targetHints":{"allow":["GET"]}}],"collection":[{"href":"https:\/\/tadin.com\/es\/wp-json\/wp\/v2\/product"}],"about":[{"href":"https:\/\/tadin.com\/es\/wp-json\/wp\/v2\/types\/product"}],"replies":[{"embeddable":true,"href":"https:\/\/tadin.com\/es\/wp-json\/wp\/v2\/comments?post=56655"}],"wp:featuredmedia":[{"embeddable":true,"href":"https:\/\/tadin.com\/es\/wp-json\/wp\/v2\/media\/66044"}],"wp:attachment":[{"href":"https:\/\/tadin.com\/es\/wp-json\/wp\/v2\/media?parent=56655"}],"wp:term":[{"taxonomy":"product_brand","embeddable":true,"href":"https:\/\/tadin.com\/es\/wp-json\/wp\/v2\/product_brand?post=56655"},{"taxonomy":"product_cat","embeddable":true,"href":"https:\/\/tadin.com\/es\/wp-json\/wp\/v2\/product_cat?post=56655"},{"taxonomy":"product_tag","embeddable":true,"href":"https:\/\/tadin.com\/es\/wp-json\/wp\/v2\/product_tag?post=56655"}],"curies":[{"name":"wp","href":"https:\/\/api.w.org\/{rel}","templated":true}]}}