{"id":56651,"date":"2021-04-30T06:52:06","date_gmt":"2021-04-30T13:52:06","guid":{"rendered":"https:\/\/tadin.com\/product\/mezcla-de-te-de-guanabana\/"},"modified":"2025-10-07T11:24:35","modified_gmt":"2025-10-07T18:24:35","slug":"mezcla-de-te-de-guanabana","status":"publish","type":"product","link":"https:\/\/tadin.com\/es\/producto\/mezcla-de-te-de-guanabana\/","title":{"rendered":"T\u00e9 de Guan\u00e1bana"},"content":{"rendered":"<p><span style=\"font-weight: 400;\">Despu\u00e9s de un largo d\u00eda de trabajo, una taza de t\u00e9 de Guanabana te brindara con el confort que necesitas. Esta mezcla fue creada por expertos para ofrecer un t\u00e9 delicioso y relajante. Sus notas c\u00edtricas combinadas con manzana, clavo dulce y menta te sorprender\u00e1n con una taza de t\u00e9 llena de sabor.\u00a0<\/span><\/p>\n","protected":false},"excerpt":{"rendered":"<p><span style=\"font-weight: 400;\">Despu\u00e9s de un largo d\u00eda de trabajo, una taza de t\u00e9 de Guanabana te brindara con el confort que necesitas. Esta mezcla fue creada por expertos para ofrecer un t\u00e9 delicioso y relajante. Sus notas c\u00edtricas combinadas con manzana, clavo dulce y menta te sorprender\u00e1n con una taza de t\u00e9 llena de sabor. (Caja de 24 bolsitas de t\u00e9)<\/span><\/p>\n","protected":false},"featured_media":65419,"comment_status":"open","ping_status":"closed","template":"","meta":{"_acf_changed":false,"inline_featured_image":false},"product_brand":[],"product_cat":[312,317],"product_tag":[],"class_list":{"0":"post-56651","1":"product","2":"type-product","3":"status-publish","4":"has-post-thumbnail","6":"product_cat-te","7":"product_cat-te-tradicional","8":"pa_caffeine-content-sin-cafeina","9":"pa_size-24-quilates","10":"pa_tea-type-te-de-hierbas","11":"description-off","13":"first","14":"instock","15":"taxable","16":"shipping-taxable","17":"purchasable","18":"product-type-simple"},"acf":[],"yoast_head":"<!-- This site is optimized with the Yoast SEO plugin v27.0 - https:\/\/yoast.com\/product\/yoast-seo-wordpress\/ -->\n<title>T\u00e9 de Guan\u00e1bana &#8211; Tadin Herb &amp; Tea Co.<\/title>\n<meta name=\"robots\" content=\"index, follow, max-snippet:-1, max-image-preview:large, max-video-preview:-1\" \/>\n<link rel=\"canonical\" href=\"https:\/\/tadin.com\/es\/producto\/mezcla-de-te-de-guanabana\/\" \/>\n<meta property=\"og:locale\" content=\"es_ES\" \/>\n<meta property=\"og:type\" content=\"article\" \/>\n<meta property=\"og:title\" content=\"T\u00e9 de Guan\u00e1bana &#8211; Tadin Herb &amp; Tea Co.\" \/>\n<meta property=\"og:description\" content=\"Despu\u00e9s de un largo d\u00eda de trabajo, una taza de t\u00e9 de Guanabana te brindara con el confort que necesitas. Esta mezcla fue creada por expertos para ofrecer un t\u00e9 delicioso y relajante. Sus notas c\u00edtricas combinadas con manzana, clavo dulce y menta te sorprender\u00e1n con una taza de t\u00e9 llena de sabor. (Caja de 24 bolsitas de t\u00e9)\" \/>\n<meta property=\"og:url\" content=\"https:\/\/tadin.com\/es\/producto\/mezcla-de-te-de-guanabana\/\" \/>\n<meta property=\"og:site_name\" content=\"Tadin Herb &amp; Tea Co.\" \/>\n<meta property=\"article:modified_time\" content=\"2025-10-07T18:24:35+00:00\" \/>\n<meta property=\"og:image\" content=\"https:\/\/tadin.com\/wp-content\/uploads\/2023\/08\/Guanabana_3D_TB302-copy.jpg\" \/>\n\t<meta property=\"og:image:width\" content=\"1080\" \/>\n\t<meta property=\"og:image:height\" content=\"800\" \/>\n\t<meta property=\"og:image:type\" content=\"image\/jpeg\" \/>\n<meta name=\"twitter:card\" content=\"summary_large_image\" \/>\n<meta name=\"twitter:label1\" content=\"Tiempo de lectura\" \/>\n\t<meta name=\"twitter:data1\" content=\"1 minuto\" \/>\n<script type=\"application\/ld+json\" class=\"yoast-schema-graph\">{\"@context\":\"https:\/\/schema.org\",\"@graph\":[{\"@type\":\"WebPage\",\"@id\":\"https:\/\/tadin.com\/es\/producto\/mezcla-de-te-de-guanabana\/\",\"url\":\"https:\/\/tadin.com\/es\/producto\/mezcla-de-te-de-guanabana\/\",\"name\":\"T\u00e9 de Guan\u00e1bana &#8211; Tadin Herb &amp; Tea Co.\",\"isPartOf\":{\"@id\":\"https:\/\/tadin.com\/es\/#website\"},\"primaryImageOfPage\":{\"@id\":\"https:\/\/tadin.com\/es\/producto\/mezcla-de-te-de-guanabana\/#primaryimage\"},\"image\":{\"@id\":\"https:\/\/tadin.com\/es\/producto\/mezcla-de-te-de-guanabana\/#primaryimage\"},\"thumbnailUrl\":\"https:\/\/tadin.com\/wp-content\/uploads\/2023\/08\/Guanabana_3D_TB302-copy.jpg\",\"datePublished\":\"2021-04-30T13:52:06+00:00\",\"dateModified\":\"2025-10-07T18:24:35+00:00\",\"breadcrumb\":{\"@id\":\"https:\/\/tadin.com\/es\/producto\/mezcla-de-te-de-guanabana\/#breadcrumb\"},\"inLanguage\":\"es\",\"potentialAction\":[{\"@type\":\"ReadAction\",\"target\":[\"https:\/\/tadin.com\/es\/producto\/mezcla-de-te-de-guanabana\/\"]}]},{\"@type\":\"ImageObject\",\"inLanguage\":\"es\",\"@id\":\"https:\/\/tadin.com\/es\/producto\/mezcla-de-te-de-guanabana\/#primaryimage\",\"url\":\"https:\/\/tadin.com\/wp-content\/uploads\/2023\/08\/Guanabana_3D_TB302-copy.jpg\",\"contentUrl\":\"https:\/\/tadin.com\/wp-content\/uploads\/2023\/08\/Guanabana_3D_TB302-copy.jpg\",\"width\":1080,\"height\":800},{\"@type\":\"BreadcrumbList\",\"@id\":\"https:\/\/tadin.com\/es\/producto\/mezcla-de-te-de-guanabana\/#breadcrumb\",\"itemListElement\":[{\"@type\":\"ListItem\",\"position\":1,\"name\":\"Home\",\"item\":\"https:\/\/tadin.com\/es\/\"},{\"@type\":\"ListItem\",\"position\":2,\"name\":\"Shop\",\"item\":\"https:\/\/tadin.com\/es\/shop\/\"},{\"@type\":\"ListItem\",\"position\":3,\"name\":\"T\u00e9 de Guan\u00e1bana\"}]},{\"@type\":\"WebSite\",\"@id\":\"https:\/\/tadin.com\/es\/#website\",\"url\":\"https:\/\/tadin.com\/es\/\",\"name\":\"Tadin Herb &amp; Tea Co.\",\"description\":\"\",\"publisher\":{\"@id\":\"https:\/\/tadin.com\/es\/#organization\"},\"potentialAction\":[{\"@type\":\"SearchAction\",\"target\":{\"@type\":\"EntryPoint\",\"urlTemplate\":\"https:\/\/tadin.com\/es\/?s={search_term_string}\"},\"query-input\":{\"@type\":\"PropertyValueSpecification\",\"valueRequired\":true,\"valueName\":\"search_term_string\"}}],\"inLanguage\":\"es\"},{\"@type\":\"Organization\",\"@id\":\"https:\/\/tadin.com\/es\/#organization\",\"name\":\"Tadin Herb & Tea Co.\",\"url\":\"https:\/\/tadin.com\/es\/\",\"logo\":{\"@type\":\"ImageObject\",\"inLanguage\":\"es\",\"@id\":\"https:\/\/tadin.com\/es\/#\/schema\/logo\/image\/\",\"url\":\"https:\/\/tadin.com\/wp-content\/uploads\/2021\/04\/Website-logo2-Retina.png\",\"contentUrl\":\"https:\/\/tadin.com\/wp-content\/uploads\/2021\/04\/Website-logo2-Retina.png\",\"width\":270,\"height\":120,\"caption\":\"Tadin Herb & Tea Co.\"},\"image\":{\"@id\":\"https:\/\/tadin.com\/es\/#\/schema\/logo\/image\/\"}}]}<\/script>\n<!-- \/ Yoast SEO plugin. -->","yoast_head_json":{"title":"T\u00e9 de Guan\u00e1bana &#8211; Tadin Herb &amp; Tea Co.","robots":{"index":"index","follow":"follow","max-snippet":"max-snippet:-1","max-image-preview":"max-image-preview:large","max-video-preview":"max-video-preview:-1"},"canonical":"https:\/\/tadin.com\/es\/producto\/mezcla-de-te-de-guanabana\/","og_locale":"es_ES","og_type":"article","og_title":"T\u00e9 de Guan\u00e1bana &#8211; Tadin Herb &amp; Tea Co.","og_description":"Despu\u00e9s de un largo d\u00eda de trabajo, una taza de t\u00e9 de Guanabana te brindara con el confort que necesitas. Esta mezcla fue creada por expertos para ofrecer un t\u00e9 delicioso y relajante. Sus notas c\u00edtricas combinadas con manzana, clavo dulce y menta te sorprender\u00e1n con una taza de t\u00e9 llena de sabor. (Caja de 24 bolsitas de t\u00e9)","og_url":"https:\/\/tadin.com\/es\/producto\/mezcla-de-te-de-guanabana\/","og_site_name":"Tadin Herb &amp; Tea Co.","article_modified_time":"2025-10-07T18:24:35+00:00","og_image":[{"width":1080,"height":800,"url":"https:\/\/tadin.com\/wp-content\/uploads\/2023\/08\/Guanabana_3D_TB302-copy.jpg","type":"image\/jpeg"}],"twitter_card":"summary_large_image","twitter_misc":{"Tiempo de lectura":"1 minuto"},"schema":{"@context":"https:\/\/schema.org","@graph":[{"@type":"WebPage","@id":"https:\/\/tadin.com\/es\/producto\/mezcla-de-te-de-guanabana\/","url":"https:\/\/tadin.com\/es\/producto\/mezcla-de-te-de-guanabana\/","name":"T\u00e9 de Guan\u00e1bana &#8211; Tadin Herb &amp; Tea Co.","isPartOf":{"@id":"https:\/\/tadin.com\/es\/#website"},"primaryImageOfPage":{"@id":"https:\/\/tadin.com\/es\/producto\/mezcla-de-te-de-guanabana\/#primaryimage"},"image":{"@id":"https:\/\/tadin.com\/es\/producto\/mezcla-de-te-de-guanabana\/#primaryimage"},"thumbnailUrl":"https:\/\/tadin.com\/wp-content\/uploads\/2023\/08\/Guanabana_3D_TB302-copy.jpg","datePublished":"2021-04-30T13:52:06+00:00","dateModified":"2025-10-07T18:24:35+00:00","breadcrumb":{"@id":"https:\/\/tadin.com\/es\/producto\/mezcla-de-te-de-guanabana\/#breadcrumb"},"inLanguage":"es","potentialAction":[{"@type":"ReadAction","target":["https:\/\/tadin.com\/es\/producto\/mezcla-de-te-de-guanabana\/"]}]},{"@type":"ImageObject","inLanguage":"es","@id":"https:\/\/tadin.com\/es\/producto\/mezcla-de-te-de-guanabana\/#primaryimage","url":"https:\/\/tadin.com\/wp-content\/uploads\/2023\/08\/Guanabana_3D_TB302-copy.jpg","contentUrl":"https:\/\/tadin.com\/wp-content\/uploads\/2023\/08\/Guanabana_3D_TB302-copy.jpg","width":1080,"height":800},{"@type":"BreadcrumbList","@id":"https:\/\/tadin.com\/es\/producto\/mezcla-de-te-de-guanabana\/#breadcrumb","itemListElement":[{"@type":"ListItem","position":1,"name":"Home","item":"https:\/\/tadin.com\/es\/"},{"@type":"ListItem","position":2,"name":"Shop","item":"https:\/\/tadin.com\/es\/shop\/"},{"@type":"ListItem","position":3,"name":"T\u00e9 de Guan\u00e1bana"}]},{"@type":"WebSite","@id":"https:\/\/tadin.com\/es\/#website","url":"https:\/\/tadin.com\/es\/","name":"Tadin Herb &amp; Tea Co.","description":"","publisher":{"@id":"https:\/\/tadin.com\/es\/#organization"},"potentialAction":[{"@type":"SearchAction","target":{"@type":"EntryPoint","urlTemplate":"https:\/\/tadin.com\/es\/?s={search_term_string}"},"query-input":{"@type":"PropertyValueSpecification","valueRequired":true,"valueName":"search_term_string"}}],"inLanguage":"es"},{"@type":"Organization","@id":"https:\/\/tadin.com\/es\/#organization","name":"Tadin Herb & Tea Co.","url":"https:\/\/tadin.com\/es\/","logo":{"@type":"ImageObject","inLanguage":"es","@id":"https:\/\/tadin.com\/es\/#\/schema\/logo\/image\/","url":"https:\/\/tadin.com\/wp-content\/uploads\/2021\/04\/Website-logo2-Retina.png","contentUrl":"https:\/\/tadin.com\/wp-content\/uploads\/2021\/04\/Website-logo2-Retina.png","width":270,"height":120,"caption":"Tadin Herb & Tea Co."},"image":{"@id":"https:\/\/tadin.com\/es\/#\/schema\/logo\/image\/"}}]}},"_links":{"self":[{"href":"https:\/\/tadin.com\/es\/wp-json\/wp\/v2\/product\/56651","targetHints":{"allow":["GET"]}}],"collection":[{"href":"https:\/\/tadin.com\/es\/wp-json\/wp\/v2\/product"}],"about":[{"href":"https:\/\/tadin.com\/es\/wp-json\/wp\/v2\/types\/product"}],"replies":[{"embeddable":true,"href":"https:\/\/tadin.com\/es\/wp-json\/wp\/v2\/comments?post=56651"}],"wp:featuredmedia":[{"embeddable":true,"href":"https:\/\/tadin.com\/es\/wp-json\/wp\/v2\/media\/65419"}],"wp:attachment":[{"href":"https:\/\/tadin.com\/es\/wp-json\/wp\/v2\/media?parent=56651"}],"wp:term":[{"taxonomy":"product_brand","embeddable":true,"href":"https:\/\/tadin.com\/es\/wp-json\/wp\/v2\/product_brand?post=56651"},{"taxonomy":"product_cat","embeddable":true,"href":"https:\/\/tadin.com\/es\/wp-json\/wp\/v2\/product_cat?post=56651"},{"taxonomy":"product_tag","embeddable":true,"href":"https:\/\/tadin.com\/es\/wp-json\/wp\/v2\/product_tag?post=56651"}],"curies":[{"name":"wp","href":"https:\/\/api.w.org\/{rel}","templated":true}]}}