{"id":56626,"date":"2021-04-30T06:55:35","date_gmt":"2021-04-30T13:55:35","guid":{"rendered":"https:\/\/tadin.com\/product\/hojas-de-laurel\/"},"modified":"2025-08-25T15:05:06","modified_gmt":"2025-08-25T22:05:06","slug":"hojas-de-laurel","status":"publish","type":"product","link":"https:\/\/tadin.com\/es\/producto\/hojas-de-laurel\/","title":{"rendered":"Hojas de Laurel"},"content":{"rendered":"<p>Las hojas de laurel de Tadin son ricas tanto en sabor como en aroma. Al probarlas, te embarcaras en un viaje sensorial como ning\u00fan otro. Es simple. Elige tu receta favorita y permite que tus <strong>Hojas de Laurel<\/strong> <strong>TADIN <\/strong>le den a tu comida un sabor incre\u00edble. \u00a1Saciar\u00e1s tu antojo de un plato exquisito al instante!<\/p>\n<p>&nbsp;<\/p>\n<p>*La imagen mostrada es \u00fanicamente ilustrativa. El tama\u00f1o, dise\u00f1o y empaque reales pueden variar.<\/p>\n","protected":false},"excerpt":{"rendered":"<p>Las hojas de laurel de Tadin son ricas tanto en sabor como en aroma. Al probarlas, te embarcaras en un viaje sensorial como ning\u00fan otro. Es simple. Elige tu receta favorita y permite que tus <strong>Hojas de Laurel<\/strong> <strong>TADIN <\/strong>le den a tu comida un sabor incre\u00edble. \u00a1Saciar\u00e1s tu antojo de un plato exquisito al instante!<\/p>\n","protected":false},"featured_media":79611,"comment_status":"open","ping_status":"closed","template":"","meta":{"_acf_changed":false,"inline_featured_image":false},"product_brand":[],"product_cat":[313,314],"product_tag":[],"class_list":{"0":"post-56626","1":"product","2":"type-product","3":"status-publish","4":"has-post-thumbnail","6":"product_cat-hierbas-y-especias-tradicional","7":"product_cat-hierbas-especias","8":"description-off","10":"first","11":"instock","12":"taxable","13":"shipping-taxable","14":"purchasable","15":"product-type-simple"},"acf":[],"yoast_head":"<!-- This site is optimized with the Yoast SEO plugin v27.4 - https:\/\/yoast.com\/product\/yoast-seo-wordpress\/ -->\n<title>Hojas de Laurel &#8211; Tadin Herb &amp; Tea Co.<\/title>\n<meta name=\"robots\" content=\"index, follow, max-snippet:-1, max-image-preview:large, max-video-preview:-1\" \/>\n<link rel=\"canonical\" href=\"https:\/\/tadin.com\/es\/producto\/hojas-de-laurel\/\" \/>\n<meta property=\"og:locale\" content=\"es_ES\" \/>\n<meta property=\"og:type\" content=\"article\" \/>\n<meta property=\"og:title\" content=\"Hojas de Laurel &#8211; Tadin Herb &amp; Tea Co.\" \/>\n<meta property=\"og:description\" content=\"Las hojas de laurel de Tadin son ricas tanto en sabor como en aroma. Al probarlas, te embarcaras en un viaje sensorial como ning\u00fan otro. Es simple. Elige tu receta favorita y permite que tus Hojas de Laurel TADIN le den a tu comida un sabor incre\u00edble. \u00a1Saciar\u00e1s tu antojo de un plato exquisito al instante!\" \/>\n<meta property=\"og:url\" content=\"https:\/\/tadin.com\/es\/producto\/hojas-de-laurel\/\" \/>\n<meta property=\"og:site_name\" content=\"Tadin Herb &amp; Tea Co.\" \/>\n<meta property=\"article:modified_time\" content=\"2025-08-25T22:05:06+00:00\" \/>\n<meta property=\"og:image\" content=\"https:\/\/tadin.com\/wp-content\/uploads\/2021\/04\/Laurel.jpg\" \/>\n\t<meta property=\"og:image:width\" content=\"1022\" \/>\n\t<meta property=\"og:image:height\" content=\"1033\" \/>\n\t<meta property=\"og:image:type\" content=\"image\/jpeg\" \/>\n<meta name=\"twitter:card\" content=\"summary_large_image\" \/>\n<meta name=\"twitter:label1\" content=\"Tiempo de lectura\" \/>\n\t<meta name=\"twitter:data1\" content=\"1 minuto\" \/>\n<script type=\"application\/ld+json\" class=\"yoast-schema-graph\">{\"@context\":\"https:\\\/\\\/schema.org\",\"@graph\":[{\"@type\":\"WebPage\",\"@id\":\"https:\\\/\\\/tadin.com\\\/es\\\/producto\\\/hojas-de-laurel\\\/\",\"url\":\"https:\\\/\\\/tadin.com\\\/es\\\/producto\\\/hojas-de-laurel\\\/\",\"name\":\"Hojas de Laurel &#8211; Tadin Herb &amp; Tea Co.\",\"isPartOf\":{\"@id\":\"https:\\\/\\\/tadin.com\\\/es\\\/#website\"},\"primaryImageOfPage\":{\"@id\":\"https:\\\/\\\/tadin.com\\\/es\\\/producto\\\/hojas-de-laurel\\\/#primaryimage\"},\"image\":{\"@id\":\"https:\\\/\\\/tadin.com\\\/es\\\/producto\\\/hojas-de-laurel\\\/#primaryimage\"},\"thumbnailUrl\":\"https:\\\/\\\/tadin.com\\\/wp-content\\\/uploads\\\/2021\\\/04\\\/Laurel.jpg\",\"datePublished\":\"2021-04-30T13:55:35+00:00\",\"dateModified\":\"2025-08-25T22:05:06+00:00\",\"breadcrumb\":{\"@id\":\"https:\\\/\\\/tadin.com\\\/es\\\/producto\\\/hojas-de-laurel\\\/#breadcrumb\"},\"inLanguage\":\"es\",\"potentialAction\":[{\"@type\":\"ReadAction\",\"target\":[\"https:\\\/\\\/tadin.com\\\/es\\\/producto\\\/hojas-de-laurel\\\/\"]}]},{\"@type\":\"ImageObject\",\"inLanguage\":\"es\",\"@id\":\"https:\\\/\\\/tadin.com\\\/es\\\/producto\\\/hojas-de-laurel\\\/#primaryimage\",\"url\":\"https:\\\/\\\/tadin.com\\\/wp-content\\\/uploads\\\/2021\\\/04\\\/Laurel.jpg\",\"contentUrl\":\"https:\\\/\\\/tadin.com\\\/wp-content\\\/uploads\\\/2021\\\/04\\\/Laurel.jpg\",\"width\":1022,\"height\":1033},{\"@type\":\"BreadcrumbList\",\"@id\":\"https:\\\/\\\/tadin.com\\\/es\\\/producto\\\/hojas-de-laurel\\\/#breadcrumb\",\"itemListElement\":[{\"@type\":\"ListItem\",\"position\":1,\"name\":\"Home\",\"item\":\"https:\\\/\\\/tadin.com\\\/es\\\/\"},{\"@type\":\"ListItem\",\"position\":2,\"name\":\"Shop\",\"item\":\"https:\\\/\\\/tadin.com\\\/es\\\/shop\\\/\"},{\"@type\":\"ListItem\",\"position\":3,\"name\":\"Hojas de Laurel\"}]},{\"@type\":\"WebSite\",\"@id\":\"https:\\\/\\\/tadin.com\\\/es\\\/#website\",\"url\":\"https:\\\/\\\/tadin.com\\\/es\\\/\",\"name\":\"Tadin Herb &amp; Tea Co.\",\"description\":\"\",\"publisher\":{\"@id\":\"https:\\\/\\\/tadin.com\\\/es\\\/#organization\"},\"potentialAction\":[{\"@type\":\"SearchAction\",\"target\":{\"@type\":\"EntryPoint\",\"urlTemplate\":\"https:\\\/\\\/tadin.com\\\/es\\\/?s={search_term_string}\"},\"query-input\":{\"@type\":\"PropertyValueSpecification\",\"valueRequired\":true,\"valueName\":\"search_term_string\"}}],\"inLanguage\":\"es\"},{\"@type\":\"Organization\",\"@id\":\"https:\\\/\\\/tadin.com\\\/es\\\/#organization\",\"name\":\"Tadin Herb & Tea Co.\",\"url\":\"https:\\\/\\\/tadin.com\\\/es\\\/\",\"logo\":{\"@type\":\"ImageObject\",\"inLanguage\":\"es\",\"@id\":\"https:\\\/\\\/tadin.com\\\/es\\\/#\\\/schema\\\/logo\\\/image\\\/\",\"url\":\"https:\\\/\\\/tadin.com\\\/wp-content\\\/uploads\\\/2021\\\/04\\\/Website-logo2-Retina.png\",\"contentUrl\":\"https:\\\/\\\/tadin.com\\\/wp-content\\\/uploads\\\/2021\\\/04\\\/Website-logo2-Retina.png\",\"width\":270,\"height\":120,\"caption\":\"Tadin Herb & Tea Co.\"},\"image\":{\"@id\":\"https:\\\/\\\/tadin.com\\\/es\\\/#\\\/schema\\\/logo\\\/image\\\/\"}}]}<\/script>\n<!-- \/ Yoast SEO plugin. -->","yoast_head_json":{"title":"Hojas de Laurel &#8211; Tadin Herb &amp; Tea Co.","robots":{"index":"index","follow":"follow","max-snippet":"max-snippet:-1","max-image-preview":"max-image-preview:large","max-video-preview":"max-video-preview:-1"},"canonical":"https:\/\/tadin.com\/es\/producto\/hojas-de-laurel\/","og_locale":"es_ES","og_type":"article","og_title":"Hojas de Laurel &#8211; Tadin Herb &amp; Tea Co.","og_description":"Las hojas de laurel de Tadin son ricas tanto en sabor como en aroma. Al probarlas, te embarcaras en un viaje sensorial como ning\u00fan otro. Es simple. Elige tu receta favorita y permite que tus Hojas de Laurel TADIN le den a tu comida un sabor incre\u00edble. \u00a1Saciar\u00e1s tu antojo de un plato exquisito al instante!","og_url":"https:\/\/tadin.com\/es\/producto\/hojas-de-laurel\/","og_site_name":"Tadin Herb &amp; Tea Co.","article_modified_time":"2025-08-25T22:05:06+00:00","og_image":[{"width":1022,"height":1033,"url":"https:\/\/tadin.com\/wp-content\/uploads\/2021\/04\/Laurel.jpg","type":"image\/jpeg"}],"twitter_card":"summary_large_image","twitter_misc":{"Tiempo de lectura":"1 minuto"},"schema":{"@context":"https:\/\/schema.org","@graph":[{"@type":"WebPage","@id":"https:\/\/tadin.com\/es\/producto\/hojas-de-laurel\/","url":"https:\/\/tadin.com\/es\/producto\/hojas-de-laurel\/","name":"Hojas de Laurel &#8211; Tadin Herb &amp; Tea Co.","isPartOf":{"@id":"https:\/\/tadin.com\/es\/#website"},"primaryImageOfPage":{"@id":"https:\/\/tadin.com\/es\/producto\/hojas-de-laurel\/#primaryimage"},"image":{"@id":"https:\/\/tadin.com\/es\/producto\/hojas-de-laurel\/#primaryimage"},"thumbnailUrl":"https:\/\/tadin.com\/wp-content\/uploads\/2021\/04\/Laurel.jpg","datePublished":"2021-04-30T13:55:35+00:00","dateModified":"2025-08-25T22:05:06+00:00","breadcrumb":{"@id":"https:\/\/tadin.com\/es\/producto\/hojas-de-laurel\/#breadcrumb"},"inLanguage":"es","potentialAction":[{"@type":"ReadAction","target":["https:\/\/tadin.com\/es\/producto\/hojas-de-laurel\/"]}]},{"@type":"ImageObject","inLanguage":"es","@id":"https:\/\/tadin.com\/es\/producto\/hojas-de-laurel\/#primaryimage","url":"https:\/\/tadin.com\/wp-content\/uploads\/2021\/04\/Laurel.jpg","contentUrl":"https:\/\/tadin.com\/wp-content\/uploads\/2021\/04\/Laurel.jpg","width":1022,"height":1033},{"@type":"BreadcrumbList","@id":"https:\/\/tadin.com\/es\/producto\/hojas-de-laurel\/#breadcrumb","itemListElement":[{"@type":"ListItem","position":1,"name":"Home","item":"https:\/\/tadin.com\/es\/"},{"@type":"ListItem","position":2,"name":"Shop","item":"https:\/\/tadin.com\/es\/shop\/"},{"@type":"ListItem","position":3,"name":"Hojas de Laurel"}]},{"@type":"WebSite","@id":"https:\/\/tadin.com\/es\/#website","url":"https:\/\/tadin.com\/es\/","name":"Tadin Herb &amp; Tea Co.","description":"","publisher":{"@id":"https:\/\/tadin.com\/es\/#organization"},"potentialAction":[{"@type":"SearchAction","target":{"@type":"EntryPoint","urlTemplate":"https:\/\/tadin.com\/es\/?s={search_term_string}"},"query-input":{"@type":"PropertyValueSpecification","valueRequired":true,"valueName":"search_term_string"}}],"inLanguage":"es"},{"@type":"Organization","@id":"https:\/\/tadin.com\/es\/#organization","name":"Tadin Herb & Tea Co.","url":"https:\/\/tadin.com\/es\/","logo":{"@type":"ImageObject","inLanguage":"es","@id":"https:\/\/tadin.com\/es\/#\/schema\/logo\/image\/","url":"https:\/\/tadin.com\/wp-content\/uploads\/2021\/04\/Website-logo2-Retina.png","contentUrl":"https:\/\/tadin.com\/wp-content\/uploads\/2021\/04\/Website-logo2-Retina.png","width":270,"height":120,"caption":"Tadin Herb & Tea Co."},"image":{"@id":"https:\/\/tadin.com\/es\/#\/schema\/logo\/image\/"}}]}},"_links":{"self":[{"href":"https:\/\/tadin.com\/es\/wp-json\/wp\/v2\/product\/56626","targetHints":{"allow":["GET"]}}],"collection":[{"href":"https:\/\/tadin.com\/es\/wp-json\/wp\/v2\/product"}],"about":[{"href":"https:\/\/tadin.com\/es\/wp-json\/wp\/v2\/types\/product"}],"replies":[{"embeddable":true,"href":"https:\/\/tadin.com\/es\/wp-json\/wp\/v2\/comments?post=56626"}],"wp:featuredmedia":[{"embeddable":true,"href":"https:\/\/tadin.com\/es\/wp-json\/wp\/v2\/media\/79611"}],"wp:attachment":[{"href":"https:\/\/tadin.com\/es\/wp-json\/wp\/v2\/media?parent=56626"}],"wp:term":[{"taxonomy":"product_brand","embeddable":true,"href":"https:\/\/tadin.com\/es\/wp-json\/wp\/v2\/product_brand?post=56626"},{"taxonomy":"product_cat","embeddable":true,"href":"https:\/\/tadin.com\/es\/wp-json\/wp\/v2\/product_cat?post=56626"},{"taxonomy":"product_tag","embeddable":true,"href":"https:\/\/tadin.com\/es\/wp-json\/wp\/v2\/product_tag?post=56626"}],"curies":[{"name":"wp","href":"https:\/\/api.w.org\/{rel}","templated":true}]}}