{"id":56585,"date":"2021-04-30T06:57:41","date_gmt":"2021-04-30T13:57:41","guid":{"rendered":"https:\/\/tadin.com\/product\/rinosan\/"},"modified":"2025-07-16T15:13:48","modified_gmt":"2025-07-16T22:13:48","slug":"rinosan-2","status":"publish","type":"product","link":"https:\/\/tadin.com\/es\/producto\/rinosan-2\/","title":{"rendered":"Ri\u00f1osan\u00ae"},"content":{"rendered":"<p><strong><span style=\"font-weight: 400;\">Activa tu br\u00fajula interna con el t\u00e9 TADIN Ri\u00f1os\u00e1n. Un paquete din\u00e1mico de ingredientes como shavegrass, uva-ursi, corteza de cuachalalate y seda de ma\u00edz los cuales hacen que este t\u00e9 venga al rescate cuando no te sientes como tu mejor yo. Restaura tu alegr\u00eda y perseverancia con esta deliciosa taza de t\u00e9 TADIN Ri\u00f1os\u00e1n.<\/span><\/strong><\/p>\n<p><em><strong>Instrucciones de preparaci\u00f3n: <span style=\"font-weight: 400;\">Agregue una bolsita de t\u00e9 por cada taza de agua reci\u00e9n hervida. D\u00e9jalo sumergido entre 3 y 5 minutos para liberar el sabor. Agrega lim\u00f3n o miel a tu gusto. \u00a1Tambi\u00e9n es perfecto para hacer un t\u00e9 fr\u00edo delicioso!<\/span><\/strong><\/em><\/p>\n","protected":false},"excerpt":{"rendered":"<p><span style=\"font-weight: 400;\">Activa tu br\u00fajula interna con el t\u00e9 TADIN Ri\u00f1os\u00e1n. Un paquete din\u00e1mico de ingredientes como shavegrass, uva-ursi, corteza de cuachalalate y seda de ma\u00edz los cuales hacen que este t\u00e9 venga al rescate cuando no te sientes como tu mejor yo. Restaura tu alegr\u00eda y perseverancia con esta deliciosa taza de t\u00e9 TADIN Ri\u00f1os\u00e1n.<\/span><\/p>\n","protected":false},"featured_media":65446,"comment_status":"open","ping_status":"closed","template":"","meta":{"_acf_changed":false,"inline_featured_image":false},"product_brand":[],"product_cat":[312,317],"product_tag":[],"class_list":{"0":"post-56585","1":"product","2":"type-product","3":"status-publish","4":"has-post-thumbnail","6":"product_cat-te","7":"product_cat-te-tradicional","8":"pa_caffeine-content-sin-cafeina","9":"pa_size-24-quilates","10":"pa_tea-type-te-de-hierbas","11":"description-off","13":"first","14":"instock","15":"taxable","16":"shipping-taxable","17":"purchasable","18":"product-type-simple"},"acf":[],"yoast_head":"<!-- This site is optimized with the Yoast SEO plugin v27.0 - https:\/\/yoast.com\/product\/yoast-seo-wordpress\/ -->\n<title>Ri\u00f1osan\u00ae &#8211; Tadin Herb &amp; Tea Co.<\/title>\n<meta name=\"robots\" content=\"index, follow, max-snippet:-1, max-image-preview:large, max-video-preview:-1\" \/>\n<link rel=\"canonical\" href=\"https:\/\/tadin.com\/es\/producto\/rinosan-2\/\" \/>\n<meta property=\"og:locale\" content=\"es_ES\" \/>\n<meta property=\"og:type\" content=\"article\" \/>\n<meta property=\"og:title\" content=\"Ri\u00f1osan\u00ae &#8211; Tadin Herb &amp; Tea Co.\" \/>\n<meta property=\"og:description\" content=\"Activa tu br\u00fajula interna con el t\u00e9 TADIN Ri\u00f1os\u00e1n. Un paquete din\u00e1mico de ingredientes como shavegrass, uva-ursi, corteza de cuachalalate y seda de ma\u00edz los cuales hacen que este t\u00e9 venga al rescate cuando no te sientes como tu mejor yo. Restaura tu alegr\u00eda y perseverancia con esta deliciosa taza de t\u00e9 TADIN Ri\u00f1os\u00e1n.\" \/>\n<meta property=\"og:url\" content=\"https:\/\/tadin.com\/es\/producto\/rinosan-2\/\" \/>\n<meta property=\"og:site_name\" content=\"Tadin Herb &amp; Tea Co.\" \/>\n<meta property=\"article:modified_time\" content=\"2025-07-16T22:13:48+00:00\" \/>\n<meta property=\"og:image\" content=\"https:\/\/tadin.com\/wp-content\/uploads\/2023\/08\/3D-TADIN-Conventional-hz-box-RINOSAN.jpg\" \/>\n\t<meta property=\"og:image:width\" content=\"2550\" \/>\n\t<meta property=\"og:image:height\" content=\"1725\" \/>\n\t<meta property=\"og:image:type\" content=\"image\/jpeg\" \/>\n<meta name=\"twitter:card\" content=\"summary_large_image\" \/>\n<meta name=\"twitter:label1\" content=\"Tiempo de lectura\" \/>\n\t<meta name=\"twitter:data1\" content=\"1 minuto\" \/>\n<script type=\"application\/ld+json\" class=\"yoast-schema-graph\">{\"@context\":\"https:\/\/schema.org\",\"@graph\":[{\"@type\":\"WebPage\",\"@id\":\"https:\/\/tadin.com\/es\/producto\/rinosan-2\/\",\"url\":\"https:\/\/tadin.com\/es\/producto\/rinosan-2\/\",\"name\":\"Ri\u00f1osan\u00ae &#8211; Tadin Herb &amp; Tea Co.\",\"isPartOf\":{\"@id\":\"https:\/\/tadin.com\/es\/#website\"},\"primaryImageOfPage\":{\"@id\":\"https:\/\/tadin.com\/es\/producto\/rinosan-2\/#primaryimage\"},\"image\":{\"@id\":\"https:\/\/tadin.com\/es\/producto\/rinosan-2\/#primaryimage\"},\"thumbnailUrl\":\"https:\/\/tadin.com\/wp-content\/uploads\/2023\/08\/3D-TADIN-Conventional-hz-box-RINOSAN.jpg\",\"datePublished\":\"2021-04-30T13:57:41+00:00\",\"dateModified\":\"2025-07-16T22:13:48+00:00\",\"breadcrumb\":{\"@id\":\"https:\/\/tadin.com\/es\/producto\/rinosan-2\/#breadcrumb\"},\"inLanguage\":\"es\",\"potentialAction\":[{\"@type\":\"ReadAction\",\"target\":[\"https:\/\/tadin.com\/es\/producto\/rinosan-2\/\"]}]},{\"@type\":\"ImageObject\",\"inLanguage\":\"es\",\"@id\":\"https:\/\/tadin.com\/es\/producto\/rinosan-2\/#primaryimage\",\"url\":\"https:\/\/tadin.com\/wp-content\/uploads\/2023\/08\/3D-TADIN-Conventional-hz-box-RINOSAN.jpg\",\"contentUrl\":\"https:\/\/tadin.com\/wp-content\/uploads\/2023\/08\/3D-TADIN-Conventional-hz-box-RINOSAN.jpg\",\"width\":2550,\"height\":1725},{\"@type\":\"BreadcrumbList\",\"@id\":\"https:\/\/tadin.com\/es\/producto\/rinosan-2\/#breadcrumb\",\"itemListElement\":[{\"@type\":\"ListItem\",\"position\":1,\"name\":\"Home\",\"item\":\"https:\/\/tadin.com\/es\/\"},{\"@type\":\"ListItem\",\"position\":2,\"name\":\"Shop\",\"item\":\"https:\/\/tadin.com\/es\/shop\/\"},{\"@type\":\"ListItem\",\"position\":3,\"name\":\"Ri\u00f1osan\u00ae\"}]},{\"@type\":\"WebSite\",\"@id\":\"https:\/\/tadin.com\/es\/#website\",\"url\":\"https:\/\/tadin.com\/es\/\",\"name\":\"Tadin Herb &amp; Tea Co.\",\"description\":\"\",\"publisher\":{\"@id\":\"https:\/\/tadin.com\/es\/#organization\"},\"potentialAction\":[{\"@type\":\"SearchAction\",\"target\":{\"@type\":\"EntryPoint\",\"urlTemplate\":\"https:\/\/tadin.com\/es\/?s={search_term_string}\"},\"query-input\":{\"@type\":\"PropertyValueSpecification\",\"valueRequired\":true,\"valueName\":\"search_term_string\"}}],\"inLanguage\":\"es\"},{\"@type\":\"Organization\",\"@id\":\"https:\/\/tadin.com\/es\/#organization\",\"name\":\"Tadin Herb & Tea Co.\",\"url\":\"https:\/\/tadin.com\/es\/\",\"logo\":{\"@type\":\"ImageObject\",\"inLanguage\":\"es\",\"@id\":\"https:\/\/tadin.com\/es\/#\/schema\/logo\/image\/\",\"url\":\"https:\/\/tadin.com\/wp-content\/uploads\/2021\/04\/Website-logo2-Retina.png\",\"contentUrl\":\"https:\/\/tadin.com\/wp-content\/uploads\/2021\/04\/Website-logo2-Retina.png\",\"width\":270,\"height\":120,\"caption\":\"Tadin Herb & Tea Co.\"},\"image\":{\"@id\":\"https:\/\/tadin.com\/es\/#\/schema\/logo\/image\/\"}}]}<\/script>\n<!-- \/ Yoast SEO plugin. -->","yoast_head_json":{"title":"Ri\u00f1osan\u00ae &#8211; Tadin Herb &amp; Tea Co.","robots":{"index":"index","follow":"follow","max-snippet":"max-snippet:-1","max-image-preview":"max-image-preview:large","max-video-preview":"max-video-preview:-1"},"canonical":"https:\/\/tadin.com\/es\/producto\/rinosan-2\/","og_locale":"es_ES","og_type":"article","og_title":"Ri\u00f1osan\u00ae &#8211; Tadin Herb &amp; Tea Co.","og_description":"Activa tu br\u00fajula interna con el t\u00e9 TADIN Ri\u00f1os\u00e1n. Un paquete din\u00e1mico de ingredientes como shavegrass, uva-ursi, corteza de cuachalalate y seda de ma\u00edz los cuales hacen que este t\u00e9 venga al rescate cuando no te sientes como tu mejor yo. Restaura tu alegr\u00eda y perseverancia con esta deliciosa taza de t\u00e9 TADIN Ri\u00f1os\u00e1n.","og_url":"https:\/\/tadin.com\/es\/producto\/rinosan-2\/","og_site_name":"Tadin Herb &amp; Tea Co.","article_modified_time":"2025-07-16T22:13:48+00:00","og_image":[{"width":2550,"height":1725,"url":"https:\/\/tadin.com\/wp-content\/uploads\/2023\/08\/3D-TADIN-Conventional-hz-box-RINOSAN.jpg","type":"image\/jpeg"}],"twitter_card":"summary_large_image","twitter_misc":{"Tiempo de lectura":"1 minuto"},"schema":{"@context":"https:\/\/schema.org","@graph":[{"@type":"WebPage","@id":"https:\/\/tadin.com\/es\/producto\/rinosan-2\/","url":"https:\/\/tadin.com\/es\/producto\/rinosan-2\/","name":"Ri\u00f1osan\u00ae &#8211; Tadin Herb &amp; Tea Co.","isPartOf":{"@id":"https:\/\/tadin.com\/es\/#website"},"primaryImageOfPage":{"@id":"https:\/\/tadin.com\/es\/producto\/rinosan-2\/#primaryimage"},"image":{"@id":"https:\/\/tadin.com\/es\/producto\/rinosan-2\/#primaryimage"},"thumbnailUrl":"https:\/\/tadin.com\/wp-content\/uploads\/2023\/08\/3D-TADIN-Conventional-hz-box-RINOSAN.jpg","datePublished":"2021-04-30T13:57:41+00:00","dateModified":"2025-07-16T22:13:48+00:00","breadcrumb":{"@id":"https:\/\/tadin.com\/es\/producto\/rinosan-2\/#breadcrumb"},"inLanguage":"es","potentialAction":[{"@type":"ReadAction","target":["https:\/\/tadin.com\/es\/producto\/rinosan-2\/"]}]},{"@type":"ImageObject","inLanguage":"es","@id":"https:\/\/tadin.com\/es\/producto\/rinosan-2\/#primaryimage","url":"https:\/\/tadin.com\/wp-content\/uploads\/2023\/08\/3D-TADIN-Conventional-hz-box-RINOSAN.jpg","contentUrl":"https:\/\/tadin.com\/wp-content\/uploads\/2023\/08\/3D-TADIN-Conventional-hz-box-RINOSAN.jpg","width":2550,"height":1725},{"@type":"BreadcrumbList","@id":"https:\/\/tadin.com\/es\/producto\/rinosan-2\/#breadcrumb","itemListElement":[{"@type":"ListItem","position":1,"name":"Home","item":"https:\/\/tadin.com\/es\/"},{"@type":"ListItem","position":2,"name":"Shop","item":"https:\/\/tadin.com\/es\/shop\/"},{"@type":"ListItem","position":3,"name":"Ri\u00f1osan\u00ae"}]},{"@type":"WebSite","@id":"https:\/\/tadin.com\/es\/#website","url":"https:\/\/tadin.com\/es\/","name":"Tadin Herb &amp; Tea Co.","description":"","publisher":{"@id":"https:\/\/tadin.com\/es\/#organization"},"potentialAction":[{"@type":"SearchAction","target":{"@type":"EntryPoint","urlTemplate":"https:\/\/tadin.com\/es\/?s={search_term_string}"},"query-input":{"@type":"PropertyValueSpecification","valueRequired":true,"valueName":"search_term_string"}}],"inLanguage":"es"},{"@type":"Organization","@id":"https:\/\/tadin.com\/es\/#organization","name":"Tadin Herb & Tea Co.","url":"https:\/\/tadin.com\/es\/","logo":{"@type":"ImageObject","inLanguage":"es","@id":"https:\/\/tadin.com\/es\/#\/schema\/logo\/image\/","url":"https:\/\/tadin.com\/wp-content\/uploads\/2021\/04\/Website-logo2-Retina.png","contentUrl":"https:\/\/tadin.com\/wp-content\/uploads\/2021\/04\/Website-logo2-Retina.png","width":270,"height":120,"caption":"Tadin Herb & Tea Co."},"image":{"@id":"https:\/\/tadin.com\/es\/#\/schema\/logo\/image\/"}}]}},"_links":{"self":[{"href":"https:\/\/tadin.com\/es\/wp-json\/wp\/v2\/product\/56585","targetHints":{"allow":["GET"]}}],"collection":[{"href":"https:\/\/tadin.com\/es\/wp-json\/wp\/v2\/product"}],"about":[{"href":"https:\/\/tadin.com\/es\/wp-json\/wp\/v2\/types\/product"}],"replies":[{"embeddable":true,"href":"https:\/\/tadin.com\/es\/wp-json\/wp\/v2\/comments?post=56585"}],"wp:featuredmedia":[{"embeddable":true,"href":"https:\/\/tadin.com\/es\/wp-json\/wp\/v2\/media\/65446"}],"wp:attachment":[{"href":"https:\/\/tadin.com\/es\/wp-json\/wp\/v2\/media?parent=56585"}],"wp:term":[{"taxonomy":"product_brand","embeddable":true,"href":"https:\/\/tadin.com\/es\/wp-json\/wp\/v2\/product_brand?post=56585"},{"taxonomy":"product_cat","embeddable":true,"href":"https:\/\/tadin.com\/es\/wp-json\/wp\/v2\/product_cat?post=56585"},{"taxonomy":"product_tag","embeddable":true,"href":"https:\/\/tadin.com\/es\/wp-json\/wp\/v2\/product_tag?post=56585"}],"curies":[{"name":"wp","href":"https:\/\/api.w.org\/{rel}","templated":true}]}}